{"id":1354,"date":"2019-12-08T15:17:34","date_gmt":"2019-12-08T15:17:34","guid":{"rendered":"http:\/\/ronaldruseler.nl\/dir\/?page_id=1354"},"modified":"2024-12-13T11:37:26","modified_gmt":"2024-12-13T11:37:26","slug":"mongolie","status":"publish","type":"page","link":"http:\/\/ronaldruseler.nl\/dir\/mongolie\/","title":{"rendered":"Mongoli\u00eb &#8211; \u041c\u043e\u043d\u0433\u043e\u043b &#8211; 2019"},"content":{"rendered":"\n<figure class=\"wp-block-image size-large\"><img loading=\"lazy\" decoding=\"async\" width=\"567\" height=\"425\" src=\"http:\/\/ronaldruseler.nl\/dir\/wp-content\/uploads\/2019\/12\/RR-met-geit.jpg\" alt=\"\" class=\"wp-image-1338\" srcset=\"http:\/\/ronaldruseler.nl\/dir\/wp-content\/uploads\/2019\/12\/RR-met-geit.jpg 567w, http:\/\/ronaldruseler.nl\/dir\/wp-content\/uploads\/2019\/12\/RR-met-geit-300x225.jpg 300w\" sizes=\"auto, (max-width: 567px) 100vw, 567px\" \/><\/figure>\n\n\n\n<p><\/p>\n\n\n\n<p><strong>\u041c\u043e\u043d\u0433\u043e\u043b<\/strong> &#8211; \u0413\u043e\u0432\u044c \u0446\u04e9\u043b\u0438\u0439\u043d \u0430\u044f\u043b\u0430\u043b<br>(Mongoli\u00eb &#8211; Gobiwoestijn-Reis)<br> <strong>1 Ulaanbator &gt; Dungav <\/strong>            <br> Gerkamp: Baga Gazriin Chukku<br> Baga Gazriin Chukku kloosterruine, grot, bronwater voor de ogen.<br> <strong>2 Mandalgobi &gt; \u00d6mn\u014fgov <\/strong>           <br> Tsagaan Suvarga (witte stupa)<br> Gerkamp: Khanbogd camp<br> <strong>3 \u00d6mn\u014fgov &gt; Bayanzag<\/strong> (Vlammende Rotsen)            <br> Yolijnkloof Gwvan Saykan Nationaal Park<br> zandduinen<br> <strong>4 Bayanzag &gt; Ongiin <\/strong>            <br> Saxuaul Wooden Shrub Forrest<br> Mangal-Ovoo dorp<br> Ongiin klooster<br><strong> 5 Khuijirtvallei \u2013 Orkhonvallei <\/strong>       <br> kerkhof, yaks, orkhonrivier, prehistorische graven.<br><strong> 6 Orkhonvallei &gt; Khar Khorin<\/strong>        <br> Orkhon waterval &gt; rotstekeningen, schildpad<br> <strong>7 Khar Khorin &gt; Erdene Zuu &gt; Mongol Els <\/strong>   <br> klooster, dorp Khar Khorin, zandduinen<br> <strong>8 Mongol Els &gt; Ulaanbator<\/strong><\/p>\n\n\n\n<figure class=\"wp-block-image size-full is-resized\"><img loading=\"lazy\" decoding=\"async\" width=\"709\" height=\"532\" src=\"http:\/\/ronaldruseler.nl\/dir\/wp-content\/uploads\/2024\/12\/0.Gobi-MRjpg.jpg\" alt=\"\" class=\"wp-image-2431\" style=\"width:567px;height:auto\" srcset=\"http:\/\/ronaldruseler.nl\/dir\/wp-content\/uploads\/2024\/12\/0.Gobi-MRjpg.jpg 709w, http:\/\/ronaldruseler.nl\/dir\/wp-content\/uploads\/2024\/12\/0.Gobi-MRjpg-300x225.jpg 300w, http:\/\/ronaldruseler.nl\/dir\/wp-content\/uploads\/2024\/12\/0.Gobi-MRjpg-624x468.jpg 624w\" sizes=\"auto, (max-width: 709px) 100vw, 709px\" \/><figcaption class=\"wp-element-caption\"><sub><em>In de Gobiwoestijn<\/em><\/sub><\/figcaption><\/figure>\n\n\n\n<p><\/p>\n\n\n\n<figure class=\"wp-block-image size-large\"><img loading=\"lazy\" decoding=\"async\" width=\"567\" height=\"160\" src=\"http:\/\/ronaldruseler.nl\/dir\/wp-content\/uploads\/2019\/12\/1.jpg\" alt=\"\" class=\"wp-image-1339\" srcset=\"http:\/\/ronaldruseler.nl\/dir\/wp-content\/uploads\/2019\/12\/1.jpg 567w, http:\/\/ronaldruseler.nl\/dir\/wp-content\/uploads\/2019\/12\/1-300x85.jpg 300w\" sizes=\"auto, (max-width: 567px) 100vw, 567px\" \/><\/figure>\n\n\n\n<p><\/p>\n\n\n\n<figure class=\"wp-block-image size-large\"><img loading=\"lazy\" decoding=\"async\" width=\"567\" height=\"99\" src=\"http:\/\/ronaldruseler.nl\/dir\/wp-content\/uploads\/2020\/04\/Resized_pan-flaming-cropped-72.jpg\" alt=\"\" class=\"wp-image-1534\" srcset=\"http:\/\/ronaldruseler.nl\/dir\/wp-content\/uploads\/2020\/04\/Resized_pan-flaming-cropped-72.jpg 567w, http:\/\/ronaldruseler.nl\/dir\/wp-content\/uploads\/2020\/04\/Resized_pan-flaming-cropped-72-300x52.jpg 300w\" sizes=\"auto, (max-width: 567px) 100vw, 567px\" \/><\/figure>\n\n\n\n<p><\/p>\n\n\n\n<figure class=\"wp-block-image size-large\"><img loading=\"lazy\" decoding=\"async\" width=\"567\" height=\"132\" src=\"http:\/\/ronaldruseler.nl\/dir\/wp-content\/uploads\/2019\/12\/4.jpg\" alt=\"\" class=\"wp-image-1341\" srcset=\"http:\/\/ronaldruseler.nl\/dir\/wp-content\/uploads\/2019\/12\/4.jpg 567w, http:\/\/ronaldruseler.nl\/dir\/wp-content\/uploads\/2019\/12\/4-300x70.jpg 300w\" sizes=\"auto, (max-width: 567px) 100vw, 567px\" \/><\/figure>\n\n\n\n<p><\/p>\n\n\n\n<figure class=\"wp-block-image size-large\"><img loading=\"lazy\" decoding=\"async\" width=\"567\" height=\"185\" src=\"http:\/\/ronaldruseler.nl\/dir\/wp-content\/uploads\/2019\/12\/5.jpg\" alt=\"\" class=\"wp-image-1342\" srcset=\"http:\/\/ronaldruseler.nl\/dir\/wp-content\/uploads\/2019\/12\/5.jpg 567w, http:\/\/ronaldruseler.nl\/dir\/wp-content\/uploads\/2019\/12\/5-300x98.jpg 300w\" sizes=\"auto, (max-width: 567px) 100vw, 567px\" \/><\/figure>\n\n\n\n<p><\/p>\n\n\n\n<figure class=\"wp-block-image size-large\"><img loading=\"lazy\" decoding=\"async\" width=\"567\" height=\"172\" src=\"http:\/\/ronaldruseler.nl\/dir\/wp-content\/uploads\/2019\/12\/6.jpg\" alt=\"\" class=\"wp-image-1343\" srcset=\"http:\/\/ronaldruseler.nl\/dir\/wp-content\/uploads\/2019\/12\/6.jpg 567w, http:\/\/ronaldruseler.nl\/dir\/wp-content\/uploads\/2019\/12\/6-300x91.jpg 300w\" sizes=\"auto, (max-width: 567px) 100vw, 567px\" \/><\/figure>\n\n\n\n<p><\/p>\n\n\n\n<figure class=\"wp-block-image size-large\"><img loading=\"lazy\" decoding=\"async\" width=\"567\" height=\"425\" src=\"http:\/\/ronaldruseler.nl\/dir\/wp-content\/uploads\/2019\/12\/7.jpg\" alt=\"\" class=\"wp-image-1344\" srcset=\"http:\/\/ronaldruseler.nl\/dir\/wp-content\/uploads\/2019\/12\/7.jpg 567w, http:\/\/ronaldruseler.nl\/dir\/wp-content\/uploads\/2019\/12\/7-300x225.jpg 300w\" sizes=\"auto, (max-width: 567px) 100vw, 567px\" \/><\/figure>\n\n\n\n<p><\/p>\n\n\n\n<figure class=\"wp-block-image size-large\"><img loading=\"lazy\" decoding=\"async\" width=\"567\" height=\"425\" src=\"http:\/\/ronaldruseler.nl\/dir\/wp-content\/uploads\/2019\/12\/P1130172.jpg\" alt=\"\" class=\"wp-image-1409\" srcset=\"http:\/\/ronaldruseler.nl\/dir\/wp-content\/uploads\/2019\/12\/P1130172.jpg 567w, http:\/\/ronaldruseler.nl\/dir\/wp-content\/uploads\/2019\/12\/P1130172-300x225.jpg 300w\" sizes=\"auto, (max-width: 567px) 100vw, 567px\" \/><\/figure>\n\n\n\n<p><\/p>\n\n\n\n<figure class=\"wp-block-image size-large\"><img loading=\"lazy\" decoding=\"async\" width=\"567\" height=\"260\" src=\"http:\/\/ronaldruseler.nl\/dir\/wp-content\/uploads\/2019\/12\/Ihk-Mongol-1.jpg\" alt=\"\" class=\"wp-image-1350\" srcset=\"http:\/\/ronaldruseler.nl\/dir\/wp-content\/uploads\/2019\/12\/Ihk-Mongol-1.jpg 567w, http:\/\/ronaldruseler.nl\/dir\/wp-content\/uploads\/2019\/12\/Ihk-Mongol-1-300x138.jpg 300w\" sizes=\"auto, (max-width: 567px) 100vw, 567px\" \/><\/figure>\n\n\n\n<p><\/p>\n\n\n\n<figure class=\"wp-block-image size-large\"><img loading=\"lazy\" decoding=\"async\" width=\"567\" height=\"206\" src=\"http:\/\/ronaldruseler.nl\/dir\/wp-content\/uploads\/2019\/12\/8.jpg\" alt=\"\" class=\"wp-image-1351\" srcset=\"http:\/\/ronaldruseler.nl\/dir\/wp-content\/uploads\/2019\/12\/8.jpg 567w, http:\/\/ronaldruseler.nl\/dir\/wp-content\/uploads\/2019\/12\/8-300x109.jpg 300w\" sizes=\"auto, (max-width: 567px) 100vw, 567px\" \/><\/figure>\n\n\n\n<p><\/p>\n\n\n\n<figure class=\"wp-block-image size-large\"><img loading=\"lazy\" decoding=\"async\" width=\"567\" height=\"141\" src=\"http:\/\/ronaldruseler.nl\/dir\/wp-content\/uploads\/2019\/12\/10.jpg\" alt=\"\" class=\"wp-image-1355\" srcset=\"http:\/\/ronaldruseler.nl\/dir\/wp-content\/uploads\/2019\/12\/10.jpg 567w, http:\/\/ronaldruseler.nl\/dir\/wp-content\/uploads\/2019\/12\/10-300x75.jpg 300w\" sizes=\"auto, (max-width: 567px) 100vw, 567px\" \/><\/figure>\n\n\n\n<p><\/p>\n\n\n\n<figure class=\"wp-block-image size-large\"><img loading=\"lazy\" decoding=\"async\" width=\"567\" height=\"425\" src=\"http:\/\/ronaldruseler.nl\/dir\/wp-content\/uploads\/2019\/12\/Ger-tempel.jpg\" alt=\"\" class=\"wp-image-1408\" srcset=\"http:\/\/ronaldruseler.nl\/dir\/wp-content\/uploads\/2019\/12\/Ger-tempel.jpg 567w, http:\/\/ronaldruseler.nl\/dir\/wp-content\/uploads\/2019\/12\/Ger-tempel-300x225.jpg 300w\" sizes=\"auto, (max-width: 567px) 100vw, 567px\" \/><\/figure>\n\n\n\n<p><\/p>\n\n\n\n<figure class=\"wp-block-image size-large\"><img loading=\"lazy\" decoding=\"async\" width=\"567\" height=\"378\" src=\"http:\/\/ronaldruseler.nl\/dir\/wp-content\/uploads\/2019\/12\/9.jpg\" alt=\"\" class=\"wp-image-1356\" srcset=\"http:\/\/ronaldruseler.nl\/dir\/wp-content\/uploads\/2019\/12\/9.jpg 567w, http:\/\/ronaldruseler.nl\/dir\/wp-content\/uploads\/2019\/12\/9-300x200.jpg 300w\" sizes=\"auto, (max-width: 567px) 100vw, 567px\" \/><\/figure>\n\n\n\n<p><\/p>\n\n\n\n<figure class=\"wp-block-image size-large\"><img loading=\"lazy\" decoding=\"async\" width=\"567\" height=\"425\" src=\"http:\/\/ronaldruseler.nl\/dir\/wp-content\/uploads\/2019\/12\/1route-1.jpg\" alt=\"\" class=\"wp-image-1347\" srcset=\"http:\/\/ronaldruseler.nl\/dir\/wp-content\/uploads\/2019\/12\/1route-1.jpg 567w, http:\/\/ronaldruseler.nl\/dir\/wp-content\/uploads\/2019\/12\/1route-1-300x225.jpg 300w\" sizes=\"auto, (max-width: 567px) 100vw, 567px\" \/><\/figure>\n\n\n\n<p><\/p>\n\n\n\n<figure class=\"wp-block-image size-large\"><img loading=\"lazy\" decoding=\"async\" width=\"567\" height=\"391\" src=\"http:\/\/ronaldruseler.nl\/dir\/wp-content\/uploads\/2019\/12\/kaart-reis-kopie.jpg\" alt=\"\" class=\"wp-image-1416\" srcset=\"http:\/\/ronaldruseler.nl\/dir\/wp-content\/uploads\/2019\/12\/kaart-reis-kopie.jpg 567w, http:\/\/ronaldruseler.nl\/dir\/wp-content\/uploads\/2019\/12\/kaart-reis-kopie-300x207.jpg 300w\" sizes=\"auto, (max-width: 567px) 100vw, 567px\" \/><\/figure>\n","protected":false},"excerpt":{"rendered":"<p>\u041c\u043e\u043d\u0433\u043e\u043b &#8211; \u0413\u043e\u0432\u044c \u0446\u04e9\u043b\u0438\u0439\u043d \u0430\u044f\u043b\u0430\u043b(Mongoli\u00eb &#8211; Gobiwoestijn-Reis) 1 Ulaanbator &gt; Dungav Gerkamp: Baga Gazriin Chukku Baga Gazriin Chukku kloosterruine, grot, bronwater voor de ogen. 2 Mandalgobi &gt; \u00d6mn\u014fgov Tsagaan Suvarga (witte stupa) Gerkamp: Khanbogd camp 3 \u00d6mn\u014fgov &gt; Bayanzag (Vlammende Rotsen) Yolijnkloof Gwvan Saykan Nationaal Park zandduinen 4 Bayanzag &gt; Ongiin Saxuaul Wooden Shrub Forrest Mangal-Ovoo dorp Ongiin klooster 5&#8230; <a href=\"http:\/\/ronaldruseler.nl\/dir\/mongolie\/\">Read more &raquo;<\/a><\/p>\n","protected":false},"author":1,"featured_media":0,"parent":0,"menu_order":0,"comment_status":"closed","ping_status":"closed","template":"","meta":{"footnotes":""},"class_list":["post-1354","page","type-page","status-publish","hentry"],"_links":{"self":[{"href":"http:\/\/ronaldruseler.nl\/dir\/wp-json\/wp\/v2\/pages\/1354","targetHints":{"allow":["GET"]}}],"collection":[{"href":"http:\/\/ronaldruseler.nl\/dir\/wp-json\/wp\/v2\/pages"}],"about":[{"href":"http:\/\/ronaldruseler.nl\/dir\/wp-json\/wp\/v2\/types\/page"}],"author":[{"embeddable":true,"href":"http:\/\/ronaldruseler.nl\/dir\/wp-json\/wp\/v2\/users\/1"}],"replies":[{"embeddable":true,"href":"http:\/\/ronaldruseler.nl\/dir\/wp-json\/wp\/v2\/comments?post=1354"}],"version-history":[{"count":15,"href":"http:\/\/ronaldruseler.nl\/dir\/wp-json\/wp\/v2\/pages\/1354\/revisions"}],"predecessor-version":[{"id":2432,"href":"http:\/\/ronaldruseler.nl\/dir\/wp-json\/wp\/v2\/pages\/1354\/revisions\/2432"}],"wp:attachment":[{"href":"http:\/\/ronaldruseler.nl\/dir\/wp-json\/wp\/v2\/media?parent=1354"}],"curies":[{"name":"wp","href":"https:\/\/api.w.org\/{rel}","templated":true}]}}