{"id":1857,"date":"2022-07-05T08:27:17","date_gmt":"2022-07-05T08:27:17","guid":{"rendered":"http:\/\/ronaldruseler.nl\/dir\/?page_id=1857"},"modified":"2022-07-05T17:50:23","modified_gmt":"2022-07-05T17:50:23","slug":"far-or","status":"publish","type":"page","link":"http:\/\/ronaldruseler.nl\/dir\/far-or\/","title":{"rendered":"Far \u00d8r"},"content":{"rendered":"\n<p>T\u00f8rshavn<br>Vestmannabj\u00f8rgini<br>Kirkjub\u00f8ur<\/p>\n\n\n\n<figure class=\"wp-block-image size-full is-style-default\"><img loading=\"lazy\" decoding=\"async\" width=\"709\" height=\"369\" src=\"http:\/\/ronaldruseler.nl\/dir\/wp-content\/uploads\/2022\/07\/Schermafbeelding-2022-07-05-om-10.16.48.png\" alt=\"\" class=\"wp-image-1858\" srcset=\"http:\/\/ronaldruseler.nl\/dir\/wp-content\/uploads\/2022\/07\/Schermafbeelding-2022-07-05-om-10.16.48.png 709w, http:\/\/ronaldruseler.nl\/dir\/wp-content\/uploads\/2022\/07\/Schermafbeelding-2022-07-05-om-10.16.48-300x156.png 300w, http:\/\/ronaldruseler.nl\/dir\/wp-content\/uploads\/2022\/07\/Schermafbeelding-2022-07-05-om-10.16.48-624x325.png 624w\" sizes=\"auto, (max-width: 709px) 100vw, 709px\" \/><\/figure>\n\n\n\n<figure class=\"wp-block-image size-full is-style-default\"><img loading=\"lazy\" decoding=\"async\" width=\"709\" height=\"119\" src=\"http:\/\/ronaldruseler.nl\/dir\/wp-content\/uploads\/2022\/07\/M-papagaiduiker.jpg\" alt=\"\" class=\"wp-image-1881\" srcset=\"http:\/\/ronaldruseler.nl\/dir\/wp-content\/uploads\/2022\/07\/M-papagaiduiker.jpg 709w, http:\/\/ronaldruseler.nl\/dir\/wp-content\/uploads\/2022\/07\/M-papagaiduiker-300x50.jpg 300w, http:\/\/ronaldruseler.nl\/dir\/wp-content\/uploads\/2022\/07\/M-papagaiduiker-624x105.jpg 624w\" sizes=\"auto, (max-width: 709px) 100vw, 709px\" \/><\/figure>\n\n\n\n<figure class=\"wp-block-image size-full is-style-default\"><img loading=\"lazy\" decoding=\"async\" width=\"709\" height=\"471\" src=\"http:\/\/ronaldruseler.nl\/dir\/wp-content\/uploads\/2022\/07\/Faroe_Islands_Streymoy_Kirkjubour_4.jpg\" alt=\"\" class=\"wp-image-1876\" srcset=\"http:\/\/ronaldruseler.nl\/dir\/wp-content\/uploads\/2022\/07\/Faroe_Islands_Streymoy_Kirkjubour_4.jpg 709w, http:\/\/ronaldruseler.nl\/dir\/wp-content\/uploads\/2022\/07\/Faroe_Islands_Streymoy_Kirkjubour_4-300x199.jpg 300w, http:\/\/ronaldruseler.nl\/dir\/wp-content\/uploads\/2022\/07\/Faroe_Islands_Streymoy_Kirkjubour_4-624x415.jpg 624w\" sizes=\"auto, (max-width: 709px) 100vw, 709px\" \/><\/figure>\n\n\n\n<figure class=\"wp-block-image size-full is-style-default\"><img loading=\"lazy\" decoding=\"async\" width=\"709\" height=\"354\" src=\"http:\/\/ronaldruseler.nl\/dir\/wp-content\/uploads\/2022\/07\/DSC_0052-1-cut-optimize-1024x512-2.jpeg\" alt=\"\" class=\"wp-image-1867\" srcset=\"http:\/\/ronaldruseler.nl\/dir\/wp-content\/uploads\/2022\/07\/DSC_0052-1-cut-optimize-1024x512-2.jpeg 709w, http:\/\/ronaldruseler.nl\/dir\/wp-content\/uploads\/2022\/07\/DSC_0052-1-cut-optimize-1024x512-2-300x150.jpeg 300w, http:\/\/ronaldruseler.nl\/dir\/wp-content\/uploads\/2022\/07\/DSC_0052-1-cut-optimize-1024x512-2-624x312.jpeg 624w\" sizes=\"auto, (max-width: 709px) 100vw, 709px\" \/><\/figure>\n\n\n\n<figure class=\"wp-block-image size-full is-style-default\"><img loading=\"lazy\" decoding=\"async\" width=\"709\" height=\"976\" src=\"http:\/\/ronaldruseler.nl\/dir\/wp-content\/uploads\/2022\/07\/boot-naar-vogeleiland.jpg\" alt=\"\" class=\"wp-image-1882\" srcset=\"http:\/\/ronaldruseler.nl\/dir\/wp-content\/uploads\/2022\/07\/boot-naar-vogeleiland.jpg 709w, http:\/\/ronaldruseler.nl\/dir\/wp-content\/uploads\/2022\/07\/boot-naar-vogeleiland-218x300.jpg 218w, http:\/\/ronaldruseler.nl\/dir\/wp-content\/uploads\/2022\/07\/boot-naar-vogeleiland-624x859.jpg 624w\" sizes=\"auto, (max-width: 709px) 100vw, 709px\" \/><\/figure>\n\n\n\n<figure class=\"wp-block-image size-full is-style-default\"><img loading=\"lazy\" decoding=\"async\" width=\"709\" height=\"473\" src=\"http:\/\/ronaldruseler.nl\/dir\/wp-content\/uploads\/2022\/07\/4ab0952ea43da1109d0fd0bb6445a5f5-1.jpg\" alt=\"\" class=\"wp-image-1872\" srcset=\"http:\/\/ronaldruseler.nl\/dir\/wp-content\/uploads\/2022\/07\/4ab0952ea43da1109d0fd0bb6445a5f5-1.jpg 709w, http:\/\/ronaldruseler.nl\/dir\/wp-content\/uploads\/2022\/07\/4ab0952ea43da1109d0fd0bb6445a5f5-1-300x200.jpg 300w, http:\/\/ronaldruseler.nl\/dir\/wp-content\/uploads\/2022\/07\/4ab0952ea43da1109d0fd0bb6445a5f5-1-624x416.jpg 624w\" sizes=\"auto, (max-width: 709px) 100vw, 709px\" \/><\/figure>\n\n\n\n<figure class=\"wp-block-image size-full is-style-default\"><img loading=\"lazy\" decoding=\"async\" width=\"709\" height=\"833\" src=\"http:\/\/ronaldruseler.nl\/dir\/wp-content\/uploads\/2022\/07\/Puffins.jpg\" alt=\"\" class=\"wp-image-1883\" srcset=\"http:\/\/ronaldruseler.nl\/dir\/wp-content\/uploads\/2022\/07\/Puffins.jpg 709w, http:\/\/ronaldruseler.nl\/dir\/wp-content\/uploads\/2022\/07\/Puffins-255x300.jpg 255w, http:\/\/ronaldruseler.nl\/dir\/wp-content\/uploads\/2022\/07\/Puffins-624x733.jpg 624w\" sizes=\"auto, (max-width: 709px) 100vw, 709px\" \/><\/figure>\n\n\n\n<figure class=\"wp-block-image size-full is-style-default\"><img loading=\"lazy\" decoding=\"async\" width=\"709\" height=\"398\" src=\"http:\/\/ronaldruseler.nl\/dir\/wp-content\/uploads\/2022\/07\/DJI_0486.jpg\" alt=\"\" class=\"wp-image-1873\" srcset=\"http:\/\/ronaldruseler.nl\/dir\/wp-content\/uploads\/2022\/07\/DJI_0486.jpg 709w, http:\/\/ronaldruseler.nl\/dir\/wp-content\/uploads\/2022\/07\/DJI_0486-300x168.jpg 300w, http:\/\/ronaldruseler.nl\/dir\/wp-content\/uploads\/2022\/07\/DJI_0486-624x350.jpg 624w\" sizes=\"auto, (max-width: 709px) 100vw, 709px\" \/><\/figure>\n\n\n\n<figure class=\"wp-block-image size-full is-style-default\"><img loading=\"lazy\" decoding=\"async\" width=\"720\" height=\"600\" src=\"http:\/\/ronaldruseler.nl\/dir\/wp-content\/uploads\/2022\/07\/vestmanna-sea-cliffs-boat-trip-1.jpg\" alt=\"\" class=\"wp-image-1874\" srcset=\"http:\/\/ronaldruseler.nl\/dir\/wp-content\/uploads\/2022\/07\/vestmanna-sea-cliffs-boat-trip-1.jpg 720w, http:\/\/ronaldruseler.nl\/dir\/wp-content\/uploads\/2022\/07\/vestmanna-sea-cliffs-boat-trip-1-300x250.jpg 300w, http:\/\/ronaldruseler.nl\/dir\/wp-content\/uploads\/2022\/07\/vestmanna-sea-cliffs-boat-trip-1-624x520.jpg 624w\" sizes=\"auto, (max-width: 720px) 100vw, 720px\" \/><\/figure>\n\n\n\n<figure class=\"wp-block-image size-full is-resized is-style-default\"><img loading=\"lazy\" decoding=\"async\" src=\"http:\/\/ronaldruseler.nl\/dir\/wp-content\/uploads\/2022\/07\/VestmannaBirdCliffs-pointy-sea-stack.jpg.webp\" alt=\"\" class=\"wp-image-1884\" width=\"505\" height=\"673\" srcset=\"http:\/\/ronaldruseler.nl\/dir\/wp-content\/uploads\/2022\/07\/VestmannaBirdCliffs-pointy-sea-stack.jpg.webp 316w, http:\/\/ronaldruseler.nl\/dir\/wp-content\/uploads\/2022\/07\/VestmannaBirdCliffs-pointy-sea-stack.jpg-225x300.webp 225w\" sizes=\"auto, (max-width: 505px) 100vw, 505px\" \/><\/figure>\n","protected":false},"excerpt":{"rendered":"<p>T\u00f8rshavnVestmannabj\u00f8rginiKirkjub\u00f8ur<\/p>\n","protected":false},"author":1,"featured_media":0,"parent":0,"menu_order":0,"comment_status":"closed","ping_status":"closed","template":"","meta":{"footnotes":""},"class_list":["post-1857","page","type-page","status-publish","hentry"],"_links":{"self":[{"href":"http:\/\/ronaldruseler.nl\/dir\/wp-json\/wp\/v2\/pages\/1857","targetHints":{"allow":["GET"]}}],"collection":[{"href":"http:\/\/ronaldruseler.nl\/dir\/wp-json\/wp\/v2\/pages"}],"about":[{"href":"http:\/\/ronaldruseler.nl\/dir\/wp-json\/wp\/v2\/types\/page"}],"author":[{"embeddable":true,"href":"http:\/\/ronaldruseler.nl\/dir\/wp-json\/wp\/v2\/users\/1"}],"replies":[{"embeddable":true,"href":"http:\/\/ronaldruseler.nl\/dir\/wp-json\/wp\/v2\/comments?post=1857"}],"version-history":[{"count":7,"href":"http:\/\/ronaldruseler.nl\/dir\/wp-json\/wp\/v2\/pages\/1857\/revisions"}],"predecessor-version":[{"id":1885,"href":"http:\/\/ronaldruseler.nl\/dir\/wp-json\/wp\/v2\/pages\/1857\/revisions\/1885"}],"wp:attachment":[{"href":"http:\/\/ronaldruseler.nl\/dir\/wp-json\/wp\/v2\/media?parent=1857"}],"curies":[{"name":"wp","href":"https:\/\/api.w.org\/{rel}","templated":true}]}}