{"id":282,"date":"2016-04-27T06:33:25","date_gmt":"2016-04-27T06:33:25","guid":{"rendered":"http:\/\/ronaldruseler.nl\/dir\/?page_id=282"},"modified":"2016-05-20T11:09:39","modified_gmt":"2016-05-20T11:09:39","slug":"guatemala","status":"publish","type":"page","link":"http:\/\/ronaldruseler.nl\/dir\/guatemala\/","title":{"rendered":"Guatemala"},"content":{"rendered":"<div id=\"attachment_667\" style=\"width: 1668px\" class=\"wp-caption alignnone\"><img loading=\"lazy\" decoding=\"async\" aria-describedby=\"caption-attachment-667\" class=\"wp-image-667 size-full\" src=\"http:\/\/ronaldruseler.nl\/dir\/wp-content\/uploads\/2016\/04\/guatemala-1989.jpg\" alt=\"guatemala 1989\" width=\"1658\" height=\"1481\" srcset=\"http:\/\/ronaldruseler.nl\/dir\/wp-content\/uploads\/2016\/04\/guatemala-1989.jpg 1658w, http:\/\/ronaldruseler.nl\/dir\/wp-content\/uploads\/2016\/04\/guatemala-1989-300x268.jpg 300w, http:\/\/ronaldruseler.nl\/dir\/wp-content\/uploads\/2016\/04\/guatemala-1989-768x686.jpg 768w, http:\/\/ronaldruseler.nl\/dir\/wp-content\/uploads\/2016\/04\/guatemala-1989-1024x915.jpg 1024w, http:\/\/ronaldruseler.nl\/dir\/wp-content\/uploads\/2016\/04\/guatemala-1989-624x557.jpg 624w\" sizes=\"auto, (max-width: 1658px) 100vw, 1658px\" \/><p id=\"caption-attachment-667\" class=\"wp-caption-text\">de reis van 1989<\/p><\/div>\n<p>La Mesilla<\/p>\n<p>Huehuetenango<br \/>\nChichicastenango<br \/>\nPanajachel<br \/>\nMeer van Atitl\u00e1n<br \/>\nAntigua Guatemala<br \/>\nGuatemala-Stad<br \/>\nChiquimula<br \/>\nCop\u00e1n, Honduras<\/p>\n<p>Centro de Convenciones Ilumina Chiquimula<br \/>\nQuirigua<br \/>\nFlores<br \/>\nTikal National Park, Tikal<\/p>\n<p>Tenosique de Pino Su\u00e1rez, Tab., Mexico<\/p>\n","protected":false},"excerpt":{"rendered":"<p>La Mesilla Huehuetenango Chichicastenango Panajachel Meer van Atitl\u00e1n Antigua Guatemala Guatemala-Stad Chiquimula Cop\u00e1n, Honduras Centro de Convenciones Ilumina Chiquimula Quirigua Flores Tikal National Park, Tikal Tenosique de Pino Su\u00e1rez, Tab., Mexico<\/p>\n","protected":false},"author":1,"featured_media":0,"parent":0,"menu_order":0,"comment_status":"closed","ping_status":"closed","template":"","meta":{"footnotes":""},"class_list":["post-282","page","type-page","status-publish","hentry"],"_links":{"self":[{"href":"http:\/\/ronaldruseler.nl\/dir\/wp-json\/wp\/v2\/pages\/282","targetHints":{"allow":["GET"]}}],"collection":[{"href":"http:\/\/ronaldruseler.nl\/dir\/wp-json\/wp\/v2\/pages"}],"about":[{"href":"http:\/\/ronaldruseler.nl\/dir\/wp-json\/wp\/v2\/types\/page"}],"author":[{"embeddable":true,"href":"http:\/\/ronaldruseler.nl\/dir\/wp-json\/wp\/v2\/users\/1"}],"replies":[{"embeddable":true,"href":"http:\/\/ronaldruseler.nl\/dir\/wp-json\/wp\/v2\/comments?post=282"}],"version-history":[{"count":6,"href":"http:\/\/ronaldruseler.nl\/dir\/wp-json\/wp\/v2\/pages\/282\/revisions"}],"predecessor-version":[{"id":669,"href":"http:\/\/ronaldruseler.nl\/dir\/wp-json\/wp\/v2\/pages\/282\/revisions\/669"}],"wp:attachment":[{"href":"http:\/\/ronaldruseler.nl\/dir\/wp-json\/wp\/v2\/media?parent=282"}],"curies":[{"name":"wp","href":"https:\/\/api.w.org\/{rel}","templated":true}]}}