{"id":308,"date":"2016-05-09T09:54:12","date_gmt":"2016-05-09T09:54:12","guid":{"rendered":"http:\/\/ronaldruseler.nl\/dir\/?page_id=308"},"modified":"2016-05-20T10:54:43","modified_gmt":"2016-05-20T10:54:43","slug":"honduras","status":"publish","type":"page","link":"http:\/\/ronaldruseler.nl\/dir\/honduras\/","title":{"rendered":"Honduras"},"content":{"rendered":"<div id=\"attachment_664\" style=\"width: 993px\" class=\"wp-caption alignnone\"><img loading=\"lazy\" decoding=\"async\" aria-describedby=\"caption-attachment-664\" class=\"wp-image-664 size-full\" src=\"http:\/\/ronaldruseler.nl\/dir\/wp-content\/uploads\/2016\/05\/Honduras-1989.png\" alt=\"Honduras 1989\" width=\"983\" height=\"651\" srcset=\"http:\/\/ronaldruseler.nl\/dir\/wp-content\/uploads\/2016\/05\/Honduras-1989.png 983w, http:\/\/ronaldruseler.nl\/dir\/wp-content\/uploads\/2016\/05\/Honduras-1989-300x199.png 300w, http:\/\/ronaldruseler.nl\/dir\/wp-content\/uploads\/2016\/05\/Honduras-1989-768x509.png 768w, http:\/\/ronaldruseler.nl\/dir\/wp-content\/uploads\/2016\/05\/Honduras-1989-624x413.png 624w\" sizes=\"auto, (max-width: 983px) 100vw, 983px\" \/><p id=\"caption-attachment-664\" class=\"wp-caption-text\">de reis van 1989<\/p><\/div>\n<p>Cop\u00e1n<br \/>\nCop\u00e1n: El valle de los reyes.<br \/>\nLa Esperanza<br \/>\nGracias<br \/>\nCop\u00e1n Ruinas<br \/>\nSanta Rosa de Cop\u00e1n<br \/>\nSan Pedro Sula<br \/>\nLa Ceiba<br \/>\nTrujillo<br \/>\nSan Esteban<br \/>\nJuticalpa<br \/>\nTegucigalpa<br \/>\nSan Pedro Sula<\/p>\n","protected":false},"excerpt":{"rendered":"<p>Cop\u00e1n Cop\u00e1n: El valle de los reyes. La Esperanza Gracias Cop\u00e1n Ruinas Santa Rosa de Cop\u00e1n San Pedro Sula La Ceiba Trujillo San Esteban Juticalpa Tegucigalpa San Pedro Sula<\/p>\n","protected":false},"author":1,"featured_media":0,"parent":0,"menu_order":0,"comment_status":"closed","ping_status":"closed","template":"","meta":{"footnotes":""},"class_list":["post-308","page","type-page","status-publish","hentry"],"_links":{"self":[{"href":"http:\/\/ronaldruseler.nl\/dir\/wp-json\/wp\/v2\/pages\/308","targetHints":{"allow":["GET"]}}],"collection":[{"href":"http:\/\/ronaldruseler.nl\/dir\/wp-json\/wp\/v2\/pages"}],"about":[{"href":"http:\/\/ronaldruseler.nl\/dir\/wp-json\/wp\/v2\/types\/page"}],"author":[{"embeddable":true,"href":"http:\/\/ronaldruseler.nl\/dir\/wp-json\/wp\/v2\/users\/1"}],"replies":[{"embeddable":true,"href":"http:\/\/ronaldruseler.nl\/dir\/wp-json\/wp\/v2\/comments?post=308"}],"version-history":[{"count":4,"href":"http:\/\/ronaldruseler.nl\/dir\/wp-json\/wp\/v2\/pages\/308\/revisions"}],"predecessor-version":[{"id":666,"href":"http:\/\/ronaldruseler.nl\/dir\/wp-json\/wp\/v2\/pages\/308\/revisions\/666"}],"wp:attachment":[{"href":"http:\/\/ronaldruseler.nl\/dir\/wp-json\/wp\/v2\/media?parent=308"}],"curies":[{"name":"wp","href":"https:\/\/api.w.org\/{rel}","templated":true}]}}