{"id":315,"date":"2016-05-09T10:05:09","date_gmt":"2016-05-09T10:05:09","guid":{"rendered":"http:\/\/ronaldruseler.nl\/dir\/?page_id=315"},"modified":"2025-01-01T14:28:58","modified_gmt":"2025-01-01T14:28:58","slug":"brazilie","status":"publish","type":"page","link":"http:\/\/ronaldruseler.nl\/dir\/brazilie\/","title":{"rendered":"Brazili\u00eb &#8211; 2007"},"content":{"rendered":"\n<p><strong>Brasilia DF<\/strong><\/p>\n\n\n\n<p><strong>Pernambuco<\/strong><br> Recife<br> Olinda<br> Serra Talhada<br> Petrolina<\/p>\n\n\n\n<figure class=\"wp-block-image size-large is-resized\"><img loading=\"lazy\" decoding=\"async\" width=\"567\" height=\"489\" src=\"http:\/\/ronaldruseler.nl\/dir\/wp-content\/uploads\/2020\/03\/Schermafbeelding-2016-05-22-om-18.38.38.png\" alt=\"\" class=\"wp-image-1499\" style=\"width:462px;height:auto\" srcset=\"http:\/\/ronaldruseler.nl\/dir\/wp-content\/uploads\/2020\/03\/Schermafbeelding-2016-05-22-om-18.38.38.png 567w, http:\/\/ronaldruseler.nl\/dir\/wp-content\/uploads\/2020\/03\/Schermafbeelding-2016-05-22-om-18.38.38-300x259.png 300w\" sizes=\"auto, (max-width: 567px) 100vw, 567px\" \/><\/figure>\n\n\n\n<p><\/p>\n\n\n\n<p><strong>Bahia<br><\/strong>Juazeiro<br>Canudos<br>Salvador<\/p>\n\n\n\n<figure class=\"wp-block-image size-large\"><img loading=\"lazy\" decoding=\"async\" width=\"567\" height=\"221\" src=\"http:\/\/ronaldruseler.nl\/dir\/wp-content\/uploads\/2020\/03\/canudos-2x.jpg\" alt=\"\" class=\"wp-image-1500\" srcset=\"http:\/\/ronaldruseler.nl\/dir\/wp-content\/uploads\/2020\/03\/canudos-2x.jpg 567w, http:\/\/ronaldruseler.nl\/dir\/wp-content\/uploads\/2020\/03\/canudos-2x-300x117.jpg 300w\" sizes=\"auto, (max-width: 567px) 100vw, 567px\" \/><\/figure>\n\n\n\n<p><strong>Mato Grosso<\/strong>,<br> Paran\u00e1,<br> Rio Grande do Sul,<br> S\u00e3o Paulo<\/p>\n\n\n\n<p>Pantanal,<br> Foz do Igua\u00e7u<\/p>\n\n\n\n<p>Sao Paulo<\/p>\n","protected":false},"excerpt":{"rendered":"<p>Brasilia DF Pernambuco Recife Olinda Serra Talhada Petrolina BahiaJuazeiroCanudosSalvador Mato Grosso, Paran\u00e1, Rio Grande do Sul, S\u00e3o Paulo Pantanal, Foz do Igua\u00e7u Sao Paulo<\/p>\n","protected":false},"author":1,"featured_media":0,"parent":0,"menu_order":0,"comment_status":"closed","ping_status":"closed","template":"","meta":{"footnotes":""},"class_list":["post-315","page","type-page","status-publish","hentry"],"_links":{"self":[{"href":"http:\/\/ronaldruseler.nl\/dir\/wp-json\/wp\/v2\/pages\/315","targetHints":{"allow":["GET"]}}],"collection":[{"href":"http:\/\/ronaldruseler.nl\/dir\/wp-json\/wp\/v2\/pages"}],"about":[{"href":"http:\/\/ronaldruseler.nl\/dir\/wp-json\/wp\/v2\/types\/page"}],"author":[{"embeddable":true,"href":"http:\/\/ronaldruseler.nl\/dir\/wp-json\/wp\/v2\/users\/1"}],"replies":[{"embeddable":true,"href":"http:\/\/ronaldruseler.nl\/dir\/wp-json\/wp\/v2\/comments?post=315"}],"version-history":[{"count":12,"href":"http:\/\/ronaldruseler.nl\/dir\/wp-json\/wp\/v2\/pages\/315\/revisions"}],"predecessor-version":[{"id":2451,"href":"http:\/\/ronaldruseler.nl\/dir\/wp-json\/wp\/v2\/pages\/315\/revisions\/2451"}],"wp:attachment":[{"href":"http:\/\/ronaldruseler.nl\/dir\/wp-json\/wp\/v2\/media?parent=315"}],"curies":[{"name":"wp","href":"https:\/\/api.w.org\/{rel}","templated":true}]}}