{"id":608,"date":"2016-05-17T07:44:46","date_gmt":"2016-05-17T07:44:46","guid":{"rendered":"http:\/\/ronaldruseler.nl\/dir\/?page_id=608"},"modified":"2022-07-05T07:11:53","modified_gmt":"2022-07-05T07:11:53","slug":"west","status":"publish","type":"page","link":"http:\/\/ronaldruseler.nl\/dir\/west\/","title":{"rendered":"WEST"},"content":{"rendered":"\n<figure class=\"wp-block-image size-large is-style-default\"><img decoding=\"async\" src=\"http:\/\/ronaldruseler.nl\/dir\/wp-content\/uploads\/2016\/05\/RR-Alderny.jpg\" alt=\"\"\/><figcaption><em>Alderney &#8211; 1983<\/em><\/figcaption><\/figure>\n\n\n\n<p><strong>Kanaaleilanden:&nbsp;<\/strong><br>Guernsey<br>Jersey<br>Alderney<\/p>\n\n\n\n<p><strong>Engeland<\/strong><br>Londen<\/p>\n\n\n\n<figure class=\"wp-block-image alignnone size-full is-resized wp-image-614 is-style-default\"><img loading=\"lazy\" decoding=\"async\" src=\"http:\/\/ronaldruseler.nl\/dir\/wp-content\/uploads\/2016\/05\/Londen_2012.jpg\" alt=\"Londen_2012\" class=\"wp-image-614\" width=\"432\" height=\"244\"\/><figcaption>Studio 1.1, Londen 2012<\/figcaption><\/figure>\n\n\n\n<p><strong>Wales <\/strong><\/p>\n\n\n\n<p><strong>Schotland<br><\/strong>De Orkaden,<br>De Hebriden<\/p>\n\n\n\n<p><strong>Ierland <\/strong><\/p>\n\n\n\n<p><strong>Far \u00d6er<br><\/strong>T\u00f3rshavn<strong><br><\/strong>Kirkjub\u00f8ur<strong><br><\/strong>Vestmanna<\/p>\n\n\n\n<p><strong>IJsland<\/strong><\/p>\n","protected":false},"excerpt":{"rendered":"<p>Kanaaleilanden:&nbsp;GuernseyJerseyAlderney EngelandLonden Wales SchotlandDe Orkaden,De Hebriden Ierland Far \u00d6erT\u00f3rshavnKirkjub\u00f8urVestmanna IJsland<\/p>\n","protected":false},"author":1,"featured_media":0,"parent":0,"menu_order":0,"comment_status":"closed","ping_status":"closed","template":"","meta":{"footnotes":""},"class_list":["post-608","page","type-page","status-publish","hentry"],"_links":{"self":[{"href":"http:\/\/ronaldruseler.nl\/dir\/wp-json\/wp\/v2\/pages\/608","targetHints":{"allow":["GET"]}}],"collection":[{"href":"http:\/\/ronaldruseler.nl\/dir\/wp-json\/wp\/v2\/pages"}],"about":[{"href":"http:\/\/ronaldruseler.nl\/dir\/wp-json\/wp\/v2\/types\/page"}],"author":[{"embeddable":true,"href":"http:\/\/ronaldruseler.nl\/dir\/wp-json\/wp\/v2\/users\/1"}],"replies":[{"embeddable":true,"href":"http:\/\/ronaldruseler.nl\/dir\/wp-json\/wp\/v2\/comments?post=608"}],"version-history":[{"count":9,"href":"http:\/\/ronaldruseler.nl\/dir\/wp-json\/wp\/v2\/pages\/608\/revisions"}],"predecessor-version":[{"id":1845,"href":"http:\/\/ronaldruseler.nl\/dir\/wp-json\/wp\/v2\/pages\/608\/revisions\/1845"}],"wp:attachment":[{"href":"http:\/\/ronaldruseler.nl\/dir\/wp-json\/wp\/v2\/media?parent=608"}],"curies":[{"name":"wp","href":"https:\/\/api.w.org\/{rel}","templated":true}]}}