{"id":7,"date":"2016-03-23T08:17:22","date_gmt":"2016-03-23T08:17:22","guid":{"rendered":"http:\/\/ronaldruseler.nl\/dir\/?page_id=7"},"modified":"2022-07-08T02:59:07","modified_gmt":"2022-07-08T02:59:07","slug":"europa","status":"publish","type":"page","link":"http:\/\/ronaldruseler.nl\/dir\/europa\/","title":{"rendered":"Europa"},"content":{"rendered":"<p><strong><a href=\"http:\/\/ronaldruseler.nl\/dir\/balticum\/\">Balticum<\/a><\/strong><br \/><strong> <a href=\"http:\/\/ronaldruseler.nl\/dir\/belgie\/\">Belgi\u00eb<\/a><\/strong><br \/><strong> Cyprus<\/strong><br \/><strong> <a href=\"http:\/\/ronaldruseler.nl\/dir\/denemarken\/\">Denemarken<\/a><a href=\"http:\/\/ronaldruseler.nl\/dir\/duitsland\/\"><br \/>Duitsland<br \/><\/a><a href=\"http:\/\/ronaldruseler.nl\/dir\/engeland\/\">Engeland<\/a><br \/><\/strong><a style=\"font-size: revert;\" href=\"http:\/\/ronaldruseler.nl\/dir\/far-or\/\"><b>Far \u00d8r<\/b><\/a><strong><br \/><\/strong><strong> <a href=\"http:\/\/ronaldruseler.nl\/dir\/denemarken\/\">Finland<\/a><\/strong><br \/><strong> <a href=\"http:\/\/ronaldruseler.nl\/dir\/frankrijk\/\">Frankrijk<\/a><\/strong><br \/><strong> <a href=\"http:\/\/ronaldruseler.nl\/dir\/griekenland\/\">Griekenland<\/a><\/strong><br \/><strong> Hongarije<br \/><a href=\"http:\/\/ronaldruseler.nl\/dir\/ijsland\/\">IJsland<\/a><\/strong><br \/><a href=\"http:\/\/ronaldruseler.nl\/dir\/italie\/\"><strong> Itali\u00eb<\/strong><\/a><br \/><strong> Kroati\u00eb<\/strong><br \/><strong> <a href=\"http:\/\/ronaldruseler.nl\/dir\/kanaaleilanden\/\">Kanaaleilanden<\/a><\/strong><br \/><strong>Luxemburg<\/strong><br \/><strong> Macedoni\u00eb<\/strong><br \/><strong> Malta<\/strong><br \/><a href=\"http:\/\/ronaldruseler.nl\/dir\/noorwegen-2\/\"><strong> Noorwegen<\/strong><\/a><br \/><strong> Oostenrijk<\/strong><br \/><strong> <a href=\"http:\/\/ronaldruseler.nl\/dir\/polen\/\">Polen<br \/><\/a><a href=\"http:\/\/ronaldruseler.nl\/dir\/portugal\/\">Portugal<\/a><a href=\"http:\/\/ronaldruseler.nl\/dir\/polen\/\"><br \/>Scandinavi\u00eb<\/a><\/strong><br \/><strong> Servi\u00eb<\/strong><br \/><strong> Sloveni\u00eb<\/strong><br \/><strong> Slowakije<\/strong><br \/><strong> <a href=\"http:\/\/ronaldruseler.nl\/dir\/spanje\/\">Spanje<\/a><\/strong><br \/><strong> Tsjechi\u00eb<\/strong><br \/><strong> <a href=\"http:\/\/ronaldruseler.nl\/dir\/turkije\/\">Turkije<\/a><\/strong><br \/><strong> Wales<\/strong><br \/><strong> <a href=\"http:\/\/ronaldruseler.nl\/dir\/denemarken\/\">Zweden<\/a><\/strong><br \/><strong> Zwitserland<\/strong><\/p>\n<p>\u00a0<\/p>\n\n\n<p><\/p>\n","protected":false},"excerpt":{"rendered":"<p>Balticum Belgi\u00eb Cyprus DenemarkenDuitslandEngelandFar \u00d8r Finland Frankrijk Griekenland HongarijeIJsland Itali\u00eb Kroati\u00eb KanaaleilandenLuxemburg Macedoni\u00eb Malta Noorwegen Oostenrijk PolenPortugalScandinavi\u00eb Servi\u00eb Sloveni\u00eb Slowakije Spanje Tsjechi\u00eb Turkije Wales Zweden Zwitserland \u00a0<\/p>\n","protected":false},"author":1,"featured_media":0,"parent":0,"menu_order":0,"comment_status":"closed","ping_status":"closed","template":"","meta":{"footnotes":""},"class_list":["post-7","page","type-page","status-publish","hentry"],"_links":{"self":[{"href":"http:\/\/ronaldruseler.nl\/dir\/wp-json\/wp\/v2\/pages\/7","targetHints":{"allow":["GET"]}}],"collection":[{"href":"http:\/\/ronaldruseler.nl\/dir\/wp-json\/wp\/v2\/pages"}],"about":[{"href":"http:\/\/ronaldruseler.nl\/dir\/wp-json\/wp\/v2\/types\/page"}],"author":[{"embeddable":true,"href":"http:\/\/ronaldruseler.nl\/dir\/wp-json\/wp\/v2\/users\/1"}],"replies":[{"embeddable":true,"href":"http:\/\/ronaldruseler.nl\/dir\/wp-json\/wp\/v2\/comments?post=7"}],"version-history":[{"count":27,"href":"http:\/\/ronaldruseler.nl\/dir\/wp-json\/wp\/v2\/pages\/7\/revisions"}],"predecessor-version":[{"id":1907,"href":"http:\/\/ronaldruseler.nl\/dir\/wp-json\/wp\/v2\/pages\/7\/revisions\/1907"}],"wp:attachment":[{"href":"http:\/\/ronaldruseler.nl\/dir\/wp-json\/wp\/v2\/media?parent=7"}],"curies":[{"name":"wp","href":"https:\/\/api.w.org\/{rel}","templated":true}]}}