{"id":826,"date":"2018-01-04T13:22:41","date_gmt":"2018-01-04T13:22:41","guid":{"rendered":"http:\/\/ronaldruseler.nl\/dir\/?page_id=826"},"modified":"2018-01-07T13:41:07","modified_gmt":"2018-01-07T13:41:07","slug":"kaap-verdie","status":"publish","type":"page","link":"http:\/\/ronaldruseler.nl\/dir\/kaap-verdie\/","title":{"rendered":"Kaapverdi\u00eb"},"content":{"rendered":"<p><img loading=\"lazy\" decoding=\"async\" class=\"wp-image-832 size-full\" src=\"http:\/\/ronaldruseler.nl\/dir\/wp-content\/uploads\/2018\/01\/Srand.jpg\" alt=\"\" width=\"2849\" height=\"851\" srcset=\"http:\/\/ronaldruseler.nl\/dir\/wp-content\/uploads\/2018\/01\/Srand.jpg 2849w, http:\/\/ronaldruseler.nl\/dir\/wp-content\/uploads\/2018\/01\/Srand-300x90.jpg 300w, http:\/\/ronaldruseler.nl\/dir\/wp-content\/uploads\/2018\/01\/Srand-768x229.jpg 768w, http:\/\/ronaldruseler.nl\/dir\/wp-content\/uploads\/2018\/01\/Srand-1024x306.jpg 1024w, http:\/\/ronaldruseler.nl\/dir\/wp-content\/uploads\/2018\/01\/Srand-624x186.jpg 624w\" sizes=\"auto, (max-width: 2849px) 100vw, 2849px\" \/><\/p>\n<p><img loading=\"lazy\" decoding=\"async\" class=\"wp-image-835 size-full\" src=\"http:\/\/ronaldruseler.nl\/dir\/wp-content\/uploads\/2018\/01\/Calhau.jpg\" alt=\"\" width=\"3456\" height=\"856\" srcset=\"http:\/\/ronaldruseler.nl\/dir\/wp-content\/uploads\/2018\/01\/Calhau.jpg 3456w, http:\/\/ronaldruseler.nl\/dir\/wp-content\/uploads\/2018\/01\/Calhau-300x74.jpg 300w, http:\/\/ronaldruseler.nl\/dir\/wp-content\/uploads\/2018\/01\/Calhau-768x190.jpg 768w, http:\/\/ronaldruseler.nl\/dir\/wp-content\/uploads\/2018\/01\/Calhau-1024x254.jpg 1024w, http:\/\/ronaldruseler.nl\/dir\/wp-content\/uploads\/2018\/01\/Calhau-624x155.jpg 624w\" sizes=\"auto, (max-width: 3456px) 100vw, 3456px\" \/><\/p>\n<table>\n<tbody>\n<tr>\n<td><strong><span style=\"font-size: 12pt;\">Sal<\/span><\/strong><\/td>\n<td><span style=\"font-size: 12pt;\">Santa Maria<\/span><\/td>\n<\/tr>\n<tr>\n<td><strong><span style=\"font-size: 12pt;\">S\u00e3o Vicente<\/span><\/strong><\/td>\n<td><span style=\"font-size: 12pt;\">Mindelo<\/span><br \/>\n<span style=\"font-size: 12pt;\"> Calhau<\/span><br \/>\n<span style=\"font-size: 12pt;\"> S\u00e3o Pedro<\/span><\/td>\n<\/tr>\n<tr>\n<td><strong><span style=\"font-size: 12pt;\">Santo Ant\u00e3o<\/span><\/strong><\/td>\n<td><span style=\"font-size: 12pt;\">Porto Novo<br \/>\nCorda<br \/>\nSinagoga<\/span><br \/>\n<span style=\"font-size: 12pt;\"> Ribeira Grande<\/span><br \/>\n<span style=\"font-size: 12pt;\"> Ponta do Sol<\/span><br \/>\n<span style=\"font-size: 12pt;\"> Pombas<\/span><br \/>\n<span style=\"font-size: 12pt;\"> X\u00f5X\u00f5<\/span><\/td>\n<\/tr>\n<tr>\n<td><strong><span style=\"font-size: 12pt;\">Santiago<\/span><\/strong><\/td>\n<td><span style=\"font-size: 12pt;\">Praia<\/span><br \/>\n<span style=\"font-size: 12pt;\"> Cicade Velha<\/span><br \/>\n<span style=\"font-size: 12pt;\"> Assomada<\/span><br \/>\n<span style=\"font-size: 12pt;\"> Tarrafal<\/span><\/td>\n<\/tr>\n<\/tbody>\n<\/table>\n<p><strong><span style=\"font-size: 12pt;\"><img loading=\"lazy\" decoding=\"async\" class=\"alignnone size-full wp-image-853\" src=\"http:\/\/ronaldruseler.nl\/dir\/wp-content\/uploads\/2018\/01\/Sao-Vicente.png\" alt=\"\" width=\"3801\" height=\"1059\" srcset=\"http:\/\/ronaldruseler.nl\/dir\/wp-content\/uploads\/2018\/01\/Sao-Vicente.png 3801w, http:\/\/ronaldruseler.nl\/dir\/wp-content\/uploads\/2018\/01\/Sao-Vicente-300x84.png 300w, http:\/\/ronaldruseler.nl\/dir\/wp-content\/uploads\/2018\/01\/Sao-Vicente-768x214.png 768w, http:\/\/ronaldruseler.nl\/dir\/wp-content\/uploads\/2018\/01\/Sao-Vicente-1024x285.png 1024w, http:\/\/ronaldruseler.nl\/dir\/wp-content\/uploads\/2018\/01\/Sao-Vicente-624x174.png 624w\" sizes=\"auto, (max-width: 3801px) 100vw, 3801px\" \/><\/span><\/strong><\/p>\n<div id=\"attachment_912\" style=\"width: 710px\" class=\"wp-caption alignnone\"><img loading=\"lazy\" decoding=\"async\" aria-describedby=\"caption-attachment-912\" class=\"wp-image-912 size-full\" src=\"http:\/\/ronaldruseler.nl\/dir\/wp-content\/uploads\/2018\/01\/casa-evora.jpg\" alt=\"\" width=\"700\" height=\"196\" srcset=\"http:\/\/ronaldruseler.nl\/dir\/wp-content\/uploads\/2018\/01\/casa-evora.jpg 700w, http:\/\/ronaldruseler.nl\/dir\/wp-content\/uploads\/2018\/01\/casa-evora-300x84.jpg 300w, http:\/\/ronaldruseler.nl\/dir\/wp-content\/uploads\/2018\/01\/casa-evora-624x175.jpg 624w\" sizes=\"auto, (max-width: 700px) 100vw, 700px\" \/><p id=\"caption-attachment-912\" class=\"wp-caption-text\">Casa Cesaria Evora -Mindelo<\/p><\/div>\n","protected":false},"excerpt":{"rendered":"<p>Sal Santa Maria S\u00e3o Vicente Mindelo Calhau S\u00e3o Pedro Santo Ant\u00e3o Porto Novo Corda Sinagoga Ribeira Grande Ponta do Sol Pombas X\u00f5X\u00f5 Santiago Praia Cicade Velha Assomada Tarrafal<\/p>\n","protected":false},"author":1,"featured_media":0,"parent":0,"menu_order":0,"comment_status":"closed","ping_status":"closed","template":"","meta":{"footnotes":""},"class_list":["post-826","page","type-page","status-publish","hentry"],"_links":{"self":[{"href":"http:\/\/ronaldruseler.nl\/dir\/wp-json\/wp\/v2\/pages\/826","targetHints":{"allow":["GET"]}}],"collection":[{"href":"http:\/\/ronaldruseler.nl\/dir\/wp-json\/wp\/v2\/pages"}],"about":[{"href":"http:\/\/ronaldruseler.nl\/dir\/wp-json\/wp\/v2\/types\/page"}],"author":[{"embeddable":true,"href":"http:\/\/ronaldruseler.nl\/dir\/wp-json\/wp\/v2\/users\/1"}],"replies":[{"embeddable":true,"href":"http:\/\/ronaldruseler.nl\/dir\/wp-json\/wp\/v2\/comments?post=826"}],"version-history":[{"count":10,"href":"http:\/\/ronaldruseler.nl\/dir\/wp-json\/wp\/v2\/pages\/826\/revisions"}],"predecessor-version":[{"id":913,"href":"http:\/\/ronaldruseler.nl\/dir\/wp-json\/wp\/v2\/pages\/826\/revisions\/913"}],"wp:attachment":[{"href":"http:\/\/ronaldruseler.nl\/dir\/wp-json\/wp\/v2\/media?parent=826"}],"curies":[{"name":"wp","href":"https:\/\/api.w.org\/{rel}","templated":true}]}}