{"id":959,"date":"2019-02-20T11:02:32","date_gmt":"2019-02-20T11:02:32","guid":{"rendered":"http:\/\/ronaldruseler.nl\/dir\/?page_id=959"},"modified":"2020-02-15T09:42:03","modified_gmt":"2020-02-15T09:42:03","slug":"arquipelago-dos-acores","status":"publish","type":"page","link":"http:\/\/ronaldruseler.nl\/dir\/arquipelago-dos-acores\/","title":{"rendered":"Arquip\u00e9lago dos A\u00e7ores"},"content":{"rendered":"\n<p><strong>Ilha de S\u00e3o Miguel<\/strong><br> Punta Delgada<br> Ribeira Grande \u2013 Arquip\u00e9lago|Centro de artesa contempor\u00e2neas<br> Sete Cidades<\/p>\n\n\n\n<figure class=\"wp-block-image size-large\"><img loading=\"lazy\" decoding=\"async\" width=\"1024\" height=\"622\" src=\"http:\/\/ronaldruseler.nl\/dir\/wp-content\/uploads\/2020\/02\/Schermafbeelding-2020-02-15-om-10.24.43-1024x622.png\" alt=\"\" class=\"wp-image-1448\" srcset=\"http:\/\/ronaldruseler.nl\/dir\/wp-content\/uploads\/2020\/02\/Schermafbeelding-2020-02-15-om-10.24.43-1024x622.png 1024w, http:\/\/ronaldruseler.nl\/dir\/wp-content\/uploads\/2020\/02\/Schermafbeelding-2020-02-15-om-10.24.43-300x182.png 300w, http:\/\/ronaldruseler.nl\/dir\/wp-content\/uploads\/2020\/02\/Schermafbeelding-2020-02-15-om-10.24.43-768x466.png 768w, http:\/\/ronaldruseler.nl\/dir\/wp-content\/uploads\/2020\/02\/Schermafbeelding-2020-02-15-om-10.24.43-1536x933.png 1536w, http:\/\/ronaldruseler.nl\/dir\/wp-content\/uploads\/2020\/02\/Schermafbeelding-2020-02-15-om-10.24.43-624x379.png 624w, http:\/\/ronaldruseler.nl\/dir\/wp-content\/uploads\/2020\/02\/Schermafbeelding-2020-02-15-om-10.24.43.png 1976w\" sizes=\"auto, (max-width: 1024px) 100vw, 1024px\" \/><\/figure>\n\n\n\n<p><strong>Ilha de Terceira<br><\/strong> Angra do Hero\u00edsmo<br> Altares<br> Lagoa do Negro<br> Grutta do Natal<br> Furnas do Enxofre<br> S\u00e2o Sebasti\u00e2o<br> Punta das Contestas<br> Praia da Vit\u00f3ria<\/p>\n\n\n\n<figure class=\"wp-block-image size-large\"><img loading=\"lazy\" decoding=\"async\" width=\"1024\" height=\"753\" src=\"http:\/\/ronaldruseler.nl\/dir\/wp-content\/uploads\/2020\/02\/Schermafbeelding-2020-02-15-om-10.33.16-1024x753.png\" alt=\"\" class=\"wp-image-1450\" srcset=\"http:\/\/ronaldruseler.nl\/dir\/wp-content\/uploads\/2020\/02\/Schermafbeelding-2020-02-15-om-10.33.16-1024x753.png 1024w, http:\/\/ronaldruseler.nl\/dir\/wp-content\/uploads\/2020\/02\/Schermafbeelding-2020-02-15-om-10.33.16-300x221.png 300w, http:\/\/ronaldruseler.nl\/dir\/wp-content\/uploads\/2020\/02\/Schermafbeelding-2020-02-15-om-10.33.16-768x565.png 768w, http:\/\/ronaldruseler.nl\/dir\/wp-content\/uploads\/2020\/02\/Schermafbeelding-2020-02-15-om-10.33.16-1536x1130.png 1536w, http:\/\/ronaldruseler.nl\/dir\/wp-content\/uploads\/2020\/02\/Schermafbeelding-2020-02-15-om-10.33.16-624x459.png 624w, http:\/\/ronaldruseler.nl\/dir\/wp-content\/uploads\/2020\/02\/Schermafbeelding-2020-02-15-om-10.33.16.png 2034w\" sizes=\"auto, (max-width: 1024px) 100vw, 1024px\" \/><\/figure>\n\n\n\n<p><strong>Ilha do Pico<\/strong><br> Madalena<br> Lajes do Pico<br> S\u00e2o Roque do Pico<\/p>\n\n\n\n<p><strong>Ilha do Faial<\/strong><br>Horta<\/p>\n\n\n\n<figure class=\"wp-block-image size-large\"><img loading=\"lazy\" decoding=\"async\" width=\"1024\" height=\"574\" src=\"http:\/\/ronaldruseler.nl\/dir\/wp-content\/uploads\/2020\/02\/Schermafbeelding-2020-02-15-om-10.41.30-1024x574.png\" alt=\"\" class=\"wp-image-1452\" srcset=\"http:\/\/ronaldruseler.nl\/dir\/wp-content\/uploads\/2020\/02\/Schermafbeelding-2020-02-15-om-10.41.30-1024x574.png 1024w, http:\/\/ronaldruseler.nl\/dir\/wp-content\/uploads\/2020\/02\/Schermafbeelding-2020-02-15-om-10.41.30-300x168.png 300w, http:\/\/ronaldruseler.nl\/dir\/wp-content\/uploads\/2020\/02\/Schermafbeelding-2020-02-15-om-10.41.30-768x430.png 768w, http:\/\/ronaldruseler.nl\/dir\/wp-content\/uploads\/2020\/02\/Schermafbeelding-2020-02-15-om-10.41.30-1536x861.png 1536w, http:\/\/ronaldruseler.nl\/dir\/wp-content\/uploads\/2020\/02\/Schermafbeelding-2020-02-15-om-10.41.30-624x350.png 624w, http:\/\/ronaldruseler.nl\/dir\/wp-content\/uploads\/2020\/02\/Schermafbeelding-2020-02-15-om-10.41.30.png 1920w\" sizes=\"auto, (max-width: 1024px) 100vw, 1024px\" \/><\/figure>\n","protected":false},"excerpt":{"rendered":"<p>Ilha de S\u00e3o Miguel Punta Delgada Ribeira Grande \u2013 Arquip\u00e9lago|Centro de artesa contempor\u00e2neas Sete Cidades Ilha de Terceira Angra do Hero\u00edsmo Altares Lagoa do Negro Grutta do Natal Furnas do Enxofre S\u00e2o Sebasti\u00e2o Punta das Contestas Praia da Vit\u00f3ria Ilha do Pico Madalena Lajes do Pico S\u00e2o Roque do Pico Ilha do FaialHorta<\/p>\n","protected":false},"author":1,"featured_media":0,"parent":0,"menu_order":0,"comment_status":"closed","ping_status":"closed","template":"","meta":{"footnotes":""},"class_list":["post-959","page","type-page","status-publish","hentry"],"_links":{"self":[{"href":"http:\/\/ronaldruseler.nl\/dir\/wp-json\/wp\/v2\/pages\/959","targetHints":{"allow":["GET"]}}],"collection":[{"href":"http:\/\/ronaldruseler.nl\/dir\/wp-json\/wp\/v2\/pages"}],"about":[{"href":"http:\/\/ronaldruseler.nl\/dir\/wp-json\/wp\/v2\/types\/page"}],"author":[{"embeddable":true,"href":"http:\/\/ronaldruseler.nl\/dir\/wp-json\/wp\/v2\/users\/1"}],"replies":[{"embeddable":true,"href":"http:\/\/ronaldruseler.nl\/dir\/wp-json\/wp\/v2\/comments?post=959"}],"version-history":[{"count":6,"href":"http:\/\/ronaldruseler.nl\/dir\/wp-json\/wp\/v2\/pages\/959\/revisions"}],"predecessor-version":[{"id":1453,"href":"http:\/\/ronaldruseler.nl\/dir\/wp-json\/wp\/v2\/pages\/959\/revisions\/1453"}],"wp:attachment":[{"href":"http:\/\/ronaldruseler.nl\/dir\/wp-json\/wp\/v2\/media?parent=959"}],"curies":[{"name":"wp","href":"https:\/\/api.w.org\/{rel}","templated":true}]}}