{"id":1105,"date":"2017-02-22T07:38:12","date_gmt":"2017-02-22T07:38:12","guid":{"rendered":"http:\/\/ronaldruseler.nl\/wp-tekst\/?page_id=1105"},"modified":"2025-01-04T18:10:16","modified_gmt":"2025-01-04T18:10:16","slug":"todesfuge-paul-celan","status":"publish","type":"page","link":"http:\/\/ronaldruseler.nl\/wp-tekst\/todesfuge-paul-celan\/","title":{"rendered":"Todesfuge &#8211; Paul Celan"},"content":{"rendered":"\n<figure class=\"wp-block-image size-full is-resized\"><img loading=\"lazy\" decoding=\"async\" src=\"http:\/\/ronaldruseler.nl\/wp-tekst\/wp-content\/uploads\/2025\/01\/Rood-Veld-640x480-1.jpg\" alt=\"\" class=\"wp-image-6424\" width=\"473\" height=\"423\" srcset=\"http:\/\/ronaldruseler.nl\/wp-tekst\/wp-content\/uploads\/2025\/01\/Rood-Veld-640x480-1.jpg 350w, http:\/\/ronaldruseler.nl\/wp-tekst\/wp-content\/uploads\/2025\/01\/Rood-Veld-640x480-1-300x268.jpg 300w\" sizes=\"auto, (max-width: 473px) 100vw, 473px\" \/><figcaption class=\"wp-element-caption\"><sub><em>2004 &#8211; Rood Veld met Zielen , acryl, papier-mach\u00e9 op linnen , 160 x 180 cm.<\/em><\/sub><\/figcaption><\/figure>\n\n\n\n<p><\/p>\n\n\n\n<p>Schwarze Milch der Fr\u00fche wir trinken sie abends<br><span style=\"font-size: 1rem;\">wir trinken sie mittags und morgens wir trinken sie nachts<br><\/span><span style=\"font-size: 1rem;\">wir trinken und trinken<br><\/span><span style=\"font-size: 1rem;\">wir schaufeln ein Grab in den L\u00fcften da liegt man nicht eng<br><\/span><span style=\"font-size: 1rem;\">Ein Mann wohnt im Haus der spielt mit den Schlangen der schreibt<br><\/span><span style=\"font-size: 1rem;\">der schreibt wenn es dunkelt nach Deutschland<br><\/span><span style=\"font-size: 1rem;\">dein goldenes Haar Margarete<\/span><\/p>\n\n\n\n<p>er schreibt es und tritt vor das Haus und es blitzen die Sterne<br>er pfeift seine R\u00fcden herbei<br>er pfeift seine Juden hervor l\u00e4\u00dft schaufeln ein Grab in der Erde<br>er befiehlt uns spielt auf nun zum Tanz<\/p>\n\n\n\n<p>Schwarze Milch der Fr\u00fche wir trinken dich nachts<br>wir trinken dich morgens und mittags wir trinken dich abends<br>wir trinken und trinken<br>Ein Mann wohnt im Haus der spielt mit den Schlangen der schreibt<br>der schreibt wenn es dunkelt nach Deutschland<br>dein goldenes Haar Margarete<br>Dein aschenes Haar Sulamith<\/p>\n\n\n\n<p>wir schaufeln ein Grab in den L\u00fcften da liegt man nicht eng<\/p>\n\n\n\n<p>Er ruft stecht tiefer ins Erdreich ihr einen ihr andern singet und spielt<br>er greift nach dem Eisen im Gurt er schwingts seine Augen sind blau<br>stecht tiefer die Spaten ihr einen ihr anderen spielt weiter zum Tanz auf<\/p>\n\n\n\n<p>Schwarze Milch der Fr\u00fche wir trinken dich nachts<br>wir trinken dich mittags und morgens wir trinken dich abends<br>wir trinken und trinken<br>ein Mann wohnt im Haus dein goldenes Haar Margarete<br>dein aschenes Haar Sulamith er spielt mit den Schlangen<\/p>\n\n\n\n<p>Er ruft spielt s\u00fc\u00dfer den Tod der Tod ist ein Meister aus Deutschland<br>er ruft streicht dunkler die Geigen dann steigt ihr als Rauch in die Luft<br>dann habt ihr ein Grab in den Wolken da liegt man nicht eng<\/p>\n\n\n\n<p>Schwarze Milch der Fr\u00fche wir trinken dich nachts<br>wir trinken dich mittags der Tod ist ein Meister aus Deutschland<br>wir trinken dich abends und morgens wir trinken und trinken<br>der Tod ist ein Meister aus Deutschland sein Auge ist blau<br>er trifft dich mit bleierner Kugel er trifft dich genau<br>ein Mann wohnt im Haus dein goldenes Haar Margarete<br>er hetzt seine R\u00fcden auf uns er schenkt uns ein Grab in der Luft<br>er spielt mit den Schlangen und tr\u00e4umet der Tod ist ein Meister aus<br>Deutschland<\/p>\n\n\n\n<p>dein goldenes Haar Margarete<br>dein aschenes Haar Sulamith<\/p>\n\n\n\n<figure class=\"wp-block-image\"><img loading=\"lazy\" decoding=\"async\" width=\"357\" height=\"54\" src=\"http:\/\/ronaldruseler.nl\/wp-tekst\/wp-content\/uploads\/2017\/02\/Paul_Celan_Cignature.jpg\" alt=\"\" class=\"wp-image-1106\" srcset=\"http:\/\/ronaldruseler.nl\/wp-tekst\/wp-content\/uploads\/2017\/02\/Paul_Celan_Cignature.jpg 357w, http:\/\/ronaldruseler.nl\/wp-tekst\/wp-content\/uploads\/2017\/02\/Paul_Celan_Cignature-300x45.jpg 300w\" sizes=\"auto, (max-width: 357px) 100vw, 357px\" \/><\/figure>\n","protected":false},"excerpt":{"rendered":"<p>Schwarze Milch der Fr\u00fche wir trinken sie abendswir trinken sie mittags und morgens wir trinken sie nachtswir trinken und trinkenwir schaufeln ein Grab in den L\u00fcften da liegt man nicht engEin Mann wohnt im Haus der spielt mit den Schlangen der schreibtder schreibt wenn es dunkelt nach Deutschlanddein goldenes Haar Margarete er schreibt es und tritt vor das Haus und&#8230; <a href=\"http:\/\/ronaldruseler.nl\/wp-tekst\/todesfuge-paul-celan\/\">Read more &raquo;<\/a><\/p>\n","protected":false},"author":1,"featured_media":0,"parent":0,"menu_order":0,"comment_status":"closed","ping_status":"closed","template":"","meta":{"footnotes":""},"class_list":["post-1105","page","type-page","status-publish","hentry"],"_links":{"self":[{"href":"http:\/\/ronaldruseler.nl\/wp-tekst\/wp-json\/wp\/v2\/pages\/1105","targetHints":{"allow":["GET"]}}],"collection":[{"href":"http:\/\/ronaldruseler.nl\/wp-tekst\/wp-json\/wp\/v2\/pages"}],"about":[{"href":"http:\/\/ronaldruseler.nl\/wp-tekst\/wp-json\/wp\/v2\/types\/page"}],"author":[{"embeddable":true,"href":"http:\/\/ronaldruseler.nl\/wp-tekst\/wp-json\/wp\/v2\/users\/1"}],"replies":[{"embeddable":true,"href":"http:\/\/ronaldruseler.nl\/wp-tekst\/wp-json\/wp\/v2\/comments?post=1105"}],"version-history":[{"count":3,"href":"http:\/\/ronaldruseler.nl\/wp-tekst\/wp-json\/wp\/v2\/pages\/1105\/revisions"}],"predecessor-version":[{"id":6426,"href":"http:\/\/ronaldruseler.nl\/wp-tekst\/wp-json\/wp\/v2\/pages\/1105\/revisions\/6426"}],"wp:attachment":[{"href":"http:\/\/ronaldruseler.nl\/wp-tekst\/wp-json\/wp\/v2\/media?parent=1105"}],"curies":[{"name":"wp","href":"https:\/\/api.w.org\/{rel}","templated":true}]}}