{"id":1128,"date":"2017-03-18T17:36:30","date_gmt":"2017-03-18T17:36:30","guid":{"rendered":"http:\/\/ronaldruseler.nl\/wp-tekst\/?page_id=1128"},"modified":"2017-03-18T18:01:58","modified_gmt":"2017-03-18T18:01:58","slug":"im-abendrot-joseph-von-eichendorff","status":"publish","type":"page","link":"http:\/\/ronaldruseler.nl\/wp-tekst\/im-abendrot-joseph-von-eichendorff\/","title":{"rendered":"Im Abendrot &#8211; Joseph von Eichendorff"},"content":{"rendered":"<div id=\"attachment_1132\" style=\"width: 349px\" class=\"wp-caption alignnone\"><img loading=\"lazy\" decoding=\"async\" aria-describedby=\"caption-attachment-1132\" class=\"wp-image-1132 \" src=\"http:\/\/ronaldruseler.nl\/wp-tekst\/wp-content\/uploads\/2017\/03\/P1100076.jpg\" alt=\"\" width=\"339\" height=\"254\" srcset=\"http:\/\/ronaldruseler.nl\/wp-tekst\/wp-content\/uploads\/2017\/03\/P1100076.jpg 3264w, http:\/\/ronaldruseler.nl\/wp-tekst\/wp-content\/uploads\/2017\/03\/P1100076-300x225.jpg 300w, http:\/\/ronaldruseler.nl\/wp-tekst\/wp-content\/uploads\/2017\/03\/P1100076-768x576.jpg 768w, http:\/\/ronaldruseler.nl\/wp-tekst\/wp-content\/uploads\/2017\/03\/P1100076-1024x768.jpg 1024w, http:\/\/ronaldruseler.nl\/wp-tekst\/wp-content\/uploads\/2017\/03\/P1100076-624x468.jpg 624w\" sizes=\"auto, (max-width: 339px) 100vw, 339px\" \/><p id=\"caption-attachment-1132\" class=\"wp-caption-text\">Vogelenzang 29 augustus 2015<\/p><\/div>\n<p>Wir sind durch Not und Freude<br \/>\nGegangen Hand in Hand:<br \/>\nVom Wandern ruhen wir beide<br \/>\nNun \u00fcberm stillen Land.<\/p>\n<p>Rings sich die T\u00e4ler neigen,<br \/>\nEs dunkelt schon die Luft,<br \/>\nZwei Lerchen nur noch steigen<br \/>\nNachtr\u00e4umend in den Duft.<\/p>\n<p>Tritt her und la\u00df sie schwirren,<br \/>\nBald ist es Schlafenszeit,<br \/>\nDa\u00df wir uns nicht verirren<br \/>\nIn dieser Einsamkeit.<\/p>\n<p>O weiter, stiller Friede!<br \/>\nSo tief im Abendrot,<br \/>\nWie sind wir wanderm\u00fcde &#8211;<br \/>\nIs dies etwa der Tod?<\/p>\n<p>Joseph Freiherr von Eichendorff &#8211; 1841<\/p>\n<div id=\"attachment_1136\" style=\"width: 350px\" class=\"wp-caption alignnone\"><img loading=\"lazy\" decoding=\"async\" aria-describedby=\"caption-attachment-1136\" class=\"wp-image-1136 size-full\" src=\"http:\/\/ronaldruseler.nl\/wp-tekst\/wp-content\/uploads\/2017\/03\/Caspar_David_Friedrich_-_Zwei_M\u00e4nner_in_Betrachtung_des_Mondes.jpg\" alt=\"\" width=\"340\" height=\"266\" srcset=\"http:\/\/ronaldruseler.nl\/wp-tekst\/wp-content\/uploads\/2017\/03\/Caspar_David_Friedrich_-_Zwei_M\u00e4nner_in_Betrachtung_des_Mondes.jpg 340w, http:\/\/ronaldruseler.nl\/wp-tekst\/wp-content\/uploads\/2017\/03\/Caspar_David_Friedrich_-_Zwei_M\u00e4nner_in_Betrachtung_des_Mondes-300x235.jpg 300w\" sizes=\"auto, (max-width: 340px) 100vw, 340px\" \/><p id=\"caption-attachment-1136\" class=\"wp-caption-text\">Zwei M\u00e4nner in Betrachtung des Mondes &#8211; Caspar David Friedrich, 1819\/20 \u00d6l auf Leinwand 33 \u00d7 44,5 cm<\/p><\/div>\n","protected":false},"excerpt":{"rendered":"<p>Wir sind durch Not und Freude Gegangen Hand in Hand: Vom Wandern ruhen wir beide Nun \u00fcberm stillen Land. Rings sich die T\u00e4ler neigen, Es dunkelt schon die Luft, Zwei Lerchen nur noch steigen Nachtr\u00e4umend in den Duft. Tritt her und la\u00df sie schwirren, Bald ist es Schlafenszeit, Da\u00df wir uns nicht verirren In dieser Einsamkeit. O weiter, stiller Friede!&#8230; <a href=\"http:\/\/ronaldruseler.nl\/wp-tekst\/im-abendrot-joseph-von-eichendorff\/\">Read more &raquo;<\/a><\/p>\n","protected":false},"author":1,"featured_media":0,"parent":0,"menu_order":0,"comment_status":"closed","ping_status":"closed","template":"","meta":{"footnotes":""},"class_list":["post-1128","page","type-page","status-publish","hentry"],"_links":{"self":[{"href":"http:\/\/ronaldruseler.nl\/wp-tekst\/wp-json\/wp\/v2\/pages\/1128","targetHints":{"allow":["GET"]}}],"collection":[{"href":"http:\/\/ronaldruseler.nl\/wp-tekst\/wp-json\/wp\/v2\/pages"}],"about":[{"href":"http:\/\/ronaldruseler.nl\/wp-tekst\/wp-json\/wp\/v2\/types\/page"}],"author":[{"embeddable":true,"href":"http:\/\/ronaldruseler.nl\/wp-tekst\/wp-json\/wp\/v2\/users\/1"}],"replies":[{"embeddable":true,"href":"http:\/\/ronaldruseler.nl\/wp-tekst\/wp-json\/wp\/v2\/comments?post=1128"}],"version-history":[{"count":8,"href":"http:\/\/ronaldruseler.nl\/wp-tekst\/wp-json\/wp\/v2\/pages\/1128\/revisions"}],"predecessor-version":[{"id":1140,"href":"http:\/\/ronaldruseler.nl\/wp-tekst\/wp-json\/wp\/v2\/pages\/1128\/revisions\/1140"}],"wp:attachment":[{"href":"http:\/\/ronaldruseler.nl\/wp-tekst\/wp-json\/wp\/v2\/media?parent=1128"}],"curies":[{"name":"wp","href":"https:\/\/api.w.org\/{rel}","templated":true}]}}