{"id":118,"date":"2016-02-03T15:28:03","date_gmt":"2016-02-03T15:28:03","guid":{"rendered":"http:\/\/ronaldruseler.nl\/wp-tekst\/?page_id=118"},"modified":"2016-02-03T15:28:03","modified_gmt":"2016-02-03T15:28:03","slug":"la-ville-des-esclaves-entretien-avec-joep-vanlieshout-2008","status":"publish","type":"page","link":"http:\/\/ronaldruseler.nl\/wp-tekst\/la-ville-des-esclaves-entretien-avec-joep-vanlieshout-2008\/","title":{"rendered":"La Ville des Esclaves, Entretien avec Joep vanLieshout &#8211; 2008"},"content":{"rendered":"<p>Area Revue)s( No 16 &#8211; 2008<br \/>\nEntretien avec Ronald Ruseler &#8211; Joep vanLieshout<\/p>\n<p>La Ville des Esclaves<\/p>\n<p>L\u2019artiste Joep van Lieshout a cr\u00e9\u00e9 l\u2019Atelier Van Lieshout en 1995 \u00e0 Rotterdam, entreprise qui produit des objets d\u2019art, de l\u2019architecture et des arts appliqu\u00e9s. Il est connu pour ses Mobile Homes, des unit\u00e9s multifonctionnelles qui offrent \u00e0 l\u2019individu l\u2019enti\u00e8re libert\u00e9 de survivre en compl\u00e8te autarcie. Toutes les pi\u00e8ces de ces projets sont fabriqu\u00e9es par l\u2019Atelier, des gonds de porte \u00e0 la d\u00e9coration int\u00e9rieure, de la cuisine \u00e0 l\u2019alambic de distillation, jusqu\u2019\u00e0 une collection d\u2019armes pour se d\u00e9fendre, comme il l\u2019a propos\u00e9 \u00e0 Rabastin dans le sud de la France o\u00f9 le maire a fait interdire l\u2019exposition.<\/p>\n<p>Vous consid\u00e9rez l\u2019Atelier Van Lieshout comme une vraie entreprise ?<\/p>\n<p>Autrefois, tous les grands ma\u00eetres, comme Rembrandt, avaient un atelier qui travaillait pour eux. Ce n\u2019est pas vrai que les artistes ont toujours travaill\u00e9 seuls, cela ne fait qu\u2019environ cent ans et depuis la fin du XIX\u00b0 si\u00e8cle. Auparavant, les artistes travaillaient \u00e0 de grosses commandes qui regroupaient toutes sortes de corps de m\u00e9tier ; c\u2019est redevenu aujourd\u2019hui \u00e0 nouveau tout-\u00e0-fait courant. C\u2019est ce qui fait que l\u2019Atelier Van Lieshout se situe au c\u0153ur de la soci\u00e9t\u00e9 et en fait naturellement partie.<\/p>\n<p>Votre dernier projet s\u2019intitule SlaveCity. Qu\u2019est-ce que c\u2019est ?<\/p>\n<p>SlaveCity est un projet utopiste tout \u00e0 fait sinistre. C\u2019est une ville organis\u00e9e de mani\u00e8re rationnelle et pratique. Un camp de concentration contemporain dans lequel les habitants travaillent sept heures par jour dans un centre t\u00e9l\u00e9phonique \u00e0 des t\u00e2ches comme les services \u00e0 la client\u00e8le, le t\u00e9l\u00e9marketing, les Technologies de l\u2019Information et de la Communication et la programmation informatique. Par ailleurs, ils travaillent sept heures \u00e0 entretenir la ville, une ville es\u00e9cologique o\u00f9 l\u2019on ne gaspille pas les ressources limit\u00e9es de la nature.<\/p>\n<p>Une ville respectueuse de l\u2019environnement donc\u2026<\/p>\n<p>C\u2019est la premi\u00e8re ville au monde o\u00f9 l\u2019on ne g\u00e2che ni les combustibles non renouvelables ni l\u2019\u00e9lectricit\u00e9. La ville est enti\u00e8rement auto-suffisante. Ses besoins \u00e9nerg\u00e9tiques sont couverts par la bio-\u00e9nergie, l\u2019\u00e9nergie solaire et \u00e9olienne et le biodiesel.<\/p>\n<p>Est-ce aussi le cas de la Slave University ?<\/p>\n<p>Slave University est le centre scientifique de SlaveCity. Elle comporte douze amphith\u00e9\u00e2tres empil\u00e9s les uns sur les autres, l\u2019ensemble recouvert de collines, un environnement naturel. Il y a une Universit\u00e9 pour les hommes et une pour les femmes. Les professeurs qui leur donnent des cours sont les seuls \u00e0 \u00eatre pay\u00e9s pour leur travail.<\/p>\n<p>Faut-il y voir une vision cauchemardesque ?<\/p>\n<p>L\u2019une des choses qui fondent ma r\u00e9flexion, ce sont les mentalit\u00e9s. Ce qui est bien et ce qui est mal. L\u2019origine de mon travail c\u2019est l\u2019hypocrisie. Par exemple, la surpopulation ou bien l\u2019exploitation \u00e0 outrance des ressources naturelles. Il ne faut pas \u00eatre grand proph\u00e8te pour voir que tr\u00e8s bient\u00f4t quelque chose ira mal dans le monde. Ce sont des situations qui r\u00e9clament notre attention et auxquelles je r\u00e9fl\u00e9chis. Je transcris ces r\u00e9flexions dans mes projets et je les rends visibles.<\/p>\n<p>Votre utilisation des nouvelles technologies et de l\u2019efficacit\u00e9 peut-elle \u00eatre consid\u00e9r\u00e9e comme une certaine forme d\u2019optimisme ?<\/p>\n<p>C\u2019est une mani\u00e8re de rendre tout cela acceptable pour les gens, si je peux le dire ainsi. SlaveCity est un mod\u00e8le qui montre le c\u00f4t\u00e9 sombre de notre soci\u00e9t\u00e9 et rend \u00e9vidente la diff\u00e9rence entre ce qui est bon pour le monde et ce qui ne l\u2019est pas. C\u2019est aux gens eux-m\u00eames de d\u00e9cider ce que cela implique.<\/p>\n<p>SlaveCity fait involontairement penser \u00e0 ces pays qui choisissent la prosp\u00e9rit\u00e9 mat\u00e9rielle au d\u00e9triment de la libert\u00e9, comme la Chine\u2026<\/p>\n<p>Pour parler sinc\u00e8rement, je pense qu\u2019\u00e0 l\u2019avenir, la dictature sera la seule forme politique qui subsistera dans notre monde. Le capitalisme ne survivra pas. On nous dit : \u00ab Consommez, consommez ! Reproduisez-vous comme des lapins ! \u00bb Plus il y a d\u2019enfants, plus il y a de clients et \u00e7a fait boule de neige. Comprenez-moi bien, il y a des abus inadmissibles en Chine que je d\u00e9fends absolument pas, mais je trouve tout-\u00e0-fait intelligente la politique de l\u2019enfant unique, qui fait que le premier enfant est gratuit mais que l\u2019on payer un imp\u00f4t \u00e0 l\u2019Etat pour les suivants. C\u2019est une solution \u00e9conomique et efficace. Je suis donc plus en faveur de la Chine ancien mod\u00e8le, m\u00eame si elle a commis beaucoup d\u2019erreurs, que de la Chine nouveau style. Elle se transforme en une soci\u00e9t\u00e9 capitaliste, ce qui, \u00e0 mon avis, n\u2019est pas bon. Et bien, c\u2019est le genre de choses qui jouent sans doute un r\u00f4le dans mon travail, mais ce n\u2019est qu\u2019une petite partie. Les gens pensent trop en termes de cat\u00e9gories. Dans l\u2019ensemble, ils ont peur de d\u00e9velopper des id\u00e9es qui s\u2019\u00e9cartent du droit chemin.<\/p>\n<p>Vous consid\u00e9rez-vous comme un utopiste id\u00e9aliste ou plut\u00f4t un artiste conceptuel ?<\/p>\n<p>Si je dois choisir, je dirais que je suis plut\u00f4t un utopiste id\u00e9aliste !<\/p>\n","protected":false},"excerpt":{"rendered":"<p>Area Revue)s( No 16 &#8211; 2008 Entretien avec Ronald Ruseler &#8211; Joep vanLieshout La Ville des Esclaves L\u2019artiste Joep van Lieshout a cr\u00e9\u00e9 l\u2019Atelier Van Lieshout en 1995 \u00e0 Rotterdam, entreprise qui produit des objets d\u2019art, de l\u2019architecture et des arts appliqu\u00e9s. Il est connu pour ses Mobile Homes, des unit\u00e9s multifonctionnelles qui offrent \u00e0 l\u2019individu l\u2019enti\u00e8re libert\u00e9 de survivre&#8230; <a href=\"http:\/\/ronaldruseler.nl\/wp-tekst\/la-ville-des-esclaves-entretien-avec-joep-vanlieshout-2008\/\">Read more &raquo;<\/a><\/p>\n","protected":false},"author":1,"featured_media":0,"parent":0,"menu_order":0,"comment_status":"closed","ping_status":"closed","template":"","meta":{"footnotes":""},"class_list":["post-118","page","type-page","status-publish","hentry"],"_links":{"self":[{"href":"http:\/\/ronaldruseler.nl\/wp-tekst\/wp-json\/wp\/v2\/pages\/118","targetHints":{"allow":["GET"]}}],"collection":[{"href":"http:\/\/ronaldruseler.nl\/wp-tekst\/wp-json\/wp\/v2\/pages"}],"about":[{"href":"http:\/\/ronaldruseler.nl\/wp-tekst\/wp-json\/wp\/v2\/types\/page"}],"author":[{"embeddable":true,"href":"http:\/\/ronaldruseler.nl\/wp-tekst\/wp-json\/wp\/v2\/users\/1"}],"replies":[{"embeddable":true,"href":"http:\/\/ronaldruseler.nl\/wp-tekst\/wp-json\/wp\/v2\/comments?post=118"}],"version-history":[{"count":1,"href":"http:\/\/ronaldruseler.nl\/wp-tekst\/wp-json\/wp\/v2\/pages\/118\/revisions"}],"predecessor-version":[{"id":119,"href":"http:\/\/ronaldruseler.nl\/wp-tekst\/wp-json\/wp\/v2\/pages\/118\/revisions\/119"}],"wp:attachment":[{"href":"http:\/\/ronaldruseler.nl\/wp-tekst\/wp-json\/wp\/v2\/media?parent=118"}],"curies":[{"name":"wp","href":"https:\/\/api.w.org\/{rel}","templated":true}]}}