{"id":1223,"date":"2017-06-23T07:57:50","date_gmt":"2017-06-23T07:57:50","guid":{"rendered":"http:\/\/ronaldruseler.nl\/wp-tekst\/?page_id=1223"},"modified":"2017-08-21T10:47:30","modified_gmt":"2017-08-21T10:47:30","slug":"roy-villevoye-in-dezelfde-ruimte-deel-je-elkaars-aanwezigheid","status":"publish","type":"page","link":"http:\/\/ronaldruseler.nl\/wp-tekst\/roy-villevoye-in-dezelfde-ruimte-deel-je-elkaars-aanwezigheid\/","title":{"rendered":"Roy Villevoye &#8211; In dezelfde ruimte deel je elkaars aanwezigheid"},"content":{"rendered":"<p><strong><img loading=\"lazy\" decoding=\"async\" class=\"alignnone size-full wp-image-1317\" src=\"http:\/\/ronaldruseler.nl\/wp-tekst\/wp-content\/uploads\/2017\/06\/Villevoy-Palet-1.jpg\" alt=\"\" width=\"1920\" height=\"1384\" srcset=\"http:\/\/ronaldruseler.nl\/wp-tekst\/wp-content\/uploads\/2017\/06\/Villevoy-Palet-1.jpg 1920w, http:\/\/ronaldruseler.nl\/wp-tekst\/wp-content\/uploads\/2017\/06\/Villevoy-Palet-1-300x216.jpg 300w, http:\/\/ronaldruseler.nl\/wp-tekst\/wp-content\/uploads\/2017\/06\/Villevoy-Palet-1-768x554.jpg 768w, http:\/\/ronaldruseler.nl\/wp-tekst\/wp-content\/uploads\/2017\/06\/Villevoy-Palet-1-1024x738.jpg 1024w, http:\/\/ronaldruseler.nl\/wp-tekst\/wp-content\/uploads\/2017\/06\/Villevoy-Palet-1-624x450.jpg 624w\" sizes=\"auto, (max-width: 1920px) 100vw, 1920px\" \/><br \/>\n<\/strong><\/p>\n<p><strong>De Asmat, een volk op Nieuw Guinea, leven nog steeds als traditionele jagers-verzamelaars en staan bekend om hun verfijnde houtsnijwerk. Vijfentwintig jaar geleden wilde Roy Villevoye proberen of hij bij hen terecht kon komen. In de tijd die er op volgde raakte hij bevriend met de bewoners van Sa-Er en sedertdien bezoekt hij hen ieder jaar. De band die hij geleidelijk met hen opgebouwde is voor hem van grote invloed geweest en heeft een fundamentele omwenteling teweeg gebracht in zijn kunst. <\/strong><\/p>\n<p><strong><img loading=\"lazy\" decoding=\"async\" class=\"wp-image-1322 alignleft\" src=\"http:\/\/ronaldruseler.nl\/wp-tekst\/wp-content\/uploads\/2017\/06\/3-R-Villevoye-4luik-groot2.jpg\" alt=\"\" width=\"354\" height=\"102\" \/><\/strong><\/p>\n<p><strong>Zes Primaire Kleuren<\/strong><br \/>\nRoy Villevoye begon zijn carri\u00e8re als schilder, maar de competitieve, op effici\u00ebntie gerichte kunstwereld begon hem op den duur tegen te staan. Tijdens zijn vele bezoeken aan de Asmat ontdekte hij dat kunst bij hen een totaal andere inhoud heeft dan de betekenis die wij er in het westen aan toekennen. In het begin kwamen in zijn fotowerken aspecten aan bod waarin hij zichzelf als westers kunstenaar spiegelde aan de exotische Asmatwereld. Hij fotografeerde bijvoorbeeld een serie kleurvergelijkingen die het verlangen uitdrukten om in dat verre land dingen te zien die zijn eigen essentie en afkomst zichtbaar maakten. [1] Papieren vellen met drie primaire drukkleuren leken aan de ene kant de breking van het licht, het prisma, te symboliseren en anderzijds waren zij het oerhandvat van de schilder. Er ontstond een soort westerse talisman die de jungle infiltreerde. Het bleek tevens een inhoudelijke overlap met de drie basiskleuren waar de Asmat gebruik van maakten n.l. rode oker, gebrand (schelpen)kalkwit en het zwart van houtskool. Ook dat waren kleuren die in de natuur besloten lagen, dan niet ontfutselt aan het licht maar aan de aarde. In die eerste werken was er sprake van een distantie die je achteraf nog het beste kunt omschrijven als de \u2018landing\u2019 in een andere cultuur. Geleidelijk heeft de gevoelsafstand plaats gemaakt voor betrokkenheid waardoor het werk van Villevoye een persoonlijke bespiegeling heeft gekregen. Er zijn ondertussen intense vriendschappen ontstaan en de reiziger van weleer is een welkome gast geworden in een ander thuis.<\/p>\n<p><strong>Gewetensnood en Taboe<\/strong><br \/>\nDie betrokkenheid komt pregnant tot uiting in Madonna (after Omom\u00e1 and C\u00e9line) uit 2008, waarin zijn vriend Omom\u00e1 Roy\u2019s pasgeboren kind draagt. Het beeld is felrealistisch en alles klopt. De lichaamsverhoudingen van de man, zijn huidskleur, de tint van het haar en zelfs de gezichtsuitdrukking is levensecht. Het baby\u2019tje is kwetsbaar en aandoenlijk als een Christuskind. Toen Omom\u00e1 de vraag werd voorgelegd of hij voor dat beeld wilde poseren kwam hij in enorme gewetensnood. Het verzoek, waaraan hij als goede vriend loyaal wilde mee werken zorgde voor moeilijkheden en bracht hem zelfs in groot gevaar, omdat de Asmat alleen beelden voor de gestorvenen maken. Het is een \u2018taboe\u2019 (tabu) die van levende wezens te maken en het overtreden van zo\u2019n taboe wordt vroeg of laat door bovennatuurlijke krachten bestraft. Omom\u00e1\u2019s confrontatie met zijn eigen \u2018dode\u2019 lichaam was uit den boze. De wereld van de Asmatkunstenaar botste met die van de westerse kunstenaar en dit dilemma legde een complexe materie bloot. Omom\u00e1\u2019s beelden maakten de overgang mogelijk van het leven naar de wereld der geesten, zodat het dorp weer verder kon, terwijl Roy probeerde hun vriendschap te bekrachtigen. De afspraak werd gemaakt dat Omom\u00e1 het beeld nooit zou zien en in een videobericht (The Video Message, 2009) probeert Omom\u00e1 op ontroerende wijze in het reine te komen met de situatie. Hij vertelt dat hij in een droom met een geest tot overeenstemming kan komen. Door een financi\u00eble oplossing met hulp van Villevoye kan het gevaar worden afgewend.<\/p>\n<p><img loading=\"lazy\" decoding=\"async\" class=\"wp-image-1321 alignleft\" src=\"http:\/\/ronaldruseler.nl\/wp-tekst\/wp-content\/uploads\/2017\/06\/Oh-my-brother-a.jpg\" alt=\"\" width=\"277\" height=\"190\" \/><\/p>\n<p><strong>Blind, Zien en Rook<\/strong><br \/>\nVorig jaar voltooide Villevoye zijn film \u2018Smoke\u2019 over Adam Ndo, die op achtjarige leeftijd blind werd. Net als Omom\u00e1, zijn vriend, is hij kunstenaar en wanneer de gemeenschap dit van hem verwacht is hij dichter, verhalenverteller of zanger. We zien hem in de film verdrietig zingen in de drooggevallen rivierbedding van het regenwoud. In Europa ondergaat hij een oogoperatie waardoor hij het zicht terugkrijgt. Teruggekeerd in zijn dorp voltrekt zich een drama, want Adam Ndo wordt weer blind. Wat voor ons een chirurgische teleurstelling is, verklaart hij zelf vanuit een ander perspectief. Oorzaak zijn volgens hem een duivel en de rook van het vuur in zijn hut. Zijn lot en positie in de dorpsgemeenschap van Sa-Er lijkt daarmee opnieuw bezegeld. Dat is een zware last voor Adam Ndo, want hij staat er weer alleen voor. Het lied in de rivierbedding is een lamento voor zijn inmiddels gestorven vriend en broeder Omom\u00e1, die hem ooit vergezelde op zijn reis naar Europa.<\/p>\n<p><strong><img loading=\"lazy\" decoding=\"async\" class=\"alignnone size-full wp-image-1319\" src=\"http:\/\/ronaldruseler.nl\/wp-tekst\/wp-content\/uploads\/2017\/06\/unnamed-1.jpg\" alt=\"\" width=\"1484\" height=\"507\" srcset=\"http:\/\/ronaldruseler.nl\/wp-tekst\/wp-content\/uploads\/2017\/06\/unnamed-1.jpg 1484w, http:\/\/ronaldruseler.nl\/wp-tekst\/wp-content\/uploads\/2017\/06\/unnamed-1-300x102.jpg 300w, http:\/\/ronaldruseler.nl\/wp-tekst\/wp-content\/uploads\/2017\/06\/unnamed-1-768x262.jpg 768w, http:\/\/ronaldruseler.nl\/wp-tekst\/wp-content\/uploads\/2017\/06\/unnamed-1-1024x350.jpg 1024w, http:\/\/ronaldruseler.nl\/wp-tekst\/wp-content\/uploads\/2017\/06\/unnamed-1-624x213.jpg 624w\" sizes=\"auto, (max-width: 1484px) 100vw, 1484px\" \/><\/strong><\/p>\n<p><strong>Fascinerende ogenblikken<\/strong><br \/>\nIn zowel Smoke als de recente splitscreenfilm Evidence uit 2017\u00a0[2] komen een paar cruciale sc\u00e8nes voor. Wij zien Omom\u00e1 eerst in Holland een beeld hakken voor zijn Blandafamilie en met trefzekere souplesse bijl en beitel hanteren. Later staat hij in een museum, quasi achteloos, achter zijn oudere broer Rufus Sat\u00ed, want hij kent zijn plaats naast het cultuuropperhoofd van hun gemeenschap . Die bestudeert heel zorgvuldig en geconcentreerd antieke voorouderbeelden. Rufus Sat\u00ed [3] neemt de beelden in de hand, draait ze om en je ziet hem als het ware in zijn eigen Asmatgeschiedenis duiken. Dat zijn fascinerende ogenblikken, omdat de mannen daar niet alleen beeldhouwers zijn, maar tevens representanten van een gewortelde traditie. Deze schakels in combinatie met Villevoye\u2019s persoonlijke contacten leveren interessante kunst op, omdat hij zich steeds afvraagt hoe wij ons tot het \u2018Andere\u2019 verhouden. Villevoye neemt ons mee naar een wereld waar de wildernis zowel supermarkt als een vraatzuchtig wezen is en hij laat met zijn bezoeken aan de Asmat niet alleen zien in hoeverre wij van elkaar verschillen, maar ook waar mensen elkaar vinden. Roy Villevoye probeert ingewikkelde verbanden en structuren te ontrafelen, zowel sociaal als cultureel. Door kunst kan het onzegbare ontvlochten worden en het lukt Villevoye om d\u00e0t bij ons zichtbaar te maken. Het is een pleidooi om elkaars aanwezigheid ten diepste te delen.<\/p>\n<p>Ronald Ruseler voor Palet Magazine, Haarlem \u2013 januari 2017<\/p>\n<p>Bronnen: Films van Roy Villevoye en gesprek met de kunstenaar.<br \/>\nNooit meer slapen \u2013 VPRO, Vrijdag 3 juni 2016<br \/>\nDe Gouden Tak &#8211; James George Frazer (1890)<\/p>\n<p>Noten:<br \/>\n[1] K\u00f3 (Showing Primary Colors in Kombai), 1995\/96<br \/>\n[2] De splitscreenfilm Evidence, 2017 (35\u2019) van Roy Villevoye &amp; Jan Dietvorst was in 2017\u00a0te zien in Argos, Brussel.<br \/>\n[3] broer van Omom\u00e1, met wie hij samen in 2000 voor het eerst naar Nederland reist.<\/p>\n<p><img loading=\"lazy\" decoding=\"async\" class=\"alignnone size-full wp-image-1320\" src=\"http:\/\/ronaldruseler.nl\/wp-tekst\/wp-content\/uploads\/2017\/06\/Villevoy-Palet-2-1.jpg\" alt=\"\" width=\"1891\" height=\"1354\" srcset=\"http:\/\/ronaldruseler.nl\/wp-tekst\/wp-content\/uploads\/2017\/06\/Villevoy-Palet-2-1.jpg 1891w, http:\/\/ronaldruseler.nl\/wp-tekst\/wp-content\/uploads\/2017\/06\/Villevoy-Palet-2-1-300x215.jpg 300w, http:\/\/ronaldruseler.nl\/wp-tekst\/wp-content\/uploads\/2017\/06\/Villevoy-Palet-2-1-768x550.jpg 768w, http:\/\/ronaldruseler.nl\/wp-tekst\/wp-content\/uploads\/2017\/06\/Villevoy-Palet-2-1-1024x733.jpg 1024w, http:\/\/ronaldruseler.nl\/wp-tekst\/wp-content\/uploads\/2017\/06\/Villevoy-Palet-2-1-624x447.jpg 624w\" sizes=\"auto, (max-width: 1891px) 100vw, 1891px\" \/><\/p>\n","protected":false},"excerpt":{"rendered":"<p>De Asmat, een volk op Nieuw Guinea, leven nog steeds als traditionele jagers-verzamelaars en staan bekend om hun verfijnde houtsnijwerk. Vijfentwintig jaar geleden wilde Roy Villevoye proberen of hij bij hen terecht kon komen. In de tijd die er op volgde raakte hij bevriend met de bewoners van Sa-Er en sedertdien bezoekt hij hen ieder jaar. De band die hij&#8230; <a href=\"http:\/\/ronaldruseler.nl\/wp-tekst\/roy-villevoye-in-dezelfde-ruimte-deel-je-elkaars-aanwezigheid\/\">Read more &raquo;<\/a><\/p>\n","protected":false},"author":1,"featured_media":0,"parent":0,"menu_order":0,"comment_status":"closed","ping_status":"closed","template":"","meta":{"footnotes":""},"class_list":["post-1223","page","type-page","status-publish","hentry"],"_links":{"self":[{"href":"http:\/\/ronaldruseler.nl\/wp-tekst\/wp-json\/wp\/v2\/pages\/1223","targetHints":{"allow":["GET"]}}],"collection":[{"href":"http:\/\/ronaldruseler.nl\/wp-tekst\/wp-json\/wp\/v2\/pages"}],"about":[{"href":"http:\/\/ronaldruseler.nl\/wp-tekst\/wp-json\/wp\/v2\/types\/page"}],"author":[{"embeddable":true,"href":"http:\/\/ronaldruseler.nl\/wp-tekst\/wp-json\/wp\/v2\/users\/1"}],"replies":[{"embeddable":true,"href":"http:\/\/ronaldruseler.nl\/wp-tekst\/wp-json\/wp\/v2\/comments?post=1223"}],"version-history":[{"count":6,"href":"http:\/\/ronaldruseler.nl\/wp-tekst\/wp-json\/wp\/v2\/pages\/1223\/revisions"}],"predecessor-version":[{"id":1323,"href":"http:\/\/ronaldruseler.nl\/wp-tekst\/wp-json\/wp\/v2\/pages\/1223\/revisions\/1323"}],"wp:attachment":[{"href":"http:\/\/ronaldruseler.nl\/wp-tekst\/wp-json\/wp\/v2\/media?parent=1223"}],"curies":[{"name":"wp","href":"https:\/\/api.w.org\/{rel}","templated":true}]}}