{"id":1238,"date":"2017-06-23T08:41:55","date_gmt":"2017-06-23T08:41:55","guid":{"rendered":"http:\/\/ronaldruseler.nl\/wp-tekst\/?page_id=1238"},"modified":"2020-10-05T16:16:18","modified_gmt":"2020-10-05T16:16:18","slug":"nieuwe-werkelijkheden-populisme-modernisme","status":"publish","type":"page","link":"http:\/\/ronaldruseler.nl\/wp-tekst\/nieuwe-werkelijkheden-populisme-modernisme\/","title":{"rendered":"Artige Kunst &#038; Modernisme"},"content":{"rendered":"<p><strong><img loading=\"lazy\" decoding=\"async\" class=\"wp-image-1324 alignleft\" src=\"http:\/\/ronaldruseler.nl\/wp-tekst\/wp-content\/uploads\/2017\/06\/cover.jpg\" alt=\"\" width=\"174\" height=\"589\" \/><span style=\"font-size: 14pt;\">Nieuwe werkelijkheden &#8211; Populisme versus Modernisme<\/span><\/strong><\/p>\n<p><strong>In 2017 waren er twee tentoonstellingen die in het themanummer van De Nieuwe over Populisme niet onvermeld mochten blijven. In Bochum was <em>Artige Kunst<\/em> te zien, waar een poging werd gedaan om de kunst van het Nationaalsocialisme een plaats te geven in een groter kunsthistorisch verband. Officieel goedgekeurde Blut und Boden-kunst uit die tijd werd naast de <em>Entartete Kunst<\/em> van de vervolgde en verbannen kunstenaars geplaatst. De aanleiding om deze tentoonstelling te organiseren is het opkomend nieuwe Nationalisme in Europa. Bovendien zijn er ook andere (kunst-) historische theorie\u00ebn die nieuw onderzoek rechtvaardigen. <\/strong><strong>De kunst van de vorige eeuw bestond uit vele parallelle werelden en de caleidoscoop aan opvattingen, stromingen, manifesten en stijlen w\u00e8rd de stijl van de 20e eeuw. Daar hoort de kunst, die onder totalitaire regimes gemaakt werd, ook bij.<br \/>\n<\/strong><strong>Tegelijkertijd was er in M\u00fcnchen de expositie <em>Post War: Art between the Pacific and the Atlantic !945 &#8211; 1965<\/em>,\u00a0<\/strong><strong>van de tentoonstellingsmaker Okwui Enwezor over de invloed en de nawerking die de Tweede Wereldoorlog op de kunst gehad heeft. Beide tentoonstellingen probeerden een antwoord te formuleren over de betekenis van kunst in de 20<sup>e<\/sup> eeuw die recht doet aan de context waarin het toentertijd ontstond. Een discussie die weliswaar al vele decennia voortduurt, maar nu de vorige eeuw definitief achter ons ligt kan de geschiedenis gedeeltelijk herijkt worden. <\/strong><\/p>\n<p><strong>Artige Kunst<br \/>\n<\/strong>Kunst uit de periode van het Nationaalsocialisme is altijd met ongemak bekeken. Het was propagandakunst die tot doel had het Naziregime te verheerlijken. Tussen 1933 en 1945 werd door de NSDAP een propagandacampagne opgezet om het <em>moderne <\/em>uit de kunst te weren. Het werk van vooraanstaande Avant-gardistische kunstenaars werd uit de musea verwijderd, in beslag genomen of vernietigd. In een reeks exposities die door Duitsland toerden werd de Entartete Kunst als verdorven <em>l\u2019art pour l\u2019art <\/em>en decadent voorgesteld.<br \/>\nOm de Nationaalsocialistische principes op grote schaal uit te dragen werd in 1937 in het \u201eHaus der Deutschen Kunst\u201c te M\u00fcnchen de eerste \u201eGro\u00dfen Deutschen Kunstausstellung\u201c door Adolf Hitler geopend met kunst van Duitse bodem. In zijn openingstoespraak sprak hij de volgende woorden:<br \/>\n<em>\u201eBis zum Machtantritt des Nationalsozialismus hat es in Deutschland eine sogenannte moderne Kunst gegeben, d.h. also, wie es schon im Wesen des Wortes liegt, fast jedes Jahr eine andere. Das nationalsozialistische Deutschland will wieder eine deutsche Kunst, und diese soll und wird wie alle sch\u00f6pferischen Werte eines Volkes eine ewige sein.\u201c<br \/>\n<\/em>De Natie eerst. Woorden die ons ook nu in toenemende mate niet onbekend voorkomen. Omdat Adolf Hitler, in tegenstelling tot Stalin en Mussolini, van kunst hield zag hij persoonlijk nauwgezet toe op de Artige-uitgangspunten voor een Duizendjarig Rijk der Kunsten. In de nieuwe canon trof men louter idyllische taferelen of ge\u00efdealiseerde voorstellingen aan.<\/p>\n<p><strong>Schuldig werk en de wonden<br \/>\n<\/strong>In de tentoonstellingszalen werd de <em>schuldige<\/em> Nazikunst afgewisseld met de verboden Avant-garde. De enorme stijlbreuken werden daardoor pijnlijk zichtbaar. De bewieroking van de Contrarevolutie van de NSDAP met voorstellingen over fysieke daadkracht, de verheerlijking van het gezins- en boerenleven, de nieuwe maatschappij in wording maakte keihard duidelijk hoe verstikkend onderdrukking werkt. De maatschappelijke werkelijkheid van oorlog, terreur en massamoord bestond niet of werd door de kunstenaars verbloemd.<\/p>\n<div id=\"attachment_1331\" style=\"width: 163px\" class=\"wp-caption alignleft\"><img loading=\"lazy\" decoding=\"async\" aria-describedby=\"caption-attachment-1331\" class=\"wp-image-1331\" src=\"http:\/\/ronaldruseler.nl\/wp-tekst\/wp-content\/uploads\/2017\/06\/x.jpg\" alt=\"\" width=\"153\" height=\"360\" \/><p id=\"caption-attachment-1331\" class=\"wp-caption-text\">Felix Nussbaum &#8211; Angst, 1941<\/p><\/div>\n<p>Moeilijker werd het als goede en bekwame kunstenaars met <em>boosaardige <\/em>kunst weliswaar met hun tijd meegegaan waren, maar toch op het verkeerde paard gewed hadden. Want wat bijvoorbeeld te denken van Leni Riefenstahl of Emile Nolde? Nolde b.v. omarmde ook het Nationaalsocialisme en Joseph Goebbels, de minister van Propaganda, was een groot liefhebber van zijn werk. Desondanks werd hij in de ban gedaan, toen Goebbels door Hitler te verstaan werd gegeven dat Noldes werk decadent en verdorven was. Dat lot trof ook Ernst Ludwig Kirchner of <em>oorlogshelden<\/em> die tussen 14-18 in de loopgraven gevochten hadden en gesneuveld waren, zoals August Macke.<\/p>\n<p><em>Artige Kunst<\/em> was een kritische waarschuwing tegen het nieuwe populisme in Europa. Nationalistische denkbeelden roepen weer explosieve vragen op over de verhouding tussen kunst en politiek. Daarom stonden onder anderen de beelden van de getalenteerde opportunist Arno Breker naast het werk van bijvoorbeeld Felix Nussbaum die in Auschwitz werd vermoord. De levens, of het lot zo men wil, van deze twee kunstenaars illustreert tevens de bizarre wendingen die een mensenleven kunnen bepalen. Nussbaum verbleef vanwege een Pruisische Staatsprijs in Rome en werkte in dezelfde Deutsche Akademie Rom Villa Massimo waar Arno Breker ook onderdak vond. Zij waren directe buren en hadden contact met elkaar op het moment dat Hitler in 1933 de macht greep. Twee collega\u2019s werkzaam onder \u00e9\u00e9n dak. Breker werd Hitler\u2019s hofleverancier en Nussbaum werd als jood verbannen uit de Duitse kunst.<\/p>\n<div id=\"attachment_1329\" style=\"width: 161px\" class=\"wp-caption alignleft\"><img loading=\"lazy\" decoding=\"async\" aria-describedby=\"caption-attachment-1329\" class=\"wp-image-1329\" src=\"http:\/\/ronaldruseler.nl\/wp-tekst\/wp-content\/uploads\/2017\/06\/Breker_Kameradenx.jpg\" alt=\"\" width=\"151\" height=\"207\" \/><p id=\"caption-attachment-1329\" class=\"wp-caption-text\">Arno Breker &#8211; Die Kameraden, 1940<\/p><\/div>\n<p>Wij kunnen door de ballast van de geschiedenis <em>Totalitaire Kunst <\/em>niet onbevangen bekijken, maar mogen het ook niet veronachtzamen of negeren. Zij zal onherroepelijk onderdeel worden van onze kunstgeschiedenis, was de strekking van de samenstellers en dat vergt een kritisch bewustzijn.<\/p>\n<p><strong>Postwar 1945 \u2013 1965<br \/>\n<\/strong>In het Haus der Kunst in M\u00fcnchen waar de eerste \u201eGro\u00dfen Deutschen Kunstausstellung\u201c plaats vond, had de tentoonstellingsmaker Okwui Enwezor <em>Postwar 1945 \u2013 1965<\/em> samengesteld. Symbolischer kon de plaats niet zijn. Enwezor vroeg zich af hoe de wereld na 1945 de turbulente naoorlogse periode verwerkt heeft en hoe kunstenaars op de trauma\u2019s van de Holocaust en de atoombommen op Hiroshima en Nagasaki gereageerd hebben. Het pijnlijke proces van verwerking en pogingen om op te krabbelen na een allesvernietigende wereldoorlog werd in acht hoofdstukken behandeld. De nawerking van de oorlog kreeg aandacht. Soms uitgedrukt in donker en bijna panisch werk, afgewisseld met koele journalistieke en filmische registraties, zoals het in gereedheid brengen van de eerste atoombom <em>Enola Gay<\/em> voor Hiroshima.<br \/>\nHoe moet de kunst in hemelsnaam verder als de destructie zo onoverkomelijk is? De dood en ellende waar de slachtoffers mee van doen hebben gehad en de mogelijkheid van de mens om met atoombommen een finaal einde te maken aan de mensheid op aarde? Heeft ieder nieuwe stap nog wel zin en welk existentieel vooruitzicht ligt er voor ons in het verschiet? Dat was het grote vraagstuk in de nasleep van een periode waarin alles op zwart leek te gaan.<\/p>\n<div id=\"attachment_1330\" style=\"width: 1010px\" class=\"wp-caption alignnone\"><img loading=\"lazy\" decoding=\"async\" aria-describedby=\"caption-attachment-1330\" class=\"wp-image-1330 size-full\" src=\"http:\/\/ronaldruseler.nl\/wp-tekst\/wp-content\/uploads\/2017\/06\/maruki-FIRE0.jpg\" alt=\"\" width=\"1000\" height=\"245\" srcset=\"http:\/\/ronaldruseler.nl\/wp-tekst\/wp-content\/uploads\/2017\/06\/maruki-FIRE0.jpg 1000w, http:\/\/ronaldruseler.nl\/wp-tekst\/wp-content\/uploads\/2017\/06\/maruki-FIRE0-300x74.jpg 300w, http:\/\/ronaldruseler.nl\/wp-tekst\/wp-content\/uploads\/2017\/06\/maruki-FIRE0-768x188.jpg 768w, http:\/\/ronaldruseler.nl\/wp-tekst\/wp-content\/uploads\/2017\/06\/maruki-FIRE0-624x153.jpg 624w\" sizes=\"auto, (max-width: 1000px) 100vw, 1000px\" \/><p id=\"caption-attachment-1330\" class=\"wp-caption-text\">Maruki Iri and Maruki Toshi Collection The Hiroshima Panels II &#8220;FIRE&#8221;\u30001950, 1.8m\u00d77.2m<\/p><\/div>\n<p>In een televisieregistratie was Hannah Arendt prominent vertegenwoordigd. Zij wees in haar filosofie op de gedachteloosheid die ons kan bevangen wanneer wij ons overgeven aan het kwaad. Wanneer wij ons van geen kwaad bewust zijn of wanneer wij het kwaad niet tot ons bewustzijn willen toelaten, dan zal zelfstandig denken of elk kritisch vermogen verloren gaan. Arendt vatte het in de volgende zin samen:<br \/>\n<em>\u2018Es ist eine traurige Wahrheit, dass das meiste \u00dcbel von Leuten angerichtet wird, die niemals \u00fcber Gut und B\u00f6se nachgedacht haben.\u2019<\/em><br \/>\nDesondanks geloofde zij uiteindelijk in het goede van de Mens:<br \/>\n<em>\u2018Das B\u00f6se ist immer nur extrem, aber niemals radikal, es hat keine Tiefe, auch keine D\u00e4monie. Es kann die ganze Welt verw\u00fcsten, gerade weil es wie ein Pilz an der Oberfl\u00e4che weiterwuchert. Tief aber und radikal ist immer nur das Gute.\u2019<\/em><\/p>\n<p>Enwezor formuleerde daarop verder de gevolgen van deze naoorlogse periode die uitmondde in de mondiale tweedeling van de Koude Oorlog, waarin onverenigbare politieke systemen onwrikbaar tegenover elkaar stonden. West tegenover Oost. In de kunst betekende het kortweg dat de tegenstelling tussen de \u2018Kapitalistische\u2019 Abstractie van de <em>vrije markt<\/em> en het \u2018Communistische\u2019 Sociaalrealisme van de <em>geleide economie<\/em> groeide en dat beide opvattingen onderdeel werden van de Koude Oorlogspropaganda. Bovendien kwam er een dekolonisatie- en migratieproces op gang dat kosmopolitische opvattingen en denkbeelden in de kunst bracht.<\/p>\n<p><strong>Globalistisch Modernisme<br \/>\n<\/strong>De getoonde werken kwamen uit alle windstreken waardoor er veel \u2018onbekende\u2019 kunstenaars een plaats kregen in een universeler en globaler verband. Ook op deze tentoonstelling werden de meest uiteenlopende stijlen en stromingen als gelijkwaardig naast elkaar getoond als een soort 20e eeuws Globalistisch Modernisme. In die samenhang werd je als bezoeker gedwongen om heel goed te kijken, doordat er kunst uit jonge, vrije landen, maar \u00f3\u00f3k uit dictatoriale systemen aan het kunsthistorische curriculum werd toegevoegd. Niet als nivellering of relativering, maar als duiding om je niet te laten opsluiten in (gesloten) systemen of ideologie\u00ebn. D\u00e1t vooral maakte de tentoonstelling van Okwui Enwezor zo bijzonder, net als Artige Kunst, van de curatoren uit Bochum.<\/p>\n<p>Ronald Ruseler \u2013 maart 2017<br \/>\ngeschreven voor De Nieuwe (Amsterdam) &#8211; Themanummer over Populisme<\/p>\n<p><span style=\"font-size: 8pt;\">literatuur:<\/span><br \/>\n<span style=\"font-size: 8pt;\"> 1) &#8220;Artige Kunst&#8221;<br \/>\nKunst und Politik im Nationalsozialismus<\/span><br \/>\n<span style=\"font-size: 8pt;\"> Kunsthalle Rostock: 27. April \u2013 18. Juni 2017<\/span><br \/>\n<span style=\"font-size: 8pt;\"> Kunstforum Ostdeutsche Galerie Regensburg: 14. Juli \u2013 29. Oktober 2017<\/span><br \/>\n<span style=\"font-size: 8pt;\"> 2) Postwar: Art Between the Pacific and the Atlantic, 1945\u20131965<\/span><br \/>\n<span style=\"font-size: 8pt;\">3) Totalitarian Art &#8211; Igor Golomshtock, Overlook Duckworth, 2011<\/span><br \/>\n<span style=\"font-size: 8pt;\">4) Die Malerei im deutschen Faschismus: Kunst u. Konterrevolution (1974) &#8211; Berthold Hinz<\/span><br \/>\n<span style=\"font-size: 8pt;\">5) Orgelman &#8211; Mark Schaevers (2014)<\/span><br \/>\n<span style=\"font-size: 8pt;\"> Felix Nussbaum &#8211; een schildersleven.<\/span><br \/>\n<span style=\"font-size: 8pt;\"> Het werk van Nussbaum is ternauwernood voor ons behouden gebleven.<\/span><\/p>\n","protected":false},"excerpt":{"rendered":"<p>Nieuwe werkelijkheden &#8211; Populisme versus Modernisme In 2017 waren er twee tentoonstellingen die in het themanummer van De Nieuwe over Populisme niet onvermeld mochten blijven. In Bochum was Artige Kunst te zien, waar een poging werd gedaan om de kunst van het Nationaalsocialisme een plaats te geven in een groter kunsthistorisch verband. Officieel goedgekeurde Blut und Boden-kunst uit die tijd&#8230; <a href=\"http:\/\/ronaldruseler.nl\/wp-tekst\/nieuwe-werkelijkheden-populisme-modernisme\/\">Read more &raquo;<\/a><\/p>\n","protected":false},"author":1,"featured_media":0,"parent":0,"menu_order":0,"comment_status":"closed","ping_status":"closed","template":"","meta":{"footnotes":""},"class_list":["post-1238","page","type-page","status-publish","hentry"],"_links":{"self":[{"href":"http:\/\/ronaldruseler.nl\/wp-tekst\/wp-json\/wp\/v2\/pages\/1238","targetHints":{"allow":["GET"]}}],"collection":[{"href":"http:\/\/ronaldruseler.nl\/wp-tekst\/wp-json\/wp\/v2\/pages"}],"about":[{"href":"http:\/\/ronaldruseler.nl\/wp-tekst\/wp-json\/wp\/v2\/types\/page"}],"author":[{"embeddable":true,"href":"http:\/\/ronaldruseler.nl\/wp-tekst\/wp-json\/wp\/v2\/users\/1"}],"replies":[{"embeddable":true,"href":"http:\/\/ronaldruseler.nl\/wp-tekst\/wp-json\/wp\/v2\/comments?post=1238"}],"version-history":[{"count":15,"href":"http:\/\/ronaldruseler.nl\/wp-tekst\/wp-json\/wp\/v2\/pages\/1238\/revisions"}],"predecessor-version":[{"id":3008,"href":"http:\/\/ronaldruseler.nl\/wp-tekst\/wp-json\/wp\/v2\/pages\/1238\/revisions\/3008"}],"wp:attachment":[{"href":"http:\/\/ronaldruseler.nl\/wp-tekst\/wp-json\/wp\/v2\/media?parent=1238"}],"curies":[{"name":"wp","href":"https:\/\/api.w.org\/{rel}","templated":true}]}}