{"id":1640,"date":"2019-05-05T10:19:15","date_gmt":"2019-05-05T10:19:15","guid":{"rendered":"http:\/\/ronaldruseler.nl\/wp-tekst\/?page_id=1640"},"modified":"2019-05-05T10:30:10","modified_gmt":"2019-05-05T10:30:10","slug":"a-la-recherche-du-temps-perdu-marcel-proust","status":"publish","type":"page","link":"http:\/\/ronaldruseler.nl\/wp-tekst\/a-la-recherche-du-temps-perdu-marcel-proust\/","title":{"rendered":"Op zoek naar de verloren tijd &#8211; Marcel Proust"},"content":{"rendered":"<p>&#8216;Sans doute dans ces co\u00efncidences tellement parfaites, quand la r\u00e9alit\u00e9 se replie et s\u2019applique sur ce que nous avons si longtemps r\u00eav\u00e9, elle nous le cache enti\u00e8rement, se confond avec lui, comme deux figures \u00e9gales et superpos\u00e9es qui n\u2019en font plus qu\u2019une, alors qu\u2019au contraire, pour donner \u00e0 notre joie toute sa signification, nous voudrions garder \u00e0 tous ces points de notre d\u00e9sir, dans le moment m\u00eame o\u00f9 nous y touchons, \u2014 et pour \u00eatre plus certain que ce soit bien eux \u2014 le prestige d\u2019\u00eatre intangibles.&#8217;<\/p>\n<p>Marcel Proust<\/p>\n<p><a href=\"http:\/\/ronaldruseler.nl\/wp-tekst\/archipel\/\">http:\/\/ronaldruseler.nl\/wp-tekst\/archipel\/<\/a><\/p>\n<p>\u00c0 la recherche du temps perdu (Op zoek naar de verloren tijd) is een roman van Marcel Proust. Het werk is geschreven tussen 1908 en 1922.<br \/>\nDe romancyclus werd uitgegeven in zeven delen, tussen 1913 en 1927. De laatste drie delen zijn pas uitgegeven na de dood van Proust. Het boek is meer dan een opeenvolging van gebeurtenissen. In tegenstelling tot wat velen denken, bezint de auteur zich in zijn roman op literatuur, en schrijft hij niet alleen over zijn eigen herinneringen.<\/p>\n<p><img loading=\"lazy\" decoding=\"async\" class=\"alignnone size-full wp-image-2206\" src=\"http:\/\/ronaldruseler.nl\/wp-tekst\/wp-content\/uploads\/2019\/05\/MS.jpg\" alt=\"\" width=\"350\" height=\"230\" srcset=\"http:\/\/ronaldruseler.nl\/wp-tekst\/wp-content\/uploads\/2019\/05\/MS.jpg 350w, http:\/\/ronaldruseler.nl\/wp-tekst\/wp-content\/uploads\/2019\/05\/MS-300x197.jpg 300w\" sizes=\"auto, (max-width: 350px) 100vw, 350px\" \/><\/p>\n","protected":false},"excerpt":{"rendered":"<p>&#8216;Sans doute dans ces co\u00efncidences tellement parfaites, quand la r\u00e9alit\u00e9 se replie et s\u2019applique sur ce que nous avons si longtemps r\u00eav\u00e9, elle nous le cache enti\u00e8rement, se confond avec lui, comme deux figures \u00e9gales et superpos\u00e9es qui n\u2019en font plus qu\u2019une, alors qu\u2019au contraire, pour donner \u00e0 notre joie toute sa signification, nous voudrions garder \u00e0 tous ces points&#8230; <a href=\"http:\/\/ronaldruseler.nl\/wp-tekst\/a-la-recherche-du-temps-perdu-marcel-proust\/\">Read more &raquo;<\/a><\/p>\n","protected":false},"author":1,"featured_media":0,"parent":0,"menu_order":0,"comment_status":"closed","ping_status":"closed","template":"","meta":{"footnotes":""},"class_list":["post-1640","page","type-page","status-publish","hentry"],"_links":{"self":[{"href":"http:\/\/ronaldruseler.nl\/wp-tekst\/wp-json\/wp\/v2\/pages\/1640","targetHints":{"allow":["GET"]}}],"collection":[{"href":"http:\/\/ronaldruseler.nl\/wp-tekst\/wp-json\/wp\/v2\/pages"}],"about":[{"href":"http:\/\/ronaldruseler.nl\/wp-tekst\/wp-json\/wp\/v2\/types\/page"}],"author":[{"embeddable":true,"href":"http:\/\/ronaldruseler.nl\/wp-tekst\/wp-json\/wp\/v2\/users\/1"}],"replies":[{"embeddable":true,"href":"http:\/\/ronaldruseler.nl\/wp-tekst\/wp-json\/wp\/v2\/comments?post=1640"}],"version-history":[{"count":4,"href":"http:\/\/ronaldruseler.nl\/wp-tekst\/wp-json\/wp\/v2\/pages\/1640\/revisions"}],"predecessor-version":[{"id":2218,"href":"http:\/\/ronaldruseler.nl\/wp-tekst\/wp-json\/wp\/v2\/pages\/1640\/revisions\/2218"}],"wp:attachment":[{"href":"http:\/\/ronaldruseler.nl\/wp-tekst\/wp-json\/wp\/v2\/media?parent=1640"}],"curies":[{"name":"wp","href":"https:\/\/api.w.org\/{rel}","templated":true}]}}