{"id":1864,"date":"2018-08-25T08:48:57","date_gmt":"2018-08-25T08:48:57","guid":{"rendered":"http:\/\/ronaldruseler.nl\/wp-tekst\/?page_id=1864"},"modified":"2018-08-25T09:11:16","modified_gmt":"2018-08-25T09:11:16","slug":"territoire","status":"publish","type":"page","link":"http:\/\/ronaldruseler.nl\/wp-tekst\/territoire\/","title":{"rendered":"Mon Territoire"},"content":{"rendered":"<div id=\"attachment_1872\" style=\"width: 590px\" class=\"wp-caption alignnone\"><img loading=\"lazy\" decoding=\"async\" aria-describedby=\"caption-attachment-1872\" class=\"wp-image-1872 size-full\" src=\"http:\/\/ronaldruseler.nl\/wp-tekst\/wp-content\/uploads\/2018\/08\/aab-2.jpg\" alt=\"\" width=\"580\" height=\"267\" srcset=\"http:\/\/ronaldruseler.nl\/wp-tekst\/wp-content\/uploads\/2018\/08\/aab-2.jpg 580w, http:\/\/ronaldruseler.nl\/wp-tekst\/wp-content\/uploads\/2018\/08\/aab-2-300x138.jpg 300w\" sizes=\"auto, (max-width: 580px) 100vw, 580px\" \/><p id=\"caption-attachment-1872\" class=\"wp-caption-text\">Champ Ouvert &#8211; AAB, Paris 2016<\/p><\/div>\n<p><span style=\"font-size: 10pt;\"><em>Je vais dispara\u00eetre et ne plus \u00eatre<\/em><\/span><br \/>\n<em><span style=\"font-size: 10pt;\"> mais la terre sur laquelle j&#8217;erre, <\/span><\/em><br \/>\n<em><span style=\"font-size: 10pt;\">elle, restera et ne changera pas<\/span><\/em><br \/>\n<em><span style=\"font-size: 10pt;\">Omaha, Am\u00e9rindien<\/span><\/em><\/p>\n<p><strong>I Mon travail<\/strong><br \/>\nLe voyage et la nature qui sont \u00e0 la base de mon travail. Depuis 1977, toutes mes \u0153uvres forment un ensemble, mon \u00ab Territoire \u00bb. Je n&#8217;ai jamais travaill\u00e9 dans un seul style. C&#8217;est ce que j&#8217;appelle mon multi-stylisme. C&#8217;est ce qui caract\u00e9rise mon travail depuis plus de quarante ans. J&#8217;\u00e9cris et je publie des textes \u00e0 propos de mes voyages et de mon art. (Area Revues, France ; Palet Magazine et De Nieuwe, Pays-Bas)<\/p>\n<p><strong>II Mes voyages<\/strong><br \/>\nJe voyage depuis de nombreuses ann\u00e9es et j&#8217;enregistre chaque voyage par des croquis, des photographies et des carnets de voyage. Au retour, dans mon atelier, je retravaille sur ses impressions. C&#8217;est ainsi que j&#8217;ai err\u00e9 sur les mers, les \u00eeles et les continents. Les dessins de la s\u00e9rie Wilderness et les collages de la s\u00e9rie Selva (Jungle) font partie int\u00e9grante de mon univers.<\/p>\n<p><strong>III Mon processus<\/strong><br \/>\nJe peins, je dessine et je fais des collages. Les techniques et les th\u00e8mes, po\u00e9tiques ou narratifs, sont \u00e9troitement li\u00e9s et se d\u00e9veloppent de mani\u00e8re cyclique et r\u00e9p\u00e9titive. Cela s&#8217;est traduit par les s\u00e9ries :<\/p>\n<ul>\n<li>Les champs ouverts : pour chaque exposition, je choisis parmi des \u0153uvres que j&#8217;ai r\u00e9alis\u00e9es au fil des ann\u00e9es. La forme et la taille des \u00ab murs d&#8217;\u0153uvres \u00bb d\u00e9pendent donc des circonstances, du lieu. Le spectateur fait aussi partie du processus.<\/li>\n<li>Les valises de voyage contiennent une collection de petits panneaux peints dans des \u00abvalises impossibles\u00bb, qui ne peuvent pas voyager avec moi. Chaque valise est un r\u00e9sum\u00e9 de mon parcours de vie.<\/li>\n<\/ul>\n<div id=\"attachment_1873\" style=\"width: 980px\" class=\"wp-caption alignnone\"><img loading=\"lazy\" decoding=\"async\" aria-describedby=\"caption-attachment-1873\" class=\"wp-image-1873 size-full\" src=\"http:\/\/ronaldruseler.nl\/wp-tekst\/wp-content\/uploads\/2018\/08\/frans-museum.jpg\" alt=\"\" width=\"970\" height=\"700\" srcset=\"http:\/\/ronaldruseler.nl\/wp-tekst\/wp-content\/uploads\/2018\/08\/frans-museum.jpg 970w, http:\/\/ronaldruseler.nl\/wp-tekst\/wp-content\/uploads\/2018\/08\/frans-museum-300x216.jpg 300w, http:\/\/ronaldruseler.nl\/wp-tekst\/wp-content\/uploads\/2018\/08\/frans-museum-768x554.jpg 768w, http:\/\/ronaldruseler.nl\/wp-tekst\/wp-content\/uploads\/2018\/08\/frans-museum-624x450.jpg 624w\" sizes=\"auto, (max-width: 970px) 100vw, 970px\" \/><p id=\"caption-attachment-1873\" class=\"wp-caption-text\">Valise de voyage au Mus\u00e9e Frans Hals, Haarlem &#8211; Pays Bas 2016<\/p><\/div>\n<p><span style=\"font-size: 8pt;\">traduction Fr\u00e9d\u00e9rique Le Graverend<\/span><\/p>\n","protected":false},"excerpt":{"rendered":"<p>Je vais dispara\u00eetre et ne plus \u00eatre mais la terre sur laquelle j&#8217;erre, elle, restera et ne changera pas Omaha, Am\u00e9rindien I Mon travail Le voyage et la nature qui sont \u00e0 la base de mon travail. Depuis 1977, toutes mes \u0153uvres forment un ensemble, mon \u00ab Territoire \u00bb. Je n&#8217;ai jamais travaill\u00e9 dans un seul style. C&#8217;est ce que&#8230; <a href=\"http:\/\/ronaldruseler.nl\/wp-tekst\/territoire\/\">Read more &raquo;<\/a><\/p>\n","protected":false},"author":1,"featured_media":0,"parent":0,"menu_order":0,"comment_status":"closed","ping_status":"closed","template":"","meta":{"footnotes":""},"class_list":["post-1864","page","type-page","status-publish","hentry"],"_links":{"self":[{"href":"http:\/\/ronaldruseler.nl\/wp-tekst\/wp-json\/wp\/v2\/pages\/1864","targetHints":{"allow":["GET"]}}],"collection":[{"href":"http:\/\/ronaldruseler.nl\/wp-tekst\/wp-json\/wp\/v2\/pages"}],"about":[{"href":"http:\/\/ronaldruseler.nl\/wp-tekst\/wp-json\/wp\/v2\/types\/page"}],"author":[{"embeddable":true,"href":"http:\/\/ronaldruseler.nl\/wp-tekst\/wp-json\/wp\/v2\/users\/1"}],"replies":[{"embeddable":true,"href":"http:\/\/ronaldruseler.nl\/wp-tekst\/wp-json\/wp\/v2\/comments?post=1864"}],"version-history":[{"count":6,"href":"http:\/\/ronaldruseler.nl\/wp-tekst\/wp-json\/wp\/v2\/pages\/1864\/revisions"}],"predecessor-version":[{"id":1875,"href":"http:\/\/ronaldruseler.nl\/wp-tekst\/wp-json\/wp\/v2\/pages\/1864\/revisions\/1875"}],"wp:attachment":[{"href":"http:\/\/ronaldruseler.nl\/wp-tekst\/wp-json\/wp\/v2\/media?parent=1864"}],"curies":[{"name":"wp","href":"https:\/\/api.w.org\/{rel}","templated":true}]}}