{"id":1915,"date":"2018-10-20T08:47:50","date_gmt":"2018-10-20T08:47:50","guid":{"rendered":"http:\/\/ronaldruseler.nl\/wp-tekst\/?page_id=1915"},"modified":"2023-04-09T13:01:52","modified_gmt":"2023-04-09T13:01:52","slug":"de-volmaakte-reis-bestaat-niet-joost-pollmann","status":"publish","type":"page","link":"http:\/\/ronaldruseler.nl\/wp-tekst\/de-volmaakte-reis-bestaat-niet-joost-pollmann\/","title":{"rendered":"De volmaakte reis bestaat niet &#8211; Joost Pollmann"},"content":{"rendered":"<p><img loading=\"lazy\" decoding=\"async\" class=\"alignnone size-full wp-image-1919\" src=\"http:\/\/ronaldruseler.nl\/wp-tekst\/wp-content\/uploads\/2018\/10\/Solo-RR-1-72.jpg\" alt=\"\" width=\"567\" height=\"429\" srcset=\"http:\/\/ronaldruseler.nl\/wp-tekst\/wp-content\/uploads\/2018\/10\/Solo-RR-1-72.jpg 567w, http:\/\/ronaldruseler.nl\/wp-tekst\/wp-content\/uploads\/2018\/10\/Solo-RR-1-72-300x227.jpg 300w\" sizes=\"auto, (max-width: 567px) 100vw, 567px\" \/><\/p>\n<p>Hij noemt zichzelf een stadsmens, maar geeft niettemin hardnekkig blijk van liefde en belangstelling voor de natuur, voor landschappen, voor bomen vooral in allerlei gedaanten, voor grassen, stenen en gebergten.<br \/>\nRonald Ruseler (1950) heeft de muren in zijn atelier aan de Linschotenstraat in het Rozenprieel behangen met geschilderde vegetatie. Aan een zijwand hangt het grote doek \u2018Onvoltooide tuin II\u2019 \u2013 2017|2018 waarop planten en bomen zijn weergegeven in een waaier een stijlen, van abstract tot figuratief. Dat weerspiegelt Ruselers artistieke credo: \u201cIk wilde me niet vastleggen in \u00e9\u00e9n stijl, zoals bijvoorbeeld Mark Rothko, die trouwens wel een held van mij is. Ik heb altijd artistieke vrijheid nagestreefd; als je mijn oeuvre met een kasteel zou vergelijken, kun je zeggen dat ik alle kasteeldeuren en -ramen tegen elkaar heb opengezet. Ik heb veel stijlen gebruikt, alles wat me in het modernisme interesseert, moet ik kunnen toepassen. Maar vanaf het begin is er toch iets geweest dat het inhoudelijk bij elkaar hield, en dat is de houding van de mens ten opzichte van de natuur. Wat mijn eigen begrip van die natuur is, probeer ik in mijn werk te doorgronden. Ik zeg altijd dat ik een romanticus ben, maar het begrip \u2018romantisch\u2019 is ook gevaarlijk. In de politiek leidt het vaak tot ellende. Dat hebben het communisme en fascisme wel bewezen.\u201d Omdat romantiek haaks staat op feitelijkheid, bedoelt hij, en zich verzet tegen wetenschappelijke realiteitszin. \u201cIk word dan ook heen en weer geslingerd tussen de hang naar het Sublieme en de zegeningen van de Verlichting.\u201d<\/p>\n<p>Toch is Ruseler in het dagelijks leven heel pragmatisch geweest. Als jongen zat hij in Velsen op de Vissering Scholengemeenschap (het latere Vellesan College), haalde vervolgens zijn MO-B-akte op de Academie voor Beeldende Vorming in Amsterdam en heeft vervolgens 41 jaar lesgegeven op de school waar hij eindexamen heeft gedaan. \u201cEen fantastische leuke school, wel met weerbarstige kinderen, kenmerkend voor een haven- en kustplaats, maar als je eenmaal de goede toon te pakken hebt&#8230; Ik gaf er twee dagen per week les en ik ben dus altijd zelfvoorzienend geweest.\u201d<\/p>\n<p><img loading=\"lazy\" decoding=\"async\" class=\"alignnone size-full wp-image-1920\" src=\"http:\/\/ronaldruseler.nl\/wp-tekst\/wp-content\/uploads\/2018\/10\/Solo-RR-2-72.jpg\" alt=\"\" width=\"567\" height=\"418\" srcset=\"http:\/\/ronaldruseler.nl\/wp-tekst\/wp-content\/uploads\/2018\/10\/Solo-RR-2-72.jpg 567w, http:\/\/ronaldruseler.nl\/wp-tekst\/wp-content\/uploads\/2018\/10\/Solo-RR-2-72-300x221.jpg 300w\" sizes=\"auto, (max-width: 567px) 100vw, 567px\" \/><\/p>\n<p>De andere vijf dagen in de week gebruikte hij om kunst te maken en om te reizen. Ruseler is een echte wereldreiziger en heeft samen met zijn partner en collega Margreet Bouman alle continenten bezocht. Enkele jaren terug heeft hij een poster laten drukken die hij \u2018De Imaginaire Reis\u2019 noemde en waarop in de stijl van een metro-plattegrond al zijn reisbestemmingen zijn gerubriceerd: een indrukwekkend aantal. Afgelopen jaar bezochten hij en Margreet nog Patagoni\u00eb en Antarctica, volgend jaar staat de Trans-Siberi\u00eb-express op het programma. Dat zijn re\u00ebele reizen, zou je zeggen, waarom noemt hij ze imaginair? \u201cIn mijn fantasie ben ik bezig aan een wereldreis die begint bij mijn voordeur en eindigt bij mij achterdeur. Maar de volmaakte reis bestaat niet, je kunt niet alles zien en meemaken, zoals je ook niet alles in het leven kunt bereiken. Elke reis is een constructie, die je confronteert met het onmogelijke.\u201d<\/p>\n<p><img loading=\"lazy\" decoding=\"async\" class=\"wp-image-1923 alignleft\" src=\"http:\/\/ronaldruseler.nl\/wp-tekst\/wp-content\/uploads\/2018\/10\/RR-Solo.jpg\" alt=\"\" width=\"186\" height=\"340\" \/><\/p>\n<p>In 2011 exposeerde Ronald in Castellvm Aqvae. \u201cHet was een combi: werken op papier, grote oerwouden en m\u2019n reiskoffer.\u201d Die reiskoffer was er een uit een serie die inmiddels bijna allemaal is uitverkocht. Er horen 25 schilderijtjes bij, maar er passen er maar 24 in de koffer. \u201cHet is dus een onmogelijke koffer, die verwijst naar de Japanse Zen-tuinen waarin bijvoorbeeld expres een steen is verborgen om de harmonie te verstoren.\u201d De oerwouden zijn collages van uitgeknipte planten en bomen die zijn geschilderd met verdunde acrylverf, een herinnering aan zijn bezoeken aan de oerwouden in het noorden van Australi\u00eb.<br \/>\n\u201cHet goeie van Harry Swaaks initiatief,\u201d zegt hij, \u201cis de belangeloosheid. Voor de exposerende kunstenaars is dat supertof. Je hoeft niets van de verkoop af te staan, maar ook lang daarna heeft zo\u2019n tentoonstelling nog een positief effect.\u201d Als dank schonk hij Harry \u2018De heilige bron van Yudono San\u2019, een schilderijtje van groen gras met een feloranje toets, dat verwijst naar een bezoek aan een zeer groen dal in het noorden van Japan, dat sterk contrasteerde met de knaloranje bron van ge\u00f6xideerd water.<\/p>\n<p>Ronald Ruseler was in 1992 betrokken bij de oprichting van de Vishal als kunstenaarsvereniging. Niet als initiatiefnemer, want dat waren vooral Marijke Don en haar groep. Zij ontdekte dat het Frans Halsmuseum, waarvan de Vishal toen nog deel uitmaakte, gaten liet vallen in de programmering: niet alle capaciteit werd gebruikt. Haar groepje kunstenaars stelde aan het museum voor om die gaten in de programmering zelf op te vullen. Ronald ging mede tentoonstellingen maken, zoals met Carla Spruit, de veelbezochte \u2018Kus Me Kus Me Zeeman\u2019, die werd bekeken door ruim 10.000 mensen. De catalogus werd een collector\u2019s item.<br \/>\nWat vindt hij van de Vishal anno nu? \u201cHet gaat goed. Het stemt me optimistisch dat de Vishal in deze vorm nog bestaat. De Vishal biedt een ongelooflijk breed podium op een toplocatie, met kunst voor alle gezindten; we zitten niet in een niche en worden helemaal door vrijwilligers overeind gehouden, ik geef het je te doen. Ik ben nog steeds ambassadeur van de Vishal en maak een rondje naar de politiek als het nodig is. We zijn binnen de kunstenaarsvereniging wel afhankelijk van stemmingen en humeuren, dat geeft een zekere golfslag. Over de voortgang kan ik verder weinig zeggen, we zijn afhankelijk van subsidi\u00ebring en het engagement van de gemeente Haarlem met De Vishal, die per slot een belangrijke cultuurspeler is in de stad. Selfsupporting zullen we nooit worden. Dat is onze opdracht ook niet. Als je de actuele kunst in Haarlem laagdrempelig wilt helpen, moet je geen kaartjes willen verkopen.\u201d<\/p>\n<p>Interview door Joost Pollmann voor het boek SOLO.<br \/>\n25 kunstenaars uit Castellvm Aqvae | Bloemendaal.<br \/>\nEen eerbetoon aan de weldoeners Corrie en Harry Swaak in De Vishal &#8211; Haarlem, 2018<\/p>\n<p><img loading=\"lazy\" decoding=\"async\" class=\" wp-image-1921 alignleft\" src=\"http:\/\/ronaldruseler.nl\/wp-tekst\/wp-content\/uploads\/2018\/10\/Solo-boek.jpg\" alt=\"\" width=\"262\" height=\"320\" srcset=\"http:\/\/ronaldruseler.nl\/wp-tekst\/wp-content\/uploads\/2018\/10\/Solo-boek.jpg 785w, http:\/\/ronaldruseler.nl\/wp-tekst\/wp-content\/uploads\/2018\/10\/Solo-boek-245x300.jpg 245w, http:\/\/ronaldruseler.nl\/wp-tekst\/wp-content\/uploads\/2018\/10\/Solo-boek-768x939.jpg 768w, http:\/\/ronaldruseler.nl\/wp-tekst\/wp-content\/uploads\/2018\/10\/Solo-boek-624x763.jpg 624w\" sizes=\"auto, (max-width: 262px) 100vw, 262px\" \/>Deelnemende kunstenaars;<br \/>\nFons Brasser | Jan Jacobs Mulder | Helmuth van Galen | Ronald Ruseler | Sjoerd Buisman | Piet van Leeuwen | Kuno Grommers | Margreet Bouman | Erik de Bree | Andrew March | Piet Zwaanswijk | Arthur Kempenaar | Eric de Nie | Jan Willem Post | Marissa Evers | Jan Polak | Stefan Kasper | Corinne Bonsma | Stance Oonk | Kees Bierman | Tammo Schuringa | Alice Brasser | Vincent Uilenbroek | Michel van Overbeeke | Michiel Hogenboom<\/p>\n<p>Een tentoonstelling voor De Vishal-Haarlem samengesteld door\u00a0Marissa Evers &amp; Christiaan van Doesburg.<\/p>\n","protected":false},"excerpt":{"rendered":"<p>Hij noemt zichzelf een stadsmens, maar geeft niettemin hardnekkig blijk van liefde en belangstelling voor de natuur, voor landschappen, voor bomen vooral in allerlei gedaanten, voor grassen, stenen en gebergten. Ronald Ruseler (1950) heeft de muren in zijn atelier aan de Linschotenstraat in het Rozenprieel behangen met geschilderde vegetatie. Aan een zijwand hangt het grote doek \u2018Onvoltooide tuin II\u2019 \u2013&#8230; <a href=\"http:\/\/ronaldruseler.nl\/wp-tekst\/de-volmaakte-reis-bestaat-niet-joost-pollmann\/\">Read more &raquo;<\/a><\/p>\n","protected":false},"author":1,"featured_media":0,"parent":0,"menu_order":0,"comment_status":"closed","ping_status":"closed","template":"","meta":{"footnotes":""},"class_list":["post-1915","page","type-page","status-publish","hentry"],"_links":{"self":[{"href":"http:\/\/ronaldruseler.nl\/wp-tekst\/wp-json\/wp\/v2\/pages\/1915","targetHints":{"allow":["GET"]}}],"collection":[{"href":"http:\/\/ronaldruseler.nl\/wp-tekst\/wp-json\/wp\/v2\/pages"}],"about":[{"href":"http:\/\/ronaldruseler.nl\/wp-tekst\/wp-json\/wp\/v2\/types\/page"}],"author":[{"embeddable":true,"href":"http:\/\/ronaldruseler.nl\/wp-tekst\/wp-json\/wp\/v2\/users\/1"}],"replies":[{"embeddable":true,"href":"http:\/\/ronaldruseler.nl\/wp-tekst\/wp-json\/wp\/v2\/comments?post=1915"}],"version-history":[{"count":8,"href":"http:\/\/ronaldruseler.nl\/wp-tekst\/wp-json\/wp\/v2\/pages\/1915\/revisions"}],"predecessor-version":[{"id":4624,"href":"http:\/\/ronaldruseler.nl\/wp-tekst\/wp-json\/wp\/v2\/pages\/1915\/revisions\/4624"}],"wp:attachment":[{"href":"http:\/\/ronaldruseler.nl\/wp-tekst\/wp-json\/wp\/v2\/media?parent=1915"}],"curies":[{"name":"wp","href":"https:\/\/api.w.org\/{rel}","templated":true}]}}