{"id":2121,"date":"2019-03-30T08:36:05","date_gmt":"2019-03-30T08:36:05","guid":{"rendered":"http:\/\/ronaldruseler.nl\/wp-tekst\/?page_id=2121"},"modified":"2019-04-01T12:18:18","modified_gmt":"2019-04-01T12:18:18","slug":"erwin-olaf","status":"publish","type":"page","link":"http:\/\/ronaldruseler.nl\/wp-tekst\/erwin-olaf\/","title":{"rendered":"Erwin Olaf"},"content":{"rendered":"<div>\n<div id=\"attachment_2152\" style=\"width: 710px\" class=\"wp-caption alignnone\"><img loading=\"lazy\" decoding=\"async\" aria-describedby=\"caption-attachment-2152\" class=\"wp-image-2152 size-full\" src=\"http:\/\/ronaldruseler.nl\/wp-tekst\/wp-content\/uploads\/2019\/04\/Pierrot-Erwin-Olaf-RR72.jpg\" alt=\"\" width=\"700\" height=\"473\" srcset=\"http:\/\/ronaldruseler.nl\/wp-tekst\/wp-content\/uploads\/2019\/04\/Pierrot-Erwin-Olaf-RR72.jpg 700w, http:\/\/ronaldruseler.nl\/wp-tekst\/wp-content\/uploads\/2019\/04\/Pierrot-Erwin-Olaf-RR72-300x203.jpg 300w, http:\/\/ronaldruseler.nl\/wp-tekst\/wp-content\/uploads\/2019\/04\/Pierrot-Erwin-Olaf-RR72-624x422.jpg 624w\" sizes=\"auto, (max-width: 700px) 100vw, 700px\" \/><p id=\"caption-attachment-2152\" class=\"wp-caption-text\">Retrospectief Haags Gemeentemuseum &#8211; 2019<\/p><\/div>\n<\/div>\n<p><span style=\"font-size: 14pt;\"><strong>Het levenswerk van Erwin Olaf<\/strong><\/span><\/p>\n<p><strong>Gemeentemuseum Den Haag en Fotomuseum Den Haag brengen met een dubbeltentoonstelling een eerbetoon aan \u00e9\u00e9n van Nederlands beroemdste fotografen: Erwin Olaf. In Fotomuseum Den Haag hangt een overzicht van zijn oudere werk naast dat van zijn fotohelden en het Gemeentemuseum toont een ruim en imposant overzicht van zijn huidige werk. Daar hangen fotoseries en videobeelden, aangevuld met een drietal objecten plus een installatie in Berlage\u2019s Art Decostijl. Het is zijn grootste oeuvreoverzicht tot nu toe.<\/strong><\/p>\n<p>Zoals veel kunstenaars is Erwin Olaf be\u00efnvloed door de iconen van zijn tijd toen hij begon met fotograferen. David Bowie was zo\u2019n idool. De kameleon van de popmuziek vond zichzelf als muzikaal personage steeds opnieuw uit, waarmee hij bewees dat je aan het harnas van de verplichte stijlvastheid kon ontsnappen door voor je eigen artistieke vrijheid op te komen.<br \/>\n\u2018Toen ik begon moest alles in de fotografie in een <em>mal, <\/em>een kader passen. Dan pas werd je geaccepteerd, maar ik daarentegen bezocht een omstreden verblijf van verstandelijk gehandicapten en werkte voor het COC of maakte straatfotografie. Je kon mij vinden in het nachtleven met interesse voor nachtvlinders in bars. Was dat normaal, wat is de norm? Ik ben de fotograaf van mijn eigen werkelijkheid geworden.\u2019<\/p>\n<p><strong>Het gekaapte naakt<\/strong><br \/>\nFaam verwierf hij met zijn eerste grote volwaardige serie <em>Chessmen\u00a0<\/em>uit 1987-88. Rond de 32 stukken van het schaakspel ensceneerde Olaf uitdagende voorstellingen. Een zwartwitwereld met gewaagde bondage, SM, fetisj, geslachtsdelen en bizarre attributen. De sets werden bevolkt door acteurs in alle diktes, vormen en maten. Hij oogstte succes met die barokke fotografie, ondanks de niet malse reacties.<br \/>\n\u2018Het schilderij <em>l\u2019Origine du monde\u00a0<\/em>van Gustave Courbet dat in Parijs hangt beschouwt iedereen als beeldende kunst, vanwege de technieken met verf. Door de uitvinding van de fotografie heeft de porno-industrie het naakt en het plezier in sexualiteit geleidelijk aan gekaapt. Met m\u00edjn naakten wil ik de huid, het haar en het geslachtsdeel weer terugkapen doormiddel van schoonheid, omdat ik eerder ge\u00efnspireerd ben door schilderkunst dan door de fotografie\u2019<\/p>\n<p><strong>Lichaamstaal<\/strong><br \/>\nGeraffineerd neemt Erwin Olaf ons op dit retrospectief mee op een reis door zijn hoofd en de slingerbewegingen die de tocht maakt gaat via overdonderende extravagantie, langs heftige emoties, elegante verstilling, om te eindigen bij liefdevol weergegeven naakten. Als je de ontwikkeling overziet vallen actuele gebeurtenissen en de heftigheid waarmee die hem persoonlijk raken, vaak samen.<br \/>\nWeemoed, heimwee of verdriet, angst en schaamte zijn gevoelens die wij allemaal kennen. Daarover zegt hij:<br \/>\n\u2018De lichaamstaal die wij spreken beschouw ik als een soort choreografie. Het afgewende gelaat is een veel voorkomend thema in de kunst. Een woedend meisje met een gekromd ruggetje of een bepaalde stand van de schouder kan de essentie uitdrukken. We lezen het lichaam en dat zie je op de foto. De ontwikkeling die ik heb doorgemaakt is die van de traditionele fotografie naar beeldende kunst en ik heb het gevoel dat ik na ongeveer 2004 heel goed in mijn vel zit. Ik ben nu een woedende boze man, die ook wel aardig is.\u2019<\/p>\n<div id=\"attachment_2130\" style=\"width: 780px\" class=\"wp-caption alignnone\"><img loading=\"lazy\" decoding=\"async\" aria-describedby=\"caption-attachment-2130\" class=\"wp-image-2130 size-full\" src=\"http:\/\/ronaldruseler.nl\/wp-tekst\/wp-content\/uploads\/2019\/03\/Pierrot-72-kopie.jpg\" alt=\"\" width=\"770\" height=\"450\" srcset=\"http:\/\/ronaldruseler.nl\/wp-tekst\/wp-content\/uploads\/2019\/03\/Pierrot-72-kopie.jpg 770w, http:\/\/ronaldruseler.nl\/wp-tekst\/wp-content\/uploads\/2019\/03\/Pierrot-72-kopie-300x175.jpg 300w, http:\/\/ronaldruseler.nl\/wp-tekst\/wp-content\/uploads\/2019\/03\/Pierrot-72-kopie-768x449.jpg 768w, http:\/\/ronaldruseler.nl\/wp-tekst\/wp-content\/uploads\/2019\/03\/Pierrot-72-kopie-624x365.jpg 624w\" sizes=\"auto, (max-width: 770px) 100vw, 770px\" \/><p id=\"caption-attachment-2130\" class=\"wp-caption-text\">Ashes to Ashes &#8211; David Bowie | Gilles &#8211; Antoine Watteau<\/p><\/div>\n<p><strong>Pierrot<br \/>\n<\/strong>In Ashes to Ashes (1980) kroop held Bowie in het karakter van een fr\u00eale Pierrotclown. In 2012 staat de Pierrot bij Erwin Olaf op een duikplank en staart een beetje hooghartig en afstandelijk naar een jongman die gefixeerd op de zwembadtrap zit. Het Pierrotmotief staat in een bijzondere kunsthistorische traditie en roept de associatie op met misschien wel het beroemdste schilderij, maar ook meest raadselachtige, van de Franse schilder Antoine Watteau (1684 \u2013 1721). Het doek heet <em>Gilles\u00a0<\/em>en hangt eveneens in Parijs. Een wat sullige en trieste acteur uit de Commedia dell\u2019Arte wordt omringd door collega-komedianten, maar Gilles, onze Pierrot, heeft zich van hun spel losgemaakt. Nog gekleed in zijn witzijden kostuum lijkt hij te zeggen dat hij niet meer verder kan. Hij is jong, maar moe en kijkt ons aan. Dat maakt hem diep menselijk. Watteau maakte het schilderij vier jaar voor zijn dood en daarom is de vergelijking met diens kunst is niet zo vreemd. Om de tien jaar maakt Erwin Olaf een zelfportret. Omdat bij hem erfelijk longemfyseem geconstateerd werd liet hij zich op zijn 50-ste in zijn kwetsbaarheid fotograferen voor het drieluik\u00a0<em>I wish, I am, I will be<\/em>. Het drukt dezelfde vermoeidheid uit en de wens mooi te willen blijven, samen met het verdriet dat een niet te genezen ziekte met zich meebrengt.<\/p>\n<p><strong>Maskerade tegen gruwel<\/strong><br \/>\nDe balans tussen de rol die je speelt en de verleidingskunst die nodig is om de ander te overtuigen van je diepgevoelde emoties is de worsteling van iedere kunstenaar. De energie die dat losmaakt werkt als adrenaline en is het groeihormoon voor waarachtige kunst. In een interview legt Olaf uit dat hij het gevoel in beeld wil brengen aan de rand van een vulkaan te leven. Daarom kon hij de terreuraanslagen in de Bataclan en de moord op de redactie van het satirische blad Charlie Hebdo te Parijs niet laten passeren. Voor de eerste museumnacht van Parijs, n\u00e1 de aanslag, maakte hij projecties van traag bewegende naakten die langzaam dubbelbogen en zich weer oprichtten. Daarboven grimaskoppen, als uit een tragedie, de emoties verbeeldend die iedereen moest verwerken bij het horen van het gruwelijke nieuws. Zelf kon hij er niet omheen om zijn intense woede over de toestand uit te drukken in twee freakerige zelfportretten. Is hier de pers\u00f3\u00f3n Erwin boos, bang \u00f2f beide?<\/p>\n<div id=\"attachment_2131\" style=\"width: 710px\" class=\"wp-caption alignnone\"><img loading=\"lazy\" decoding=\"async\" aria-describedby=\"caption-attachment-2131\" class=\"wp-image-2131 size-full\" src=\"http:\/\/ronaldruseler.nl\/wp-tekst\/wp-content\/uploads\/2019\/03\/Olaf-Paris.jpg\" alt=\"\" width=\"700\" height=\"347\" srcset=\"http:\/\/ronaldruseler.nl\/wp-tekst\/wp-content\/uploads\/2019\/03\/Olaf-Paris.jpg 700w, http:\/\/ronaldruseler.nl\/wp-tekst\/wp-content\/uploads\/2019\/03\/Olaf-Paris-300x149.jpg 300w, http:\/\/ronaldruseler.nl\/wp-tekst\/wp-content\/uploads\/2019\/03\/Olaf-Paris-624x309.jpg 624w\" sizes=\"auto, (max-width: 700px) 100vw, 700px\" \/><p id=\"caption-attachment-2131\" class=\"wp-caption-text\">2016, la Nuit Blanche in Parijs<\/p><\/div>\n<p><strong>Een moeilijk stilleven<br \/>\n<\/strong>Olaf reisde naar Berlijn, herbeleefde er de Duitse G\u00f6tterd\u00e4mmerung, maakte in de woestijn van Palm Springs (VS) zijn meest recente serie en bezocht Shanghai. Bombast en barokke ensceneringen zijn langzaamaan plaats gaan maken voor meer ingetogen voorstellingen.<br \/>\n\u2018In Shanghai heb ik een stilleven gemaakt met plastic takken. Ze staan half in het water van een groene glazen vaas. Als je in China gaat fotograferen dan krijg je een hele batterij mannen, die achter de kamera staan of zitten en die allemaal een kleine functie hebben. Zij wachten op het moment dat ze kunnen ingrijpen. Een meneer vond het zijn baan om de bloemen in de vaas te schikken, dus iedere keer als ik een takje aanraakte zette hij het op een andere manier neer. Het maken van een stilleven is millimeterwerk en dat vind ik altijd moeilijk. Die meneer heeft mijn leven, tijdens het fotograferen, tot een hel gemaakt. Zo nauw luistert het.\u2019<\/p>\n<p><strong>Love me<br \/>\n<\/strong>In \u00e9\u00e9n van de zalen zoeken vrouwen die er in China alles voor over hebben om schoonheid met maatschappelijk succes te combineren, op vijf videoschermen contact met ons. De ondertitels zeggen: <em>look at me<\/em>, <em>create me<\/em>, <em>hear me<\/em>, <em>touch me\u00a0<\/em>en niet onbelangrijk <em>love me<\/em>. Over die stedenseries, zegt Erwin Olaf, \u2018Ze gaan allemaal over hoe de realiteit binnensluipt in de door onszelf gecre\u00eberde paradijzen.\u2019<br \/>\nHaal diep adem, recht de rug, stap over de drempel en laat je meevoeren met het avontuur dat zich al die jaren in het hoofd van de kunstenaar voltrokken heeft. \u2018Chapeau\u2019, zegt de Pierrot.<\/p>\n<p>Ronald Ruseler, februari 2019<\/p>\n<p><span style=\"font-size: 8pt;\">Dit stuk is geplaatst in het april-meinummer van Palet<\/span><br \/>\n<span style=\"font-size: 8pt;\">Geraadpleegde bronnen:<\/span><br \/>\n<span style=\"font-size: 8pt;\">\u2013 Bezoek Gemeentemuseum Den Haag &amp; Fotomuseum Den Haag op 14 februari 2019.<\/span><br \/>\n<span style=\"font-size: 8pt;\">\u2013 Persbrochure.<\/span><br \/>\n<span style=\"font-size: 8pt;\">\u2013 Erwin Olaf \u2013 I am, 2019<\/span><br \/>\n<span style=\"font-size: 8pt;\">\u2013 Die Meilensteine einer Fotografenkarriere \u2013 Erwin Olaf gibt eine Lesung in der Fotoakademie-Koeln | 2016, You Tube<\/span><br \/>\n<span style=\"font-size: 8pt;\">\u2013 17th and 18th Century Art \u2013 Julius S. Held | Donald Posner \u2013 1971<\/span><br \/>\n<span style=\"font-size: 8pt;\">\u2013 Meesters en Knechten \u2013 Pierre Michon, 1990<\/span><\/p>\n<div><\/div>\n<div><\/div>\n<div><img loading=\"lazy\" decoding=\"async\" class=\"alignnone size-full wp-image-2122\" src=\"http:\/\/ronaldruseler.nl\/wp-tekst\/wp-content\/uploads\/2019\/03\/Olaf-4x-Insta-72.jpg\" alt=\"\" width=\"700\" height=\"571\" srcset=\"http:\/\/ronaldruseler.nl\/wp-tekst\/wp-content\/uploads\/2019\/03\/Olaf-4x-Insta-72.jpg 700w, http:\/\/ronaldruseler.nl\/wp-tekst\/wp-content\/uploads\/2019\/03\/Olaf-4x-Insta-72-300x245.jpg 300w, http:\/\/ronaldruseler.nl\/wp-tekst\/wp-content\/uploads\/2019\/03\/Olaf-4x-Insta-72-624x509.jpg 624w\" sizes=\"auto, (max-width: 700px) 100vw, 700px\" \/><\/div>\n<div><\/div>\n","protected":false},"excerpt":{"rendered":"<p>Het levenswerk van Erwin Olaf Gemeentemuseum Den Haag en Fotomuseum Den Haag brengen met een dubbeltentoonstelling een eerbetoon aan \u00e9\u00e9n van Nederlands beroemdste fotografen: Erwin Olaf. In Fotomuseum Den Haag hangt een overzicht van zijn oudere werk naast dat van zijn fotohelden en het Gemeentemuseum toont een ruim en imposant overzicht van zijn huidige werk. Daar hangen fotoseries en videobeelden,&#8230; <a href=\"http:\/\/ronaldruseler.nl\/wp-tekst\/erwin-olaf\/\">Read more &raquo;<\/a><\/p>\n","protected":false},"author":1,"featured_media":0,"parent":0,"menu_order":0,"comment_status":"closed","ping_status":"closed","template":"","meta":{"footnotes":""},"class_list":["post-2121","page","type-page","status-publish","hentry"],"_links":{"self":[{"href":"http:\/\/ronaldruseler.nl\/wp-tekst\/wp-json\/wp\/v2\/pages\/2121","targetHints":{"allow":["GET"]}}],"collection":[{"href":"http:\/\/ronaldruseler.nl\/wp-tekst\/wp-json\/wp\/v2\/pages"}],"about":[{"href":"http:\/\/ronaldruseler.nl\/wp-tekst\/wp-json\/wp\/v2\/types\/page"}],"author":[{"embeddable":true,"href":"http:\/\/ronaldruseler.nl\/wp-tekst\/wp-json\/wp\/v2\/users\/1"}],"replies":[{"embeddable":true,"href":"http:\/\/ronaldruseler.nl\/wp-tekst\/wp-json\/wp\/v2\/comments?post=2121"}],"version-history":[{"count":22,"href":"http:\/\/ronaldruseler.nl\/wp-tekst\/wp-json\/wp\/v2\/pages\/2121\/revisions"}],"predecessor-version":[{"id":2154,"href":"http:\/\/ronaldruseler.nl\/wp-tekst\/wp-json\/wp\/v2\/pages\/2121\/revisions\/2154"}],"wp:attachment":[{"href":"http:\/\/ronaldruseler.nl\/wp-tekst\/wp-json\/wp\/v2\/media?parent=2121"}],"curies":[{"name":"wp","href":"https:\/\/api.w.org\/{rel}","templated":true}]}}