{"id":2174,"date":"2019-05-03T08:44:40","date_gmt":"2019-05-03T08:44:40","guid":{"rendered":"http:\/\/ronaldruseler.nl\/wp-tekst\/?page_id=2174"},"modified":"2019-05-03T08:46:27","modified_gmt":"2019-05-03T08:46:27","slug":"ecce-homo","status":"publish","type":"page","link":"http:\/\/ronaldruseler.nl\/wp-tekst\/ecce-homo\/","title":{"rendered":"Ecce Homo (1888) &#8211; Friedrich Nietzsche"},"content":{"rendered":"<p>Ecce Homo<\/p>\n<p>Hoe iemand wordt wat hij is.<\/p>\n<p>(&#8230;)<br \/>\n8.<\/p>\n<p>&#8211; Hat man mich verstanden? &#8211; Ich habe eben kein Wort gesagt, das ich nicht schon vor f\u00fcnf Jahren durch den Mund Zarathustras gesagt h\u00e4tte. &#8211; Die Entdeckung der christlichen Moral ist ein Ereigniss, das nicht seines Gleichen hat, eine wirkliche Katastrophe. Wer \u00fcber sie aufkl\u00e4rt, ist eine force majeure, ein Schicksal, &#8211; er bricht die Geschichte der Menschheit in zwei St\u00fccke. Man lebt vor ihm, man lebt nach ihm\u2026 Der Blitz der Wahrheit traf gerade das, was bisher am H\u00f6chsten stand: wer begreift, was da vernichtet wurde, mag zusehn, ob er \u00fcberhaupt noch Etwas in den H\u00e4nden hat. Alles, was bisher &#8220;Wahrheit&#8221; hiess, ist als die sch\u00e4dlichste, t\u00fcckischste, unterirdischste Form der L\u00fcge erkannt; der heilige Vorwand, die Menschheit zu &#8220;verbessern&#8221; als die List, das Leben selbst auszusaugen, blutarm zu machen. Moral als Vampyrismus\u2026 Wer die Moral entdeckt, hat den Unwerth aller Werthe mit entdeckt, an die man glaubt oder geglaubt hat; er sieht in den verehrtesten, in den selbst heilig gesprochnen Typen des Menschen nichts Ehrw\u00fcrdiges mehr, er sieht die verh\u00e4ngnissvollste Art von Missgeburten darin, verh\u00e4ngnissvoll, weil sie fascinirten\u2026 Der Begriff &#8220;Gott&#8221; erfunden als Gegensatz-Begriff zum Leben, &#8211; in ihm alles Sch\u00e4dliche, Vergiftende, Verleumderische, die ganze Todfeindschaft gegen das Leben in eine entsetzliche Einheit gebracht! Der Begriff &#8220;Jenseits&#8221;, &#8220;wahre Welt&#8221; erfunden, um die einzige Welt zu entwerthen, die es giebt, &#8211; um kein Ziel, keine Vernunft, keine Aufgabe f\u00fcr unsre Erden-Realit\u00e4t \u00fcbrig zu behalten! Der Begriff &#8220;Seele&#8221;, &#8220;Geist&#8221;, zuletzt gar noch &#8220;unsterbliche Seele&#8221;, erfunden, um den Leib zu verachten, um ihn krank &#8211; &#8220;heilig&#8221; &#8211; zu machen, um allen Dingen, die Ernst im Leben verdienen, den Fragen von Nahrung, Wohnung, geistiger Di\u00e4t, Krankenbehandlung, Reinlichkeit, Wetter, einen schauerlichen Leichtsinn entgegenzubringen! Statt der Gesundheit das &#8220;Heil der Seele&#8221; &#8211; will sagen eine folie circulaire zwischen Busskrampf und Erl\u00f6sungs-Hysterie! Der Begriff &#8220;S\u00fcnde&#8221; erfunden sammt dem zugeh\u00f6rigen Folter-Instrument, dem Begriff &#8220;freier Wille&#8221;, um die Instinkte zu verwirren, um das Misstrauen gegen die Instinkte zur zweiten Natur zu machen! Im Begriff des &#8220;Selbstlosen&#8221;, des &#8220;Sich-selbst-Verleugnenden&#8221; das eigentliche d\u00e9cadence-Abzeichen, das Gelockt-werden vom Sch\u00e4dlichen, das Seinen-Nutzen-nicht-mehr-finden-k\u00f6nnen, die Selbst-Zerst\u00f6rung zum Werthzeichen \u00fcberhaupt gemacht, zur &#8220;Pflicht&#8221;, zur &#8220;Heiligkeit&#8221;, zum &#8220;G\u00f6ttlichen&#8221; im Menschen! Endlich &#8211; es ist das Furchtbarste &#8211; im Begriff des guten Menschen die Partei alles Schwachen, Kranken, Missrathnen, An-sich-selber-Leidenden genommen, alles dessen, was zu Grunde gehn soll -, das Gesetz der Selektion gekreuzt, ein Ideal aus dem Widerspruch gegen den stolzen und wohlgerathenen, gegen den jasagenden, gegen den zukunftsgewissen, zukunftverb\u00fcrgenden Menschen gemacht &#8211; dieser heisst nunmehr der B\u00f6se\u2026 Und das Alles wurde geglaubt als Moral! &#8211; Ecrasez l&#8217;inf\u00e2me!\u2014<\/p>\n<p>9.<\/p>\n<p>&#8211; Hat man mich verstanden? &#8211; Dionysos gegen den Gekreuzigten\u2026<\/p>\n<p>Friedrich Nietzsche<\/p>\n","protected":false},"excerpt":{"rendered":"<p>Ecce Homo Hoe iemand wordt wat hij is. (&#8230;) 8. &#8211; Hat man mich verstanden? &#8211; Ich habe eben kein Wort gesagt, das ich nicht schon vor f\u00fcnf Jahren durch den Mund Zarathustras gesagt h\u00e4tte. &#8211; Die Entdeckung der christlichen Moral ist ein Ereigniss, das nicht seines Gleichen hat, eine wirkliche Katastrophe. Wer \u00fcber sie aufkl\u00e4rt, ist eine force majeure,&#8230; <a href=\"http:\/\/ronaldruseler.nl\/wp-tekst\/ecce-homo\/\">Read more &raquo;<\/a><\/p>\n","protected":false},"author":1,"featured_media":0,"parent":0,"menu_order":0,"comment_status":"closed","ping_status":"closed","template":"","meta":{"footnotes":""},"class_list":["post-2174","page","type-page","status-publish","hentry"],"_links":{"self":[{"href":"http:\/\/ronaldruseler.nl\/wp-tekst\/wp-json\/wp\/v2\/pages\/2174","targetHints":{"allow":["GET"]}}],"collection":[{"href":"http:\/\/ronaldruseler.nl\/wp-tekst\/wp-json\/wp\/v2\/pages"}],"about":[{"href":"http:\/\/ronaldruseler.nl\/wp-tekst\/wp-json\/wp\/v2\/types\/page"}],"author":[{"embeddable":true,"href":"http:\/\/ronaldruseler.nl\/wp-tekst\/wp-json\/wp\/v2\/users\/1"}],"replies":[{"embeddable":true,"href":"http:\/\/ronaldruseler.nl\/wp-tekst\/wp-json\/wp\/v2\/comments?post=2174"}],"version-history":[{"count":4,"href":"http:\/\/ronaldruseler.nl\/wp-tekst\/wp-json\/wp\/v2\/pages\/2174\/revisions"}],"predecessor-version":[{"id":2178,"href":"http:\/\/ronaldruseler.nl\/wp-tekst\/wp-json\/wp\/v2\/pages\/2174\/revisions\/2178"}],"wp:attachment":[{"href":"http:\/\/ronaldruseler.nl\/wp-tekst\/wp-json\/wp\/v2\/media?parent=2174"}],"curies":[{"name":"wp","href":"https:\/\/api.w.org\/{rel}","templated":true}]}}