{"id":223,"date":"2016-02-04T08:27:43","date_gmt":"2016-02-04T08:27:43","guid":{"rendered":"http:\/\/ronaldruseler.nl\/wp-tekst\/?page_id=223"},"modified":"2016-02-04T08:34:44","modified_gmt":"2016-02-04T08:34:44","slug":"mer-en-mer","status":"publish","type":"page","link":"http:\/\/ronaldruseler.nl\/wp-tekst\/mer-en-mer\/","title":{"rendered":"MER EN MER&#8230;"},"content":{"rendered":"<p>Area Revue)s( no 12 &#8211; Paris<br \/>\n1. Territoire<\/p>\n<p>Il me plait de me trouver dans les territoires myst\u00e9rieux de l\u2019entre deux, lieux de transition, sans signification ni intention, dont l\u2019existence est le fruit du hasard.<br \/>\nCe \u00ab territoire \u00bb est un lieu imaginaire dans lequel j\u2019aime errer quand je travaille.<br \/>\nL\u00e0 o\u00f9 elle rejoint la mer, la terre perd sa pr\u00e9sence palpable et se transforme de mani\u00e8re toujours changeante. C\u2019est un no man\u2019s land inexplicable qui ne prendra jamais forme et est perp\u00e9tuellement en mouvement. C\u2019est le moment o\u00f9 le d\u00e9part et l\u2019arriv\u00e9e se confondent.<br \/>\nQuand je pense \u00e0 l\u2019estran de la c\u00f4te de Hollande, un d\u00e9sir irr\u00e9sistible surgit en moi. C\u2019est sans doute pourquoi j\u2019ai entam\u00e9 un \u00ab voyage imaginaire \u00bb, un tour du monde \u00ab vers l\u2019 ouest \u00bb, d\u00e9sir d\u2019inconnu, curiosit\u00e9 pour le non-connu, qui m\u2019a conduit \u00e0 traverser continents, oc\u00e9ans et \u00eeles. La qu\u00eate.<\/p>\n<div id=\"attachment_225\" style=\"width: 963px\" class=\"wp-caption alignnone\"><img loading=\"lazy\" decoding=\"async\" aria-describedby=\"caption-attachment-225\" class=\"wp-image-225 size-full\" src=\"http:\/\/ronaldruseler.nl\/wp-tekst\/wp-content\/uploads\/2016\/02\/venetiaans-water.png\" alt=\"venetiaans water\" width=\"953\" height=\"328\" srcset=\"http:\/\/ronaldruseler.nl\/wp-tekst\/wp-content\/uploads\/2016\/02\/venetiaans-water.png 953w, http:\/\/ronaldruseler.nl\/wp-tekst\/wp-content\/uploads\/2016\/02\/venetiaans-water-300x103.png 300w, http:\/\/ronaldruseler.nl\/wp-tekst\/wp-content\/uploads\/2016\/02\/venetiaans-water-768x264.png 768w, http:\/\/ronaldruseler.nl\/wp-tekst\/wp-content\/uploads\/2016\/02\/venetiaans-water-624x215.png 624w\" sizes=\"auto, (max-width: 953px) 100vw, 953px\" \/><p id=\"caption-attachment-225\" class=\"wp-caption-text\">L\u2019eau de Venise<\/p><\/div>\n<p>2. Eau<\/p>\n<p>En 1983 j\u2019ai enregistr\u00e9 les bruits de Venise : l\u2019eau clapote et frappe les quais, un bateau \u00e0 moteur accoste, dans le lointain on travaille sur un chantier naval, on donne des coups sur un tuyau de fer, une fontaine murmure, des voix d\u2019enfants se r\u00e9verb\u00e8rent sur l\u2019eau&#8230; M\u00eame si l\u2019eau de Venise vient de la mer, elle est intime comme celle d\u2019un ruisseau. Cette bande sonore, m\u00e9taphore de la beaut\u00e9 de la ville, la rend palpable, fait surgir les images.<br \/>\nD\u2019autres souvenirs me reviennent. L\u2019eau qui \u00e9tanche la soif. La bruine qui trempe jusqu\u2019aux os. La bu\u00e9e sur les vitres quand le temps est \u00e2pre. Un robinet qui goutte la nuit. Un ruisseau gel\u00e9 bord\u00e9 de cactus dans la lumi\u00e8re du matin. Une mare cach\u00e9e qui remplit lentement une source sacr\u00e9e. Un oiseau de paradis aux plumes bleues qui siffle, comme si une planche tombait dans l\u2019eau. Le aquement aigu de la glace lorsqu\u2019un glacier tombe dans les fjords du sud. La force symphonique de chutes d\u2019eau qui soufflent des nuages de brume o\u00f9 se forment des arcs-en-ciel. Un gar\u00e7onnet jouant avec un voilier miniature dans la mer en \u00e9t\u00e9.<br \/>\nAccords d\u2019un morceau de musique complexe, histoire sans d\u00e9but ni fin, constamment pr\u00e9sentes, exorcisme d\u2019images.<br \/>\nC\u2019est de la que provient la s\u00e9rie Mer dans la mer, eau dans l\u2019eau.<\/p>\n<div id=\"attachment_224\" style=\"width: 1510px\" class=\"wp-caption alignnone\"><img loading=\"lazy\" decoding=\"async\" aria-describedby=\"caption-attachment-224\" class=\"wp-image-224 size-full\" src=\"http:\/\/ronaldruseler.nl\/wp-tekst\/wp-content\/uploads\/2016\/02\/Venetiaans-Water-audio.jpg\" alt=\"Venetiaans-Water-audio\" width=\"1500\" height=\"567\" srcset=\"http:\/\/ronaldruseler.nl\/wp-tekst\/wp-content\/uploads\/2016\/02\/Venetiaans-Water-audio.jpg 1500w, http:\/\/ronaldruseler.nl\/wp-tekst\/wp-content\/uploads\/2016\/02\/Venetiaans-Water-audio-300x113.jpg 300w, http:\/\/ronaldruseler.nl\/wp-tekst\/wp-content\/uploads\/2016\/02\/Venetiaans-Water-audio-768x290.jpg 768w, http:\/\/ronaldruseler.nl\/wp-tekst\/wp-content\/uploads\/2016\/02\/Venetiaans-Water-audio-1024x387.jpg 1024w, http:\/\/ronaldruseler.nl\/wp-tekst\/wp-content\/uploads\/2016\/02\/Venetiaans-Water-audio-624x236.jpg 624w\" sizes=\"auto, (max-width: 1500px) 100vw, 1500px\" \/><p id=\"caption-attachment-224\" class=\"wp-caption-text\">Travail Sonore 2005<\/p><\/div>\n<p>traduction: Fr\u00e9d\u00e9rique Le Graverend<\/p>\n","protected":false},"excerpt":{"rendered":"<p>Area Revue)s( no 12 &#8211; Paris 1. Territoire Il me plait de me trouver dans les territoires myst\u00e9rieux de l\u2019entre deux, lieux de transition, sans signification ni intention, dont l\u2019existence est le fruit du hasard. Ce \u00ab territoire \u00bb est un lieu imaginaire dans lequel j\u2019aime errer quand je travaille. L\u00e0 o\u00f9 elle rejoint la mer, la terre perd sa&#8230; <a href=\"http:\/\/ronaldruseler.nl\/wp-tekst\/mer-en-mer\/\">Read more &raquo;<\/a><\/p>\n","protected":false},"author":1,"featured_media":0,"parent":0,"menu_order":0,"comment_status":"closed","ping_status":"closed","template":"","meta":{"footnotes":""},"class_list":["post-223","page","type-page","status-publish","hentry"],"_links":{"self":[{"href":"http:\/\/ronaldruseler.nl\/wp-tekst\/wp-json\/wp\/v2\/pages\/223","targetHints":{"allow":["GET"]}}],"collection":[{"href":"http:\/\/ronaldruseler.nl\/wp-tekst\/wp-json\/wp\/v2\/pages"}],"about":[{"href":"http:\/\/ronaldruseler.nl\/wp-tekst\/wp-json\/wp\/v2\/types\/page"}],"author":[{"embeddable":true,"href":"http:\/\/ronaldruseler.nl\/wp-tekst\/wp-json\/wp\/v2\/users\/1"}],"replies":[{"embeddable":true,"href":"http:\/\/ronaldruseler.nl\/wp-tekst\/wp-json\/wp\/v2\/comments?post=223"}],"version-history":[{"count":2,"href":"http:\/\/ronaldruseler.nl\/wp-tekst\/wp-json\/wp\/v2\/pages\/223\/revisions"}],"predecessor-version":[{"id":231,"href":"http:\/\/ronaldruseler.nl\/wp-tekst\/wp-json\/wp\/v2\/pages\/223\/revisions\/231"}],"wp:attachment":[{"href":"http:\/\/ronaldruseler.nl\/wp-tekst\/wp-json\/wp\/v2\/media?parent=223"}],"curies":[{"name":"wp","href":"https:\/\/api.w.org\/{rel}","templated":true}]}}