{"id":23,"date":"2016-02-02T14:11:03","date_gmt":"2016-02-02T14:11:03","guid":{"rendered":"http:\/\/ronaldruseler.nl\/wp-tekst\/?page_id=23"},"modified":"2016-02-03T21:53:55","modified_gmt":"2016-02-03T21:53:55","slug":"daan-roosegaarde-desirs-de-beaute","status":"publish","type":"page","link":"http:\/\/ronaldruseler.nl\/wp-tekst\/daan-roosegaarde-desirs-de-beaute\/","title":{"rendered":"Daan Roosegaarde &#8211; D\u00e9sirs de beaut\u00e9"},"content":{"rendered":"<p><strong>L&#8217;artiste n\u00e9erlandais Daan Roosegaarde soul\u00e8ve des questions sur notre avenir.<br \/>\nEn liant la nature et la technologie, il cherche \u00e0 formuler des solutions pour un monde meilleur.<\/strong><\/p>\n<p><strong><img loading=\"lazy\" decoding=\"async\" class=\"alignnone wp-image-205\" src=\"http:\/\/ronaldruseler.nl\/wp-tekst\/wp-content\/uploads\/2016\/02\/Cover-31-Mainskopie.jpg\" alt=\"Cover 31-Mainskopie\" width=\"176\" height=\"233\" srcset=\"http:\/\/ronaldruseler.nl\/wp-tekst\/wp-content\/uploads\/2016\/02\/Cover-31-Mainskopie.jpg 583w, http:\/\/ronaldruseler.nl\/wp-tekst\/wp-content\/uploads\/2016\/02\/Cover-31-Mainskopie-227x300.jpg 227w\" sizes=\"auto, (max-width: 176px) 100vw, 176px\" \/>\u00a0 <img loading=\"lazy\" decoding=\"async\" class=\"alignnone wp-image-206\" src=\"http:\/\/ronaldruseler.nl\/wp-tekst\/wp-content\/uploads\/2016\/02\/Daan-Roosegaarde-Area-Revues.jpg\" alt=\"Daan Roosegaarde - Area Revu)e(s\" width=\"341\" height=\"234\" srcset=\"http:\/\/ronaldruseler.nl\/wp-tekst\/wp-content\/uploads\/2016\/02\/Daan-Roosegaarde-Area-Revues.jpg 700w, http:\/\/ronaldruseler.nl\/wp-tekst\/wp-content\/uploads\/2016\/02\/Daan-Roosegaarde-Area-Revues-300x206.jpg 300w, http:\/\/ronaldruseler.nl\/wp-tekst\/wp-content\/uploads\/2016\/02\/Daan-Roosegaarde-Area-Revues-624x428.jpg 624w\" sizes=\"auto, (max-width: 341px) 100vw, 341px\" \/><br \/>\n<\/strong><\/p>\n<p><strong>Pourquoi et comment \u00eates-vous devenu un artiste ?<\/strong><br \/>\nEnfant, je b\u00e2tissais des cabanes dans les arbres, parce que je ne me sentais pas chez moi dans le bloc de b\u00e9ton dans lequel j&#8217;ai grandi. Je me baladais et jouais dans la nature pour cr\u00e9er mon propre monde. Mon r\u00eave \u00e9tait de devenir architecte ou artiste, et ce que je fais aujourd&#8217;hui vient de l\u00e0. J&#8217;avais ce d\u00e9sir d&#8217;explorer et aujourd&#8217;hui je construis encore, mais avec des mat\u00e9riaux intelligents. Depuis mes \u00e9tudes \u00e0 l&#8217;Acad\u00e9mie des beaux-arts d&#8217;Enschede, mon r\u00f4le d&#8217;artiste est de r\u00eaver, de penser, de me demander \u00e0 quoi ressemble le monde et comment faire pour le rendre meilleur. Pour moi, l&#8217;art n&#8217;est pas un objet dans un mus\u00e9e. Je cherche \u00e0 trouver l&#8217;interaction entre diff\u00e9rents mondes et \u00e0 lier de nouvelles id\u00e9es \u00e0 de nouvelles techniques et \u00e0 des nouveaux mat\u00e9riaux.<\/p>\n<p><strong>Quelles sont vos sources d&#8217;inspiration ?<\/strong><br \/>\nL&#8217;une de mes principales sources d&#8217;inspiration est le Pavillon Philips que Le Corbusier a construit pour l&#8217;Exposition universelle de Bruxelles en 1958. Ce fut l&#8217;un des premiers b\u00e2timents o\u00f9 une construction &#8220;en b\u00e9ton&#8221; d\u00e9pendait de la construction &#8220;musicale&#8221; souple de Iannis Xenakis et est ainsi devenu l&#8217;un des premiers projets d&#8217;architecture autour de cette musique nouvelle. Maintenant, je suis de plus en plus dans la tradition de l&#8217;art du paysage du peintre du 17\u00e8me si\u00e8cle Salomon van Ruysdael et de la &#8220;Lumi\u00e8re n\u00e9erlandaise&#8221;. James Turrell et Walter de Maria sont importants aussi pour moi. Parfois, mon travail tend plus vers le po\u00e9tique comme pour le Lotus Dome de Lille et parfois plus vers le pragmatique, comme la Smart Highway (Autoroute intelligente). Cela d\u00e9pend de mon obsession du moment.<\/p>\n<p><strong>Pouvez-vous nous en dire davantage sur ces r\u00e9alisations ?<\/strong><br \/>\nLe Lotus Dome, con\u00e7u pour l&#8217;\u00e9glise Sainte Marie-Madeleine de Lille en 2012, est compos\u00e9 de centaines de petites fleurs &#8220;intelligentes&#8221; qui prennent vie et s&#8217;ouvrent quand un visiteur approche. Elles sont faites en plastique stratifi\u00e9 qui se dilate avec la chaleur et se contracte avec le froid. Lotus Dome r\u00e9agit au visiteur et lui laisse parle de l&#8217;avenir et du pass\u00e9 : le jeu interactif entre la lumi\u00e8re et de l&#8217;ombre est ma vision futuriste de la Renaissance.<br \/>\nLa Smart Highway (Autoroute intelligente) se charge \u00e0 la lumi\u00e8re du jour et donne de la lumi\u00e8re de nuit. C&#8217;est le m\u00eame principe pour le Van Gogh Path, un chemin o\u00f9 Vincent se promenait dans sa jeunesse \u00e0 Nuenen et qu&#8217;il a repr\u00e9sent\u00e9 dans La Nuit \u00e9toil\u00e9e. Nous l&#8217;avons transform\u00e9 en piste cyclable avec des milliers de pierres qui scintillent la nuit comme les \u00e9toiles de son tableau..<br \/>\nNous travaillons aujourd&#8217;hui \u00e0 la Smog Free tower qui doit \u00eatre install\u00e9e \u00e0 Paris<br \/>\npour la prochaine pr\u00e9sidence de l&#8217;Union Europ\u00e9enne par les Pays-Bas. C&#8217;est un module respectueux de l&#8217;environnement qui absorbe l&#8217;air pollu\u00e9 et recrache de l&#8217;air pur. Dans cette bulle propre les gens pourront \u00e0 nouveau respirer. Les particules fines sont r\u00e9cup\u00e9r\u00e9es, press\u00e9es sous haute pression et transform\u00e9es en bijoux. C&#8217;est comme un aspirateur de particules qui produit de l&#8217;air pur et des bijoux. C&#8217;est le d\u00e9sir de beaut\u00e9 qui nous sauvera et ceci n&#8217;est possible qu&#8217;en travaillant ensemble, sinon c&#8217;est juste de la technique.<\/p>\n<p><strong>Votre travail est pol\u00e9mique\u2026 D&#8217;un c\u00f4t\u00e9, vous vous pr\u00e9sentez en tant qu&#8217;artiste et de l&#8217;autre n&#8217;\u00e9cartez pas les grandes questions ?<\/strong><br \/>\nCe serait beaucoup trop limit\u00e9 de montrer mon travail dans une galerie ou un mus\u00e9e, parce que l'&#8221;espace public&#8221; est tr\u00e8s important pour moi, pour pouvoir partager le message avec d&#8217;autres. C&#8217;est pour cela que mon atelier est une usine \u00e0 r\u00eaves o\u00f9 &#8220;message et m\u00e9dium&#8221; se rencontrent. Nous partons \u00e0 la chasse et \u00e0 la d\u00e9couverte. Je fais partie du Forum \u00e9conomique mondial et j&#8217;ai un contact direct avec un certain nombre de PDG et de ministres des Pays-Bas. Donc, je peux influer sur leurs d\u00e9cisions. Mon travail est nourri de la curiosit\u00e9 pour le monde nouveau. Il y a aujourd&#8217;hui un r\u00e9el besoin d&#8217;id\u00e9es nouvelles. \u00c0 tous les niveaux, on se pose des questions sur l&#8217;avenir de la soci\u00e9t\u00e9, et c&#8217;est le travail des artistes de leur donner forme. C&#8217;est pourquoi je travaille \u00e0 d\u00e9velopper ce studio, o\u00f9 je peux mettre au point une vision avec une \u00e9quipe de designers, de techniciens et d&#8217;experts. Cette coop\u00e9ration est importante car c&#8217;est trop complexe pour un artiste d&#8217;y parvenir tout seul. Sinon, mon art ne serait que de la d\u00e9coration.<\/p>\n<p>On peut avoir toutes sortes d&#8217;id\u00e9es et de solutions pour le monde, mais si elle est trop nouvelle beaucoup de gens manquent de l&#8217;imagination n\u00e9cessaire pour la comprendre. Alors, il faut aller dans le monde et expliquer l&#8217;histoire, comme l&#8217;a fait Theo van Doesburg, le fondateur de De Stijl\u2026 Je ne suis pas un artiste coup\u00e9 du monde, seul dans son grenier. Je veux faire le point sur l&#8217;\u00e9tat du monde et le transformer pour l&#8217;avenir, gr\u00e2ce \u00e0 la po\u00e9sie, de nouvelles id\u00e9es et de nouvelles technologies. Nous concevons donc tout du d\u00e9but \u00e0 la fin avec tous les experts disponibles pour assurer la durabilit\u00e9 et la qualit\u00e9. Nous travaillons maintenant sur des principes qui peuvent \u00eatre viables sur le long terme, car certains projets doivent r\u00e9sister dans 200 ou 300 ans. Ce sont des d\u00e9fis aux proportions \u00e9normes qui r\u00e9clament des \u00e9tudes approfondies.<\/p>\n<p><strong>Vous \u00eates utopiste\u2026<\/strong><br \/>\nCela voudrait dire que je ne tiens pas compte du r\u00e9el, et ce n&#8217;est pas possible. Mon travail a bien s\u00fbr un horizon utopique, avec un monde aux \u00e9nergies propres, amical et po\u00e9tique, mais en m\u00eame temps, c&#8217;est tr\u00e8s concret. Nous travaillons sur l&#8217;avenir et nous sommes vraiment des pionniers, Mais je ne vais pas tracer une feuille de route pour dicter ce que le monde va devenir. Ce que nous d\u00e9veloppons est concret et nous cr\u00e9ons vraiment quelque chose. Nous posons les questions sur le pr\u00e9sent, pour trouver les solutions pour demain.<\/p>\n<p><strong>Vous vous opposez aux r\u00e9alit\u00e9s ancr\u00e9es dans des syst\u00e8mes immuables ?<\/strong><br \/>\nCela m&#8217;irrite que les gens prennent le monde tel qu&#8217;il est, sans y r\u00e9fl\u00e9chir. Nous pouvons le rendre plus intelligent, meilleur et plus beau. Mais nous le faisons pas parce que nous n&#8217;osons pas, parce que nous nous consid\u00e9rons comme des consommateurs, et non pas comme des cr\u00e9ateurs et parce qu&#8217;il y a d&#8217;innombrables raisons de ne rien faire.<br \/>\nLes paysages de moulins que Ruysdael peignait pr\u00e9sentaient l&#8217;avenir de la technique industrielle. J&#8217;imagine qu&#8217;il y a eu \u00e0 l&#8217;\u00e9poque des gens qui ont dit : &#8220;On ne peut pas, on ne doit pas\u2026&#8221;. Aujourd&#8217;hui nous allons nous d\u00e9tendre dans ces endroits, pour nous ce sont des paysages charg\u00e9s de culture. Dans ce sens, c&#8217;\u00e9tait aussi une utopie. Aux Pays-Bas, nous vivons sous le niveau de la mer et les vieilles techniques de digues, de machines de pompage et de moulins sont de vraies machines de paysage.<br \/>\nJe consid\u00e8re le paysage non seulement comme du g\u00e9nie civil, mais aussi comme une \u0153uvre artistique, comme le Van Gogh Path. Regarder le pass\u00e9, la mani\u00e8re dont il a \u00e9t\u00e9 fa\u00e7onn\u00e9, regarder vers l&#8217;avenir et cr\u00e9er des paysages qui sont \u00e9conomes en \u00e9nergie. Ce projet a une renomm\u00e9e mondiale parce que tout le monde le comprend sur le champ.<\/p>\n<p><strong>Votre travail parle une langue internationale, mais en m\u00eame temps il trouve ses racines dans le paysage n\u00e9erlandais. Au contraire de Mondrian qui s&#8217;asseyait ostensiblement le dos \u00e0 la fen\u00eatre quand il rendait visite \u00e0 Kandinsky pour ne pas voir les fleurs de marronniers&#8230;<\/strong><br \/>\nC&#8217;\u00e9tait bien imprudent de sa part. Il \u00e9tait clairement dans une phase de d\u00e9ni ! (Rires)<\/p>\n","protected":false},"excerpt":{"rendered":"<p>L&#8217;artiste n\u00e9erlandais Daan Roosegaarde soul\u00e8ve des questions sur notre avenir. En liant la nature et la technologie, il cherche \u00e0 formuler des solutions pour un monde meilleur. \u00a0 Pourquoi et comment \u00eates-vous devenu un artiste ? Enfant, je b\u00e2tissais des cabanes dans les arbres, parce que je ne me sentais pas chez moi dans le bloc de b\u00e9ton dans lequel&#8230; <a href=\"http:\/\/ronaldruseler.nl\/wp-tekst\/daan-roosegaarde-desirs-de-beaute\/\">Read more &raquo;<\/a><\/p>\n","protected":false},"author":1,"featured_media":0,"parent":0,"menu_order":0,"comment_status":"closed","ping_status":"closed","template":"","meta":{"footnotes":""},"class_list":["post-23","page","type-page","status-publish","hentry"],"_links":{"self":[{"href":"http:\/\/ronaldruseler.nl\/wp-tekst\/wp-json\/wp\/v2\/pages\/23","targetHints":{"allow":["GET"]}}],"collection":[{"href":"http:\/\/ronaldruseler.nl\/wp-tekst\/wp-json\/wp\/v2\/pages"}],"about":[{"href":"http:\/\/ronaldruseler.nl\/wp-tekst\/wp-json\/wp\/v2\/types\/page"}],"author":[{"embeddable":true,"href":"http:\/\/ronaldruseler.nl\/wp-tekst\/wp-json\/wp\/v2\/users\/1"}],"replies":[{"embeddable":true,"href":"http:\/\/ronaldruseler.nl\/wp-tekst\/wp-json\/wp\/v2\/comments?post=23"}],"version-history":[{"count":4,"href":"http:\/\/ronaldruseler.nl\/wp-tekst\/wp-json\/wp\/v2\/pages\/23\/revisions"}],"predecessor-version":[{"id":208,"href":"http:\/\/ronaldruseler.nl\/wp-tekst\/wp-json\/wp\/v2\/pages\/23\/revisions\/208"}],"wp:attachment":[{"href":"http:\/\/ronaldruseler.nl\/wp-tekst\/wp-json\/wp\/v2\/media?parent=23"}],"curies":[{"name":"wp","href":"https:\/\/api.w.org\/{rel}","templated":true}]}}