{"id":2492,"date":"2020-03-08T11:43:21","date_gmt":"2020-03-08T11:43:21","guid":{"rendered":"http:\/\/ronaldruseler.nl\/wp-tekst\/?page_id=2492"},"modified":"2025-01-01T14:37:41","modified_gmt":"2025-01-01T14:37:41","slug":"diepe-wildernis-de-wegen-guimaraes-rosa","status":"publish","type":"page","link":"http:\/\/ronaldruseler.nl\/wp-tekst\/diepe-wildernis-de-wegen-guimaraes-rosa\/","title":{"rendered":"Diepe Wildernis: de wegen &#8211; Guimar\u00e3es Rosa"},"content":{"rendered":"\n<figure class=\"wp-block-image size-large is-resized\"><img loading=\"lazy\" decoding=\"async\" src=\"http:\/\/ronaldruseler.nl\/wp-tekst\/wp-content\/uploads\/2020\/03\/1001004001521753.jpg\" alt=\"\" class=\"wp-image-2493\" width=\"481\" height=\"753\"\/><\/figure>\n\n\n\n<p><\/p>\n\n\n\n<p><strong>Grande Sert\u00e3o: Veredas (1952)<\/strong> &#8211; Een van de beste boeken die ik gelezen heb. Staat in mijn topvijf. Vertaald door August Willemsen. Diens boek <em>Braziliaanse Brieven<\/em> wakkerde mijn behoefte aan ooit door Brazili\u00eb te reizen en de serta\u00f5 in te trekken. Diep in de wildernis van de schrijver Guimar\u00e3es Rosa.<\/p>\n\n\n\n<p>Het boek begint als volgt:<br><em>Niks, niemandal. Die schoten die u hoorde waren niet van vechten, nee, God zij. Ik was het, scherpschieten op een boom, in de achtertuin, beneden bij de beek. Om te oefenen. Doe ik dagelijks, doe ik graag, al sinds mijn jongelingsjaren. Daarna kwamen ze me roepen. Wege een kalf: wit kalf, verdwaald, verweesde ogen -was wat men zag-; en met het masker van een hond. Vertelden ze me; ik heb het niet willen zien.<\/em><br><br><em>bron; Wikipedia<\/em> schrijft over Guimar\u00e3es Rosa;<\/p>\n\n\n\n<p>Het oeuvre van Guimar\u00e3es Rosa is nagenoeg geheel gesitueerd in de Sert\u00e3o. Toch wordt hij niet beschouwd als een regionalist. Zijn personages en beschrijvingen hebben een universele draagwijdte. Het gaat hem minder om het pittoreske en het sociale dan wel om de mythologie van de Sert\u00e3o. Zijn werk is in hoge mate symbolisch en verwijst steeds naar het transcedente, het magische en het mysterieuze en probeert om het ingeslapen gevoel voor het wonderbaarlijke in de mensen weer wakker te schudden. Zijn Sert\u00e3o symboliseert de wereld waarin de mens zoekt naar het mysterie van het leven, oftewel &#8220;de derde oever van de rivier&#8221;, zoals een van zijn bekendste verhalen heet.<\/p>\n\n\n\n<p>De meeste bekendheid verwierf Guimar\u00e3es Rosa echter met zijn enige roman <em>Diepe wildernis: de wegen<\/em> (oorspronkelijke titel: Grande Sert\u00e3o: Veredas) uit 1952. <em>Diepe Wildernis: de wegen<\/em> is het complexe verhaal van de voormalige, van de pampa afkomstige huurling Riobaldo, inmiddels een oude man en nu een &#8216;rancher&#8217;, die zijn lange levensverhaal vertelt aan een anonieme, uit de stad afkomstige luisteraar.<\/p>\n\n\n\n<p><em>Diepe wildernis: de wegen<\/em> geldt algemeen als een hoogtepunt in de Braziliaanse literatuur van de Twintigste Eeuw. Het boek wordt door sommigen wel vergeleken met werken als Ulysses van James Joyce en Berlin Alexanderplatz van Alfred D\u00f6blin. In 2002 werd het opgenomen in de lijst van belangrijkste boeken uit de wereldliteratuur, samengesteld door de Zweedse Academie. <\/p>\n\n\n\n<figure class=\"wp-block-image size-large\"><img loading=\"lazy\" decoding=\"async\" width=\"567\" height=\"378\" src=\"http:\/\/ronaldruseler.nl\/wp-tekst\/wp-content\/uploads\/2020\/03\/IMG_1470.jpg\" alt=\"\" class=\"wp-image-2494\" srcset=\"http:\/\/ronaldruseler.nl\/wp-tekst\/wp-content\/uploads\/2020\/03\/IMG_1470.jpg 567w, http:\/\/ronaldruseler.nl\/wp-tekst\/wp-content\/uploads\/2020\/03\/IMG_1470-300x200.jpg 300w\" sizes=\"auto, (max-width: 567px) 100vw, 567px\" \/><\/figure>\n\n\n\n<p><\/p>\n\n\n\n<figure class=\"wp-block-image size-large\"><img loading=\"lazy\" decoding=\"async\" width=\"567\" height=\"425\" src=\"http:\/\/ronaldruseler.nl\/wp-tekst\/wp-content\/uploads\/2020\/03\/IMG_4470.jpg\" alt=\"\" class=\"wp-image-2495\" srcset=\"http:\/\/ronaldruseler.nl\/wp-tekst\/wp-content\/uploads\/2020\/03\/IMG_4470.jpg 567w, http:\/\/ronaldruseler.nl\/wp-tekst\/wp-content\/uploads\/2020\/03\/IMG_4470-300x225.jpg 300w\" sizes=\"auto, (max-width: 567px) 100vw, 567px\" \/><\/figure>\n\n\n\n<p><\/p>\n\n\n\n<figure class=\"wp-block-image size-large\"><img loading=\"lazy\" decoding=\"async\" width=\"567\" height=\"425\" src=\"http:\/\/ronaldruseler.nl\/wp-tekst\/wp-content\/uploads\/2020\/03\/IMG_4383-1.jpg\" alt=\"\" class=\"wp-image-2505\" srcset=\"http:\/\/ronaldruseler.nl\/wp-tekst\/wp-content\/uploads\/2020\/03\/IMG_4383-1.jpg 567w, http:\/\/ronaldruseler.nl\/wp-tekst\/wp-content\/uploads\/2020\/03\/IMG_4383-1-300x225.jpg 300w\" sizes=\"auto, (max-width: 567px) 100vw, 567px\" \/><\/figure>\n\n\n\n<p><\/p>\n\n\n\n<figure class=\"wp-block-image size-large\"><img loading=\"lazy\" decoding=\"async\" width=\"567\" height=\"378\" src=\"http:\/\/ronaldruseler.nl\/wp-tekst\/wp-content\/uploads\/2020\/03\/IMG_1343.jpg\" alt=\"\" class=\"wp-image-2497\" srcset=\"http:\/\/ronaldruseler.nl\/wp-tekst\/wp-content\/uploads\/2020\/03\/IMG_1343.jpg 567w, http:\/\/ronaldruseler.nl\/wp-tekst\/wp-content\/uploads\/2020\/03\/IMG_1343-300x200.jpg 300w\" sizes=\"auto, (max-width: 567px) 100vw, 567px\" \/><\/figure>\n\n\n\n<p><\/p>\n\n\n\n<figure class=\"wp-block-image size-large\"><img loading=\"lazy\" decoding=\"async\" width=\"567\" height=\"378\" src=\"http:\/\/ronaldruseler.nl\/wp-tekst\/wp-content\/uploads\/2020\/03\/IMG_1346.jpg\" alt=\"\" class=\"wp-image-2498\" srcset=\"http:\/\/ronaldruseler.nl\/wp-tekst\/wp-content\/uploads\/2020\/03\/IMG_1346.jpg 567w, http:\/\/ronaldruseler.nl\/wp-tekst\/wp-content\/uploads\/2020\/03\/IMG_1346-300x200.jpg 300w\" sizes=\"auto, (max-width: 567px) 100vw, 567px\" \/><\/figure>\n\n\n\n<p><\/p>\n\n\n\n<figure class=\"wp-block-image size-large\"><img loading=\"lazy\" decoding=\"async\" width=\"567\" height=\"378\" src=\"http:\/\/ronaldruseler.nl\/wp-tekst\/wp-content\/uploads\/2020\/03\/IMG_1288.jpg\" alt=\"\" class=\"wp-image-2499\" srcset=\"http:\/\/ronaldruseler.nl\/wp-tekst\/wp-content\/uploads\/2020\/03\/IMG_1288.jpg 567w, http:\/\/ronaldruseler.nl\/wp-tekst\/wp-content\/uploads\/2020\/03\/IMG_1288-300x200.jpg 300w\" sizes=\"auto, (max-width: 567px) 100vw, 567px\" \/><\/figure>\n\n\n\n<p><\/p>\n","protected":false},"excerpt":{"rendered":"<p>Grande Sert\u00e3o: Veredas (1952) &#8211; Een van de beste boeken die ik gelezen heb. Staat in mijn topvijf. Vertaald door August Willemsen. Diens boek Braziliaanse Brieven wakkerde mijn behoefte aan ooit door Brazili\u00eb te reizen en de serta\u00f5 in te trekken. Diep in de wildernis van de schrijver Guimar\u00e3es Rosa. Het boek begint als volgt:Niks, niemandal. Die schoten die u&#8230; <a href=\"http:\/\/ronaldruseler.nl\/wp-tekst\/diepe-wildernis-de-wegen-guimaraes-rosa\/\">Read more &raquo;<\/a><\/p>\n","protected":false},"author":1,"featured_media":0,"parent":0,"menu_order":0,"comment_status":"closed","ping_status":"closed","template":"","meta":{"footnotes":""},"class_list":["post-2492","page","type-page","status-publish","hentry"],"_links":{"self":[{"href":"http:\/\/ronaldruseler.nl\/wp-tekst\/wp-json\/wp\/v2\/pages\/2492","targetHints":{"allow":["GET"]}}],"collection":[{"href":"http:\/\/ronaldruseler.nl\/wp-tekst\/wp-json\/wp\/v2\/pages"}],"about":[{"href":"http:\/\/ronaldruseler.nl\/wp-tekst\/wp-json\/wp\/v2\/types\/page"}],"author":[{"embeddable":true,"href":"http:\/\/ronaldruseler.nl\/wp-tekst\/wp-json\/wp\/v2\/users\/1"}],"replies":[{"embeddable":true,"href":"http:\/\/ronaldruseler.nl\/wp-tekst\/wp-json\/wp\/v2\/comments?post=2492"}],"version-history":[{"count":9,"href":"http:\/\/ronaldruseler.nl\/wp-tekst\/wp-json\/wp\/v2\/pages\/2492\/revisions"}],"predecessor-version":[{"id":6284,"href":"http:\/\/ronaldruseler.nl\/wp-tekst\/wp-json\/wp\/v2\/pages\/2492\/revisions\/6284"}],"wp:attachment":[{"href":"http:\/\/ronaldruseler.nl\/wp-tekst\/wp-json\/wp\/v2\/media?parent=2492"}],"curies":[{"name":"wp","href":"https:\/\/api.w.org\/{rel}","templated":true}]}}