{"id":3169,"date":"2021-02-04T07:56:55","date_gmt":"2021-02-04T07:56:55","guid":{"rendered":"http:\/\/ronaldruseler.nl\/wp-tekst\/?page_id=3169"},"modified":"2021-02-04T08:03:16","modified_gmt":"2021-02-04T08:03:16","slug":"family-affairs-6","status":"publish","type":"page","link":"http:\/\/ronaldruseler.nl\/wp-tekst\/family-affairs-6\/","title":{"rendered":"Family Affairs #6"},"content":{"rendered":"\n<figure class=\"wp-block-image size-large\"><img loading=\"lazy\" decoding=\"async\" width=\"1024\" height=\"792\" src=\"http:\/\/ronaldruseler.nl\/wp-tekst\/wp-content\/uploads\/2021\/02\/137564446_3602281273185211_7000525564538653101_o-1024x792.jpg\" alt=\"\" class=\"wp-image-3170\" srcset=\"http:\/\/ronaldruseler.nl\/wp-tekst\/wp-content\/uploads\/2021\/02\/137564446_3602281273185211_7000525564538653101_o-1024x792.jpg 1024w, http:\/\/ronaldruseler.nl\/wp-tekst\/wp-content\/uploads\/2021\/02\/137564446_3602281273185211_7000525564538653101_o-300x232.jpg 300w, http:\/\/ronaldruseler.nl\/wp-tekst\/wp-content\/uploads\/2021\/02\/137564446_3602281273185211_7000525564538653101_o-768x594.jpg 768w, http:\/\/ronaldruseler.nl\/wp-tekst\/wp-content\/uploads\/2021\/02\/137564446_3602281273185211_7000525564538653101_o-624x483.jpg 624w, http:\/\/ronaldruseler.nl\/wp-tekst\/wp-content\/uploads\/2021\/02\/137564446_3602281273185211_7000525564538653101_o.jpg 1241w\" sizes=\"auto, (max-width: 1024px) 100vw, 1024px\" \/><\/figure>\n\n\n\n<p>Teksten Fr\u00e9d\u00e9rique Le Graverend en Ronald Ruseler <\/p>\n\n\n\n<p>Tijdens de lockdown nodigde Hans Bouman zijn zuster Margreet Bouman en zwager Ronald Ruseler uit om aan nieuw gezamenlijk project te werken in zijn atelier op het platteland van de Loiret. Zij vervolgden hun familieverhaal dat in 1998 in Parijs begon met een tentoonstelling in Galerie Kiron, te Parijs, getiteld \u2018Family Affairs\u2019. Voor deze zesde editie gaven allen op wijze hun relatie met de natuur weer. Zij hadden voor dit gemeenschappelijk thema hun eigen werkplek, volgden hun eigen tempo en vonden hun eigen uitdrukkingswijze en techniek.<\/p>\n\n\n\n<p>Margreet Bouman heeft ervoor gekozen om zich opnieuw te laten inspireren door de manier waarop Edvard Munch met het landschap omgaat. In deze droge-naald etsen, toont ze een eigen wereld, een innerlijk landschap, wat niet iets is wat we kunnen zien, maar een mentale ruimte die haar gedachten, gevoelens en emoties weerspiegelt.<\/p>\n\n\n\n<p>Voor Ronald Ruseler is de natuur altijd zijn inspiratiebron geweest. Daar herkent de mens zichzelf. Voor deze editie waren de woorden van de Duitse dichter Friedrich H\u00f6lderlin en de Azteekse koning-dichter Netzahualcoyotl over \u2018het verborgene\u2019 aanleiding voor een serie tekeningen. Met deze reeks probeert hij hun weemoed te verbeelden.<\/p>\n\n\n\n<p>Hans Bouman richtte zich in zijn onderwerpen de laatste tijd op het landschap rondom zijn atelier. Toch schilderde hij geen echte landschappen, maar eerder werden het dagboekfragmenten van zijn innerlijke belevingswereld. De imaginaire landschappen ontstonden in zijn atelier, gemaakt op een digitaal tekenbord. Hij gaf zich over aan het spel van in elkaar overvloeiende lagen inkt en lichtvlekken. Hierin legde hij de essentie vast van zijn idee\u00ebn over uiterlijk verschijningsvorm vast.<\/p>\n\n\n\n<figure class=\"wp-block-image size-large\"><img loading=\"lazy\" decoding=\"async\" width=\"1024\" height=\"318\" src=\"http:\/\/ronaldruseler.nl\/wp-tekst\/wp-content\/uploads\/2021\/02\/137220856_3602281286518543_7717823120473763719_o-1024x318.jpg\" alt=\"\" class=\"wp-image-3171\" srcset=\"http:\/\/ronaldruseler.nl\/wp-tekst\/wp-content\/uploads\/2021\/02\/137220856_3602281286518543_7717823120473763719_o-1024x318.jpg 1024w, http:\/\/ronaldruseler.nl\/wp-tekst\/wp-content\/uploads\/2021\/02\/137220856_3602281286518543_7717823120473763719_o-300x93.jpg 300w, http:\/\/ronaldruseler.nl\/wp-tekst\/wp-content\/uploads\/2021\/02\/137220856_3602281286518543_7717823120473763719_o-768x239.jpg 768w, http:\/\/ronaldruseler.nl\/wp-tekst\/wp-content\/uploads\/2021\/02\/137220856_3602281286518543_7717823120473763719_o-624x194.jpg 624w, http:\/\/ronaldruseler.nl\/wp-tekst\/wp-content\/uploads\/2021\/02\/137220856_3602281286518543_7717823120473763719_o.jpg 1474w\" sizes=\"auto, (max-width: 1024px) 100vw, 1024px\" \/><figcaption><em>Ronald Ruseler &#8211; Het Verborgene, 10 unieke tekeningen &amp; collage.<\/em><\/figcaption><\/figure>\n\n\n\n<p><strong>Family Affairs #6<\/strong><\/p>\n\n\n\n<p>Clo\u00eetr\u00e9 par le confinement dans son atelier du Loiret, Hans Bouman a invit\u00e9 sa s\u0153ur Margreet Bouman et son beau-fr\u00e8re Ronald Ruseler \u00e0 venir y r\u00e9aliser un projet en commun, une histoire de famille qui a commenc\u00e9 \u00e0 Paris en 1998 par une exposition \u00e0 la galerie Kiron \u00e0 Paris intitul\u00e9e \u2018Family Affairs\u2019.Pour cette sixi\u00e8me rencontre chacun a suivi son propre chemin. Chacun son lieu de travail, chacun son rythme, chacun son moyen d&#8217;expression. Mais un th\u00e8me commun \u2013 leur relation \u00e0 la nature.<\/p>\n\n\n\n<p>Margreet Bouman a choisi de se laisser inspirer \u00e0 nouveau de la mani\u00e8re dont Edvard Munch traite du paysage. Dans cette gravure \u00e0 la pointe s\u00e8che, elle donne \u00e0 transmettre son propre monde. Un espace mental qui refl\u00e8te ses pens\u00e9es, ses sentiments et ses \u00e9motions.<\/p>\n\n\n\n<p>Le travail de Ronald Ruseler a toujours port\u00e9 sur la nature, qu&#8217;il consid\u00e8re comme quelque chose dans lequel l&#8217;\u00eatre humain peut se reconna\u00eetre. La source de ses dessins pour cette \u00e9dition, fut la lecture du po\u00e8te allemand Friedrich H\u00f6lderlin et du roi-po\u00e8te azt\u00e8que Netzahualcoyotl, l&#8217;id\u00e9e que la nature n&#8217;est pas seulement ce dans quoi nous vivons, mais que s&#8217;y cache un secret que nous ne pouvons pas percer.<\/p>\n\n\n\n<p>Hans Bouman s&#8217;est tourn\u00e9 vers la campagne qui entoure son atelier. Pourtant, il n&#8217;a pas peint pas de paysages, ces \u0153uvres sont le journal intime de ses \u00e9tats int\u00e9rieurs. Les paysages imaginaires ont surgi tandis qu\u2019il s\u2019immergeait dans le jeu des couches fluides d&#8217;encre et de lumi\u00e8re, captant l&#8217;essence des formes derri\u00e8re les apparences<\/p>\n\n\n\n<figure class=\"wp-block-image size-large\"><img loading=\"lazy\" decoding=\"async\" width=\"1024\" height=\"721\" src=\"http:\/\/ronaldruseler.nl\/wp-tekst\/wp-content\/uploads\/2021\/02\/137047832_3602281316518540_2312222796874497102_o-1024x721.jpg\" alt=\"\" class=\"wp-image-3172\" srcset=\"http:\/\/ronaldruseler.nl\/wp-tekst\/wp-content\/uploads\/2021\/02\/137047832_3602281316518540_2312222796874497102_o-1024x721.jpg 1024w, http:\/\/ronaldruseler.nl\/wp-tekst\/wp-content\/uploads\/2021\/02\/137047832_3602281316518540_2312222796874497102_o-300x211.jpg 300w, http:\/\/ronaldruseler.nl\/wp-tekst\/wp-content\/uploads\/2021\/02\/137047832_3602281316518540_2312222796874497102_o-768x541.jpg 768w, http:\/\/ronaldruseler.nl\/wp-tekst\/wp-content\/uploads\/2021\/02\/137047832_3602281316518540_2312222796874497102_o-1536x1082.jpg 1536w, http:\/\/ronaldruseler.nl\/wp-tekst\/wp-content\/uploads\/2021\/02\/137047832_3602281316518540_2312222796874497102_o-624x440.jpg 624w, http:\/\/ronaldruseler.nl\/wp-tekst\/wp-content\/uploads\/2021\/02\/137047832_3602281316518540_2312222796874497102_o.jpg 1777w\" sizes=\"auto, (max-width: 1024px) 100vw, 1024px\" \/><\/figure>\n","protected":false},"excerpt":{"rendered":"<p>Teksten Fr\u00e9d\u00e9rique Le Graverend en Ronald Ruseler Tijdens de lockdown nodigde Hans Bouman zijn zuster Margreet Bouman en zwager Ronald Ruseler uit om aan nieuw gezamenlijk project te werken in zijn atelier op het platteland van de Loiret. Zij vervolgden hun familieverhaal dat in 1998 in Parijs begon met een tentoonstelling in Galerie Kiron, te Parijs, getiteld \u2018Family Affairs\u2019. Voor&#8230; <a href=\"http:\/\/ronaldruseler.nl\/wp-tekst\/family-affairs-6\/\">Read more &raquo;<\/a><\/p>\n","protected":false},"author":1,"featured_media":0,"parent":0,"menu_order":0,"comment_status":"closed","ping_status":"closed","template":"","meta":{"footnotes":""},"class_list":["post-3169","page","type-page","status-publish","hentry"],"_links":{"self":[{"href":"http:\/\/ronaldruseler.nl\/wp-tekst\/wp-json\/wp\/v2\/pages\/3169","targetHints":{"allow":["GET"]}}],"collection":[{"href":"http:\/\/ronaldruseler.nl\/wp-tekst\/wp-json\/wp\/v2\/pages"}],"about":[{"href":"http:\/\/ronaldruseler.nl\/wp-tekst\/wp-json\/wp\/v2\/types\/page"}],"author":[{"embeddable":true,"href":"http:\/\/ronaldruseler.nl\/wp-tekst\/wp-json\/wp\/v2\/users\/1"}],"replies":[{"embeddable":true,"href":"http:\/\/ronaldruseler.nl\/wp-tekst\/wp-json\/wp\/v2\/comments?post=3169"}],"version-history":[{"count":2,"href":"http:\/\/ronaldruseler.nl\/wp-tekst\/wp-json\/wp\/v2\/pages\/3169\/revisions"}],"predecessor-version":[{"id":3178,"href":"http:\/\/ronaldruseler.nl\/wp-tekst\/wp-json\/wp\/v2\/pages\/3169\/revisions\/3178"}],"wp:attachment":[{"href":"http:\/\/ronaldruseler.nl\/wp-tekst\/wp-json\/wp\/v2\/media?parent=3169"}],"curies":[{"name":"wp","href":"https:\/\/api.w.org\/{rel}","templated":true}]}}