{"id":397,"date":"2016-02-08T16:11:16","date_gmt":"2016-02-08T16:11:16","guid":{"rendered":"http:\/\/ronaldruseler.nl\/wp-tekst\/?page_id=397"},"modified":"2017-11-12T18:46:58","modified_gmt":"2017-11-12T18:46:58","slug":"collecter-dit-il-ruseler-entre-les-oeuvres-quil-acquiert","status":"publish","type":"page","link":"http:\/\/ronaldruseler.nl\/wp-tekst\/collecter-dit-il-ruseler-entre-les-oeuvres-quil-acquiert\/","title":{"rendered":"Collecter, dit il\u2026, Ruseler entre les \u0153uvres qu&#8217;il acquiert"},"content":{"rendered":"<p><strong>ARTISTE PROT\u00c9IFORME VIVANT \u00c0 HAARLEM EN HOLLANDE DU NORD, RONALD RUSELER OP\u00c8RE UN VAETVIENT CONSTANT ENTRE LES \u0152UVRES QU&#8217;IL ACQUIERT<\/strong><br \/>\n<strong>ET CELLES QU&#8217;IL CR\u00c9E.<\/strong><\/p>\n<p><img loading=\"lazy\" decoding=\"async\" class=\"alignnone size-full wp-image-399\" src=\"http:\/\/ronaldruseler.nl\/wp-tekst\/wp-content\/uploads\/2016\/02\/Collecter-foto-RR.jpg\" alt=\"Collecter-foto-RR\" width=\"600\" height=\"406\" srcset=\"http:\/\/ronaldruseler.nl\/wp-tekst\/wp-content\/uploads\/2016\/02\/Collecter-foto-RR.jpg 600w, http:\/\/ronaldruseler.nl\/wp-tekst\/wp-content\/uploads\/2016\/02\/Collecter-foto-RR-300x203.jpg 300w\" sizes=\"auto, (max-width: 600px) 100vw, 600px\" \/><\/p>\n<p><strong>Depuis l\u2019enfance, je collecte des images. Chez mes parents, j\u2019avais enti\u00e8rement recouvert un mur de ma chambre d\u2019images ramass\u00e9es \u00e7\u00e0 et l\u00e0. Parmi elles se trouvait une gravure de Kees van Dongen qui avait appartenu \u00e0 ma grand-m\u00e8re\u2026 Malheureusement, mes parents l\u2019ont \u00e9gar\u00e9e lors d\u2019un d\u00e9m\u00e9nagement.<\/strong><\/p>\n<p><strong>Vous souvenez-vous de votre premier achat ?<\/strong><\/p>\n<p>Quand j\u2019\u00e9tais enfant, il y avait chaque ann\u00e9e \u00e0 Haarlem, un march\u00e9 d&#8217;art en plein air. C\u2019est l\u00e0 que j\u2019ai achet\u00e9 ma premi\u00e8re pi\u00e8ce : une gravure de Jan van Wensveen intitul\u00e9e \u00ab Shipped \u00bb. Elle m&#8217;a co\u00fbt\u00e9 tout mon argent de poche, je l&#8217;ai encore et je l\u2019aime toujours autant.<\/p>\n<p><strong>Adolescent achetiez-vous souvent des \u0153uvres ?<\/strong><\/p>\n<p>J\u2019aurais voulu tout acheter, mais je n\u2019en avais pas les moyens. J&#8217;ai d\u00e9cid\u00e9 tr\u00e8s<br \/>\njeune que je pouvais devenir qu&#8217;artiste ou collectionneur. Maintenant je fais les deux&#8230;<\/p>\n<p><strong>Quand vous \u00eatesvous mis \u00e0 collectionner r\u00e9guli\u00e8rement ?<\/strong><\/p>\n<p>J\u2019\u00e9tais \u00e9tudiant \u00e0 l&#8217;Acad\u00e9mie des Beaux-Arts d\u2019Amsterdam. Avec mes camarades, nous \u00e9changions des pi\u00e8ces, tout le monde en faisait autant&#8230; Mais, le \u00ab vrai \u00bb d\u00e9but de ma collection est une s\u00e9rie de dix gravures vendues par abonnement, Graphique 190. Je recevais tous les trois mois une estampe d&#8217;un tirage de 190. Le choix \u00e9tait tr\u00e8s \u00e9clectique&#8230; J&#8217;aimais la spontan\u00e9it\u00e9 du dessin de la lithographie de Karel Appel. Celle de Roland Topor avait \u00e0 voir avec l&#8217;atmosph\u00e8re du travail que je faisais \u00e0 J&#8217;\u00e9poque. Si j&#8217;ai plusieurs lithographies de Bram Van Velde, celle de cette \u00e9poquel\u00e0 est ma favorite. Ensuite j&#8217;ai achet\u00e9 des \u0153uvres d&#8217;artistes que je choisissais moi-m\u00eame, au d\u00e9part des estampes, pour des raisons financi\u00e8res \u00e9videntes. Et puis je suis pass\u00e9 aux dessins. Maintenant je peux acheter des toiles et des sculptures.<\/p>\n<p><strong>Comment votre collection atelle \u00e9volu\u00e9 avec le temps ?<\/strong><\/p>\n<p>Mon travail a autant chang\u00e9 que mon appr\u00e9ciation de celui des autres artistes&#8230; Il y a des pi\u00e8ces que je n&#8217;ai plus du tout envie de regarder aujourd&#8217;hui, m\u00eame si elles me plaisaient \u00e9norm\u00e9ment \u00e0 l\u2019\u00e9poque o\u00f9 je les ai achet\u00e9es. Il reste quand m\u00eame un groupe d&#8217;\u0153uvres qui forment le c\u0153ur de la collection.<\/p>\n<p><strong>Quelles en sont les lignes de force ?<\/strong><\/p>\n<p>Ma collection rassemble surtout des tableaux figuratifs et une majorit\u00e9 d&#8217;artistes n\u00e9erlandais, Ren\u00e9 Daniels, Marlene Dumas, Rineke Dijkstra, Elly Strik, Koen Ebeling Koning, Frank van Hemert &#8230; \u00c0 une \u00e9poque j&#8217;ai achet\u00e9 pas mai d&#8217;artistes fran\u00e7ais. Toutes les \u0153uvres que j&#8217;ach\u00e8te refl\u00e8tent les choix esth\u00e9tiques de mon propre travail. Je regarde les \u0153uvres des autres artistes avec \u00e9merveillement : ils font ce que je ne fais pas, mais, \u00e9motionnellement, cela a beaucoup \u00e0 voir&#8230; La collection est une extension de mon univers mental, des additions, c&#8217;est pourquoi elle est \u00e9clectique&#8230;<\/p>\n<p><strong>Et que faitesvous de toutes ces \u0153uvres ?<\/strong><\/p>\n<p>J&#8217;aime organiser des expositions d&#8217;artistes, une par an chez nous. Et depuis 1983, dans la ville de Haarlem. Il me semble tr\u00e8s important qu&#8217;une collection priv\u00e9e soit vue par le public.<br \/>\nLe reste du temps, les \u0153uvres sont entrepos\u00e9es. Deux ou trois fois par an, je les sors pour un nouvel accrochage \u00e0 la maison. Je cherche \u00e0 cr\u00e9er une certaine ambiance, Les \u0153uvres se r\u00e9pondent les unes aux autres, mais les associations et les combinaisons sont infinies. Cela m&#8217;apporte une certaine s\u00e9r\u00e9nit\u00e9.<\/p>\n<p><strong>Quel est le statut du collectionneur dans votre pays ?<\/strong><\/p>\n<p>Aux Pays-Bas, le nombre de particuliers qui collectionnent de l&#8217;art contemporain est tr\u00e8s limit\u00e9, sans doute parce qu&#8217;il n&#8217;y a pas d&#8217;incitation fiscale de la part de l&#8217;Etat. Ce sont surtout les grandes entreprises qui investissent dans l&#8217;art contemporain et d&#8217;une certaine fa\u00e7on d\u00e9cident de l&#8217;avenir de l&#8217;art, de ce que l&#8217;on regardera dans cent ans ! Pour elles c&#8217;est l&#8217;aspect financier qui prime, Leurs achats visent \u00e0 donner une certaine image de marque \u00e0 l&#8217;entreprise. il est regrettable que l&#8217;Etat ne voit plus l&#8217;int\u00e9r\u00eat \u00e0 continuer d&#8217;investir dans l&#8217;art contemporain. C&#8217;est un choix politique, qui sousentend que le m\u00e9c\u00e9nat d&#8217;Etat dispara\u00eet. Chacun a le sentiment que l&#8217;art et la culture sont en p\u00e9ril aux PaysBas aujourd&#8217;hui, Ici, on dit qu&#8217;il doit \u00ab affronter le feu \u00bb.<\/p>\n<p><strong>Y atil des pi\u00e8ces que vous regrettez de ne pas avoir achet\u00e9es ?<\/strong><\/p>\n<p>J&#8217;ai deux regrets : un dessin de Louise Bourgeois que j&#8217;ai vu chez Karsten Greve et une pi\u00e8ce de Brice Marden que j&#8217;ai vue chez Montenay \u00e0 Paris. C&#8217;est dommage, mais il faut conna\u00eetre ses limites financi\u00e8res&#8217; !<\/p>\n<p><strong>Et des envies ?<\/strong><\/p>\n<p>J&#8217;ai vu r\u00e9cemment dans une galerie de tr\u00e8s belles photos de pyramides prises en 1890 par un photographe fran\u00e7ais. J&#8217;ai aussi envie d&#8217;acheter le dernier travail d&#8217;artistes que j&#8217;aime beaucoup comme Ronald Ophuis, Rick Meijers ou G\u00e9-Karel Van der Sterren.<br \/>\nMais j&#8217;ach\u00e8te plut\u00f4t par coup de c\u0153ur, quand je vois quelque chose qui fait \u00e9cho \u00e0 mon travail du moment,<\/p>\n<p><strong>De fait, collectionner fait partie de votre d\u00e9marche d&#8217;artiste..<\/strong><\/p>\n<p>Je passe ma vie \u00e0 collecter des choses de toutes sortes. C&#8217;est un besoin. Je d\u00e9coupe des photos dans les quotidiens et je les colle dans un livre. Elles servent parfois d&#8217;id\u00e9e pour une toile. J&#8217;ai des cahiers de mots recueillis \u00e7\u00e0 et l\u00e0 dans la presse. Au fil de mes voyages, je note des noms de villes, de lieuxdits, de marques, d&#8217;enseignes. J&#8217;ai fait plusieurs toiles \u00e0 partir de noms de lieux en Am\u00e9rique latine&#8230; J&#8217;ai des carnets pleins de dessins, de croquis, de cartes.. Je tiens quotidiennement mon journal depuis au moins vingt ans. J&#8217;y note tout qui s&#8217;est produit dans la journ\u00e9e sans faire de tri pr\u00e9cis. J&#8217;ai r\u00e9alis\u00e9 de nombreux coffrets dans lesquels se trouvent de petites toiles, des objets con\u00e7us \u00e0 partir de brindilles, de bois flott\u00e9 ou de coquillages trouv\u00e9s sur la plage.<br \/>\nCe sont des collections de souvenirs que chacun peut accrocher comme il le souhaite&#8230; Je collecte et collectionne les pens\u00e9es aussi&#8230;<\/p>\n<p><strong>Et les sons\u2026<\/strong><\/p>\n<p>En effet, il y a des ann\u00e9es j\u2019ai enregistr\u00e9 le bruit ambiant dans des bunkers allemands de Guernesey. J&#8217;ai collect\u00e9 les conversations de visiteurs \u00e0 l&#8217;exposition Chambre d&#8217;amis \u00e0 Gand en 1986, ceux d&#8217;ouvriers travaillant dans un jardin public \u00e0 Paris.<br \/>\nR\u00e9cemment des promenades ont \u00e9t\u00e9 organis\u00e9es dans ma ville de Haarlem autour d&#8217;un projet intitul\u00e9 La Nature. Les gens vont de borne en borne avec des \u00e9couteurs contenant des enregistrements qui \u00e9voquent la nostalgie du pass\u00e9. Ce parcours sonore est en quatre parties des voix de jeunes gar\u00e7ons en train de jouer qui renvoient \u00e0 mon enfance ; le clapotis de l&#8217;eau des canaux de Venise est un \u00e9cho de la premi\u00e8re Biennale que j\u2019ai vue en 1982 et va bient\u00f4t sortir en CD sous le titre Venitian Waters; La Douleur, des collages expos\u00e9s dans une pharmacie ; et Sol, un enregistrement du moment o\u00f9, apr\u00e8s la douleur, je travaille avec espoir dans mon atelier.<\/p>\n<p><strong><img loading=\"lazy\" decoding=\"async\" class=\"alignnone size-full wp-image-1443\" src=\"http:\/\/ronaldruseler.nl\/wp-tekst\/wp-content\/uploads\/2016\/02\/Collecter-1-2.jpg\" alt=\"\" width=\"1000\" height=\"686\" srcset=\"http:\/\/ronaldruseler.nl\/wp-tekst\/wp-content\/uploads\/2016\/02\/Collecter-1-2.jpg 1000w, http:\/\/ronaldruseler.nl\/wp-tekst\/wp-content\/uploads\/2016\/02\/Collecter-1-2-300x206.jpg 300w, http:\/\/ronaldruseler.nl\/wp-tekst\/wp-content\/uploads\/2016\/02\/Collecter-1-2-768x527.jpg 768w, http:\/\/ronaldruseler.nl\/wp-tekst\/wp-content\/uploads\/2016\/02\/Collecter-1-2-624x428.jpg 624w\" sizes=\"auto, (max-width: 1000px) 100vw, 1000px\" \/><\/strong><\/p>\n","protected":false},"excerpt":{"rendered":"<p>ARTISTE PROT\u00c9IFORME VIVANT \u00c0 HAARLEM EN HOLLANDE DU NORD, RONALD RUSELER OP\u00c8RE UN VAETVIENT CONSTANT ENTRE LES \u0152UVRES QU&#8217;IL ACQUIERT ET CELLES QU&#8217;IL CR\u00c9E. Depuis l\u2019enfance, je collecte des images. Chez mes parents, j\u2019avais enti\u00e8rement recouvert un mur de ma chambre d\u2019images ramass\u00e9es \u00e7\u00e0 et l\u00e0. Parmi elles se trouvait une gravure de Kees van Dongen qui avait appartenu \u00e0&#8230; <a href=\"http:\/\/ronaldruseler.nl\/wp-tekst\/collecter-dit-il-ruseler-entre-les-oeuvres-quil-acquiert\/\">Read more &raquo;<\/a><\/p>\n","protected":false},"author":1,"featured_media":0,"parent":0,"menu_order":0,"comment_status":"closed","ping_status":"closed","template":"","meta":{"footnotes":""},"class_list":["post-397","page","type-page","status-publish","hentry"],"_links":{"self":[{"href":"http:\/\/ronaldruseler.nl\/wp-tekst\/wp-json\/wp\/v2\/pages\/397","targetHints":{"allow":["GET"]}}],"collection":[{"href":"http:\/\/ronaldruseler.nl\/wp-tekst\/wp-json\/wp\/v2\/pages"}],"about":[{"href":"http:\/\/ronaldruseler.nl\/wp-tekst\/wp-json\/wp\/v2\/types\/page"}],"author":[{"embeddable":true,"href":"http:\/\/ronaldruseler.nl\/wp-tekst\/wp-json\/wp\/v2\/users\/1"}],"replies":[{"embeddable":true,"href":"http:\/\/ronaldruseler.nl\/wp-tekst\/wp-json\/wp\/v2\/comments?post=397"}],"version-history":[{"count":5,"href":"http:\/\/ronaldruseler.nl\/wp-tekst\/wp-json\/wp\/v2\/pages\/397\/revisions"}],"predecessor-version":[{"id":1444,"href":"http:\/\/ronaldruseler.nl\/wp-tekst\/wp-json\/wp\/v2\/pages\/397\/revisions\/1444"}],"wp:attachment":[{"href":"http:\/\/ronaldruseler.nl\/wp-tekst\/wp-json\/wp\/v2\/media?parent=397"}],"curies":[{"name":"wp","href":"https:\/\/api.w.org\/{rel}","templated":true}]}}