{"id":425,"date":"2016-02-08T17:41:52","date_gmt":"2016-02-08T17:41:52","guid":{"rendered":"http:\/\/ronaldruseler.nl\/wp-tekst\/?page_id=425"},"modified":"2016-02-08T22:19:48","modified_gmt":"2016-02-08T22:19:48","slug":"ronald-ruseler-balletdanser-van-de-geest","status":"publish","type":"page","link":"http:\/\/ronaldruseler.nl\/wp-tekst\/ronald-ruseler-balletdanser-van-de-geest\/","title":{"rendered":"Ronald Ruseler, balletdanser van de geest"},"content":{"rendered":"<p>Ronald Ruseler, balletdanser van de geest &#8211; 2010<br \/>\n<strong>Tekst ter gelegenheid van de jubileumtentoonstelling &#8216;Maaltijd der Vrienden&#8217; in RC de Ruimte, IJmuiden.<\/strong><br \/>\n<strong>De tentoonstelling bestond uit:<\/strong><br \/>\n<strong>A \u2018De Zalen\u2019 met beeldende kunst.<\/strong><br \/>\n<strong>B \u2018De Leestafel\u2019 met literaire en illustratieve bijdragen.<\/strong><\/p>\n<p><img loading=\"lazy\" decoding=\"async\" class=\"alignnone wp-image-426\" src=\"http:\/\/ronaldruseler.nl\/wp-tekst\/wp-content\/uploads\/2016\/02\/lanz2.jpg\" alt=\"lanz2\" width=\"270\" height=\"123\" srcset=\"http:\/\/ronaldruseler.nl\/wp-tekst\/wp-content\/uploads\/2016\/02\/lanz2.jpg 442w, http:\/\/ronaldruseler.nl\/wp-tekst\/wp-content\/uploads\/2016\/02\/lanz2-300x136.jpg 300w\" sizes=\"auto, (max-width: 270px) 100vw, 270px\" \/> <img loading=\"lazy\" decoding=\"async\" class=\"size-full wp-image-427 alignright\" src=\"http:\/\/ronaldruseler.nl\/wp-tekst\/wp-content\/uploads\/2016\/02\/lanz3.jpg\" alt=\"lanz3\" width=\"310\" height=\"203\" srcset=\"http:\/\/ronaldruseler.nl\/wp-tekst\/wp-content\/uploads\/2016\/02\/lanz3.jpg 310w, http:\/\/ronaldruseler.nl\/wp-tekst\/wp-content\/uploads\/2016\/02\/lanz3-300x196.jpg 300w\" sizes=\"auto, (max-width: 310px) 100vw, 310px\" \/><br \/>\nAls journalistiek schrijver over de danskunst kan ik op het eerste gezicht weinig beginnen met het proza\u00efsche gegeven dat iemand zestig jaar wordt. Er valt natuurlijk genoeg aardigs over Ronald te zeggen, maar dat is geschikter voor een vriendenboek dan voor een literaire leestafel. Wat ik had kunnen schrijven is dat ik Ronald al zesenveertig jaar ken, aanvankelijk als de vriend van Margreet, de zuster van mijn vriendje van weleer. En dat ik in de loop van de jaren Ronald ben gaan zien als vriend. Een die ik waardeer omdat hij zo jeugdig enthousiast kan zijn en altijd een hartelijke gastheer of een beminnelijke gast is. Simpel gezegd; een sympathieke vent die zijn hart op de goede plek draagt. Daarbij belezen is, veel weet van (kunst)geschiedenis en behept is met een bijna Frans joie de vivre. Als schilder, kunstorganisator en scribent fleurt hij bovendien Haarlem op. Tot slot had ik ons dramatische verschil in lengte gememoreerd om eraan toe te voegen dat die kloof afdoende overbrugd wordt door een overeenkomstig begrip en gevoel voor de dingen in de wereld.<br \/>\nBij een vriendenboek had ik met bovenstaande woorden kunnen volstaan. Nu moest ik op zoek naar een bijzondere invalshoek. Eigenlijk dient die zich als vanzelfsprekend aan in zijn kunstenaarswerk. Dat oeuvre kan beschouwd worden als een consistent web van ervaringen, opgedaan tijdens de reizen die hij samen met Margreet ondernam: door Alaska, daarvoor in Japan, weer daarvoor in Australi\u00eb, en zo voort, en zo verder. Reizen naar verre oorden waarvan Ronald zijn ervaringen &#8211; wat hij ziet, hoort, ruikt, voelt en meemaakt \u2013 opslaat en vervolgens in zijn atelier \u2018reconstrueert\u2019, door zijn kwast te dopen in bonte indianenkleuren, door zijn herinneringen te collectioneren in kunstkoffers; die dus geen kleren bevatten, maar vleugjes uitheems.<br \/>\nZijn reis moet de aardbol gaan omvatten. Een klassieke Grand Tour die uitloopt op een Tour du Monde ofwel een ware tour en l\u2019air, zo\u2019n gedraaide luchtsprong van een balletdanser. Na de afzet vanuit een demi pli\u00e9 in Haarlem ging het eerst en galoppe door diverse Europese landen, Frankrijk, Itali\u00eb, vervolgens en chass\u00e9 naar IJsland en van daar uit met grands jet\u00e9\u2019s door de Verenigde Staten. Met sierlijke cabrioles doorkruiste hij Mexico, tiptoede door Midden-Amerika, schoot met jazzy slides door Peru, sprong hiphoppend over de Galapagos eilanden om al tappend via Vuurland met een acrobatische salto in Nederland te belanden. Back home. Haarlem dient daarbij als magisch centrum in dit imaginaire reisuniversum, de plaats waar hij telkens naar toe terug keert.<br \/>\nZo bekeken is Ronald een ware balletdanser, al draait hij zijn tours niet zozeer vanuit zijn benen, maar vooral in de geest. Zijn hang naar de natuur, naar het ongerepte landschap en de onbestemde overgang van land in zee, naar plekken waar het verleden in rudimenten terug te vinden is, maakt hem bovendien tot een neo-romantische balletdanser \u2013 een die zijn parcours aflegt met respect voor het verleden en daar toch een eigentijdse draai en zwierigheid aan meegeeft. Daarbij toont Ronald zich ook nog een galante cavalier die zijn dame sierlijk met zich meevoert. Tegenover een dergelijke danseur noble past mij slechts een elegante r\u00e9f\u00e9rence. En natuurlijk de wens dat hij zijn tours en l\u2019air tot in lengte van dagen blijft draaien.<\/p>\n<p>Isabella Lanz<\/p>\n<p>Lanz is schrijver over danskunst en publiceerde o.a.:<br \/>\n&#8211; Toer van Schayk. Drie dimensies in dans.<br \/>\n&#8211; Een tuin met duizend bloemen : een monografie over het werk van Jiri Kylian : 20 jaar Nederlands Dans Theater (1975-1995)<\/p>\n<p>&nbsp;<\/p>\n","protected":false},"excerpt":{"rendered":"<p>Ronald Ruseler, balletdanser van de geest &#8211; 2010 Tekst ter gelegenheid van de jubileumtentoonstelling &#8216;Maaltijd der Vrienden&#8217; in RC de Ruimte, IJmuiden. De tentoonstelling bestond uit: A \u2018De Zalen\u2019 met beeldende kunst. B \u2018De Leestafel\u2019 met literaire en illustratieve bijdragen. Als journalistiek schrijver over de danskunst kan ik op het eerste gezicht weinig beginnen met het proza\u00efsche gegeven dat iemand&#8230; <a href=\"http:\/\/ronaldruseler.nl\/wp-tekst\/ronald-ruseler-balletdanser-van-de-geest\/\">Read more &raquo;<\/a><\/p>\n","protected":false},"author":1,"featured_media":0,"parent":0,"menu_order":0,"comment_status":"closed","ping_status":"closed","template":"","meta":{"footnotes":""},"class_list":["post-425","page","type-page","status-publish","hentry"],"_links":{"self":[{"href":"http:\/\/ronaldruseler.nl\/wp-tekst\/wp-json\/wp\/v2\/pages\/425","targetHints":{"allow":["GET"]}}],"collection":[{"href":"http:\/\/ronaldruseler.nl\/wp-tekst\/wp-json\/wp\/v2\/pages"}],"about":[{"href":"http:\/\/ronaldruseler.nl\/wp-tekst\/wp-json\/wp\/v2\/types\/page"}],"author":[{"embeddable":true,"href":"http:\/\/ronaldruseler.nl\/wp-tekst\/wp-json\/wp\/v2\/users\/1"}],"replies":[{"embeddable":true,"href":"http:\/\/ronaldruseler.nl\/wp-tekst\/wp-json\/wp\/v2\/comments?post=425"}],"version-history":[{"count":3,"href":"http:\/\/ronaldruseler.nl\/wp-tekst\/wp-json\/wp\/v2\/pages\/425\/revisions"}],"predecessor-version":[{"id":529,"href":"http:\/\/ronaldruseler.nl\/wp-tekst\/wp-json\/wp\/v2\/pages\/425\/revisions\/529"}],"wp:attachment":[{"href":"http:\/\/ronaldruseler.nl\/wp-tekst\/wp-json\/wp\/v2\/media?parent=425"}],"curies":[{"name":"wp","href":"https:\/\/api.w.org\/{rel}","templated":true}]}}