{"id":5236,"date":"2023-11-21T10:25:58","date_gmt":"2023-11-21T10:25:58","guid":{"rendered":"http:\/\/ronaldruseler.nl\/wp-tekst\/?page_id=5236"},"modified":"2023-11-21T10:42:41","modified_gmt":"2023-11-21T10:42:41","slug":"lex-ter-braak-le-modele-hollandais","status":"publish","type":"page","link":"http:\/\/ronaldruseler.nl\/wp-tekst\/lex-ter-braak-le-modele-hollandais\/","title":{"rendered":"Lex Ter Braak &#8211; Le mod\u00e8le hollandais"},"content":{"rendered":"\n<p>ENTRETIEN AVEC <br>RONALD RUSELER Lex Ter Braak<\/p>\n\n\n\n<p><strong>AMATEUR D&#8217;ART CONTEMPORAIN, ANCIEN DIRECTEUR DU MUSEE VLEESHAL A MIDDELBURG, LEX TER BRAAK EST DIRECTEUR DU FBKVB (FONDS VOOR BEELDENDE KUNST, VORMGEVING EN BOUWKUNST LE FONDS POUR LES ARTS PLASTIQUES, LE DESIGN ET L&#8217;ARCHITECTURE) QUI COORDONNE LES POLITIQUES DE SUBVENTIONS ALIX PAYS-BAS<\/strong><\/p>\n\n\n\n<figure class=\"wp-block-image size-full is-resized\"><img loading=\"lazy\" decoding=\"async\" src=\"http:\/\/ronaldruseler.nl\/wp-tekst\/wp-content\/uploads\/2023\/11\/IMG_1298-72.jpg\" alt=\"\" class=\"wp-image-5248\" width=\"479\" height=\"359\" srcset=\"http:\/\/ronaldruseler.nl\/wp-tekst\/wp-content\/uploads\/2023\/11\/IMG_1298-72.jpg 709w, http:\/\/ronaldruseler.nl\/wp-tekst\/wp-content\/uploads\/2023\/11\/IMG_1298-72-300x225.jpg 300w, http:\/\/ronaldruseler.nl\/wp-tekst\/wp-content\/uploads\/2023\/11\/IMG_1298-72-624x467.jpg 624w\" sizes=\"auto, (max-width: 479px) 100vw, 479px\" \/><\/figure>\n\n\n\n<p><\/p>\n\n\n\n<p><strong>Pouvez-vous expliquer le r\u00f4le du Fonds pour les Arts Plastiques, le Design et l\u2019Architecture ?<\/strong><\/p>\n\n\n\n<p>Aux Pays-Bas, le principe est que le gouvernement ne se prononce pas en mati\u00e8re d&#8217;Art. Le jugement est laiss\u00e9 \u00e0 des commissions ind\u00e9pendantes constitu\u00e9es de professionnels directement li\u00e9s au d\u00e9veloppement de l&#8217;art. Le r\u00f4le du gouvernement est de mettre \u00e0 leur disposition des budgets d\u00e9termin\u00e9s par des consid\u00e9rations strat\u00e9giques et politiques. Parfois les arbitrages partent du contenu artistique. Souvent c&#8217;est un m\u00e9lange intime des deux. Il ne faut pas croire qu&#8217;un secr\u00e9taire d&#8217;\u00c9tat ou un ministre r\u00e9invente tous les quatre ans la politique de l&#8217;Art. Il modifie ce qui existe, un peu ici et l\u00e0.<\/p>\n\n\n\n<p>Les sommes sont pratiquement toujours identiques, elles n&#8217;atteignent jamais le 19% du budget de l&#8217;\u00c9tat. Elles se trouvent toujours aux alentours de 0,75 %, ce qui est relativement peu, m\u00eame s&#8217;il s&#8217;agit de plusieurs millions d&#8217;euros&#8230;<\/p>\n\n\n\n<p>L&#8217;ajustement de la politique peut s&#8217;exprimer par une reformulation de certaines priorit\u00e9s, comme cela a \u00e9t\u00e9 le cas avec le concept de &#8220;port\u00e9e publique\u201d : tous ceux qui recevaient de l&#8217;argent du gouvernement avait l&#8217;obligation d&#8217;attirer le plus de public possible.<br>Cela a eu un effet de r\u00e9sonance pendant un certain temps. Puis cette directive a \u00e9t\u00e9 remplac\u00e9e par la priorit\u00e9 de la &#8220;diversit\u00e9 culturelle&#8221;, centr\u00e9e sur la participation des jeunes \u00e0 la culture. Notre Fonds s&#8217;est alors adapt\u00e9 \u00e0 cette exigence.<\/p>\n\n\n\n<p><strong>Il existe un fonds pour chaque&nbsp;secteur culturel. Sont-ils li\u00e9s par la politique et la vision du ministre de la Culture ?<\/strong><\/p>\n\n\n\n<p>Les Fonds sont les prolongements du minist\u00e8re, avec leurs propres comp\u00e9tences et professionnalit\u00e9, ce qui peut entra\u00eener des conflits. Ceux-ci sont r\u00e9gl\u00e9s par consultation avec le ministre de l&#8217;\u00c9ducation, de la Culture et des Sciences.<\/p>\n\n\n\n<p><strong>Quel type de directeur \u00eates-vous ?<\/strong><\/p>\n\n\n\n<p>De mani\u00e8re g\u00e9n\u00e9rale, je dirais que j&#8217;ai mes convictions propres et que j&#8217;essaie de faire en sorte que les artistes obtiennent le plus possible. Il se peut \u00e9galement que je consid\u00e8re certains crit\u00e8res politiques comme justes. Je trouve que le gouvernement n&#8217;a pas tort d&#8217;avoir ses orientations, ses exigences et ses souhaits par rapport aux subventions. Les artistes ne sont bien s\u00fbr pas tenus de s&#8217;y conformer, mais cela sous-tend qu&#8217;ils n&#8217;obtiennent pas d&#8217;argent.<\/p>\n\n\n\n<p><strong>Le Fonds travaille-t-il uniquement pour les artistes ou m\u00e8ne-t-il<\/strong><strong>&nbsp;aussi une politique culturelle ?<\/strong><\/p>\n\n\n\n<p>Les deux. Pourtant, j&#8217;ai le sentiment que nous nous situons plus pr\u00e8s des artistes en raison de nos comp\u00e9tences. Nous tenons compte du contenu de leurs souhaits. En m\u00eame temps nous menons une strat\u00e9gie culturelle, parce que nous avons notre propre vision pour l&#8217;attribution des subventions. Nous agissons de concert avec le minist\u00e8re, ce qui n&#8217;est pas toujours \u00e0 l&#8217;avantage des artistes. Je trouve qu&#8217;\u00e0 l&#8217;heure actuelle nous accordons trop d&#8217;argent aux artistes. Il vaudrait mieux accorder plus d&#8217;argent aux mus\u00e9es. Je peux m&#8217;imaginer que les artistes ne partagent pas cette position&#8230;<\/p>\n\n\n\n<p><strong>De ce fait les mus\u00e9es joueront un r\u00f4le plus important envers les artistes ?<\/strong><\/p>\n\n\n\n<p>Absolument. Cela donnera aux mus\u00e9es la possibilit\u00e9 de r\u00e9aliser des productions artistiques co\u00fbteuses, ce qui aura des cons\u00e9quences positives pour les collections et donnera une meilleure visibilit\u00e9 aux artistes. Avec quelques millions de plus, les mus\u00e9es d&#8217;art contemporain les plus importants comme le Stedelijk Museum \u00e0 Amsterdam, le Boijmans van Beuningen \u00e0 Rotterdam ou le Van Abbemuseum \u00e0 Eindhoven pourraient mieux se mesurer aux mus\u00e9es \u00e9trangers. Ils pourraient aussi montrer de l&#8217;art de qualit\u00e9 venant de l&#8217;\u00e9tranger. Pour voir des expositions importantes, il faut aller \u00e0 l&#8217;\u00e9tranger et c&#8217;est le privil\u00e8ge de peu de gens&#8230;<\/p>\n\n\n\n<p><strong>Pensez-vous qu&#8217;autrefois la&nbsp;politique sociale emp\u00eachait d&#8217;avoir une bonne politique pour l\u2019art ?<\/strong><\/p>\n\n\n\n<p>Quand le Fonds a \u00e9t\u00e9 cr\u00e9\u00e9 en 1987, on parlait d&#8217;une politique nouvelle, mais les \u00e9l\u00e9ments sociaux n&#8217;en avaient pas vraiment disparu. On peut constater que l&#8217;Europe et l&#8217;Occident sont devenus immens\u00e9ment riches. Les gens ont assez d&#8217;argent pour acheter de l&#8217;art et je d\u00e9fends l&#8217;id\u00e9e que le domaine public doit \u00eatre mis en valeur. Cela n&#8217;a aucun sens de maintenir un syst\u00e8me co\u00fbte que co\u00fbte, car l&#8217;artiste sera emprisonn\u00e9 par ce syst\u00e8me de subvention. Il ne faudrait donner de subventions qu&#8217;aux artistes qui recherchent le nouveau, d&#8217;autres formes d&#8217;expression. Mais \u00e0 un certain moment, l&#8217;art doit se retrouver seul, hors du syst\u00e8me de subventions, comme c&#8217;est le cas pour la litt\u00e9rature et le cin\u00e9ma.<\/p>\n\n\n\n<p><strong>Si le march\u00e9 de l&#8217;art se dirige&nbsp;vers le conservatisme quelle doit \u00eatre la r\u00e9ponse du Fonds?<\/strong>&nbsp;<br><br>Le monde de l&#8217;art officiel raille les collectionneurs priv\u00e9s et les mus\u00e9es qui ont une ligne conservatrice bas\u00e9e sur la tradition. C&#8217;est injuste. Il doit y avoir une plus grande diversit\u00e9 dans la perception de l&#8217;art. Cela m\u00e8ne \u00e0 une culture plus riche. Aux Pays-Bas, s&#8217;est construit une sorte de monoculture due au monopole du gouvernement qui distribue l&#8217;argent. De plus, ce sont toujours les m\u00eames commissions avec les m\u00eames gens qui partagent les m\u00eames opinions, et l&#8217;atypique n&#8217;a gu\u00e8re de place. J&#8217;ai beaucoup de mal avec cette culture des&nbsp;commissions !<strong>&nbsp;<\/strong>D&#8217;un c\u00f4t\u00e9 c&#8217;est bien s\u00fbr un instrument extraordinaire.&nbsp;<br>Des sp\u00e9cialistes jugent le travail de leurs coll\u00e8gues. Le d\u00e9savantage c&#8217;est qu&#8217;on \u00e9carte l&#8217;opinion des non sp\u00e9cialistes. Si le monde<strong>&nbsp;<\/strong>ext\u00e9rieur pose une question, il n&#8217;obtient pas de r\u00e9ponse parce qu&#8217;il est soit-disant incomp\u00e9tent.<\/p>\n\n\n\n<p>A l&#8217;inverse, je pense que le sens de l&#8217;art se cr\u00e9e par la confrontation avec le monde ext\u00e9rieur. En tant que grand amateur d&#8217;art, je continue \u00e0 croire en un monde attach\u00e9 \u00e0 l&#8217;art.<\/p>\n\n\n\n<p><strong>Cette monoculture a-t-elle des cons\u00e9quences internationales ?<br>Existe-t-il de ce point de vue un lien avec le rejet de la Constitution europ\u00e9enne par la France et les Pays-Bas ? Le &#8220;non&#8221; n&#8217;\u00e9tait-il pas aussi le choix d&#8217;une identit\u00e9 culturelle propre<\/strong><strong>&nbsp;\u00e0 l&#8217;int\u00e9rieur de l\u2019Europe ?<\/strong><\/p>\n\n\n\n<p>C&#8217;est une question int\u00e9ressante. Avec beaucoup de pr\u00e9cautions, je dirais que le monde de l&#8217;art en France comme aux Pays-Bas est relativement national. Il y a encore six ans les artistes n\u00e9erlandais et fran\u00e7ais \u00e9taient pr\u00e9sents dans les grands&nbsp;\u00e9v\u00e9nements internationaux, les biennales, etc.<br>Aujourd&#8217;hui ce n&#8217;est plus le cas, sans doute parce que la protection que le gouvernement offre \u00e0 ses artistes \u00e0 un effet contraire \u00e0 la dynamique internationale.<\/p>\n\n\n\n<p>Si l&#8217;on obtient de l&#8217;argent facilement, quelle urgence et quel besoin y a-t-il \u00e0 se confronter \u00e0 ce grand monde ? C&#8217;est compliqu\u00e9, \u00e7a fait peur. Si l&#8217;on veut voir de grands ma\u00eetres de l&#8217;art contemporain, il faut aller \u00e0 Londres, en Allemagne ou en Autriche, parfois \u00e0 Paris. Aux Pays-Bas on ne les voit jamais, ce qui donne l&#8217;impression que l&#8217;art est devenu un ph\u00e9nom\u00e8ne local,&nbsp;national. Dans les ann\u00e9es 50\/60, quand les Pays-Bas avaient un plus grand dynamisme, les grands mus\u00e9es proposaient des expositions de niveau international.<\/p>\n\n\n\n<p><strong>N&#8217;est-il pas important que chaque artiste travaillent en r\u00e9seau avec d&#8217;autres artistes, et cela internationalement ?<\/strong><\/p>\n\n\n\n<p>Exactement. Le Fonds a cr\u00e9\u00e9 des r\u00e9sidences \u00e0 l&#8217;\u00e9tranger. Au d\u00e9but ce syst\u00e8me \u00e9tait limit\u00e9 aux pays occidentaux, New York, Berlin ou Paris. Dans notre nouvelle politique, nous cherchons d&#8217;autres endroits qui ont de l&#8217;importance culturellement, au Proche et au Moyen-Orient et en Asie. De cette mani\u00e8re, le Fonds peut donner sens \u00e0 la diversit\u00e9 culturelle.<\/p>\n\n\n\n<p><strong>Vous repr\u00e9sentez une institution qui stimulera cr\u00e9ation, mais vous exprimez une certaine r\u00e9serve vis- \u00e0-vis de l&#8217;aide \u00e0 apporter aux artistes ?<\/strong><\/p>\n\n\n\n<p>C&#8217;est une question que je me pose tout le temps. C&#8217;est la raison pour laquelle je trouve qu&#8217;il faut \u00eatre tr\u00e8s s\u00e9v\u00e8re et \u00eatre certain que le travail d&#8217;un jeune artiste vaut vraiment la peine d&#8217;\u00eatre soutenu, pas comme autrefois quand le jeune dipl\u00f4m\u00e9 des Beaux-Arts b\u00e9n\u00e9ficiait quasi automatiquement d&#8217;une subvention au b\u00e9n\u00e9fice du doute.<\/p>\n\n\n\n<p><strong>Et les nouvelles formes d&#8217;art qui se d\u00e9veloppent dans les cultures urbaines ?<\/strong><\/p>\n\n\n\n<p>Je crois que nous devons nous y int\u00e9resser. On peut dire que tout le d\u00e9bat li\u00e9 \u00e0 la &#8220;diversit\u00e9 culturelle&#8221; sonne la fin de ce qu&#8217;on appelle la &#8220;culture dominante&#8221;. Aujourd&#8217;hui, des cultures existent les unes \u00e0 c\u00f4t\u00e9 des autres. De cette fragmentation, il sortira peut-\u00eatre une culture dynamique constitu\u00e9e de quelques grands talents. Cela implique que le Fonds n&#8217;a plus de raison d&#8217;\u00eatre sous sa forme actuelle. Nous nous pr\u00e9occupons farouchement de la culture dominante, qui n&#8217;est qu&#8217;une partie sp\u00e9cifique d&#8217;une production artistique plus large. Le jour o\u00f9 le Fonds s&#8217;int\u00e9ressera aux artistes graffiti, au hip-hop, aux slammeurs, sa politique devra se transformer. Je suis pour ma part int\u00e9ress\u00e9 par l&#8217;inconnu et souhaite soutenir ce qui est singulier.\u00a0\u25a0<\/p>\n\n\n\n<p><\/p>\n\n\n\n<p>geschreven voor Area Revues &#8211; 14 maart 2007<\/p>\n\n\n\n<figure class=\"wp-block-image size-full is-resized\"><img loading=\"lazy\" decoding=\"async\" src=\"http:\/\/ronaldruseler.nl\/wp-tekst\/wp-content\/uploads\/2023\/11\/Area-Revues-Lt-Br-1.jpg\" alt=\"\" class=\"wp-image-5242\" width=\"479\" height=\"641\" srcset=\"http:\/\/ronaldruseler.nl\/wp-tekst\/wp-content\/uploads\/2023\/11\/Area-Revues-Lt-Br-1.jpg 588w, http:\/\/ronaldruseler.nl\/wp-tekst\/wp-content\/uploads\/2023\/11\/Area-Revues-Lt-Br-1-224x300.jpg 224w\" sizes=\"auto, (max-width: 479px) 100vw, 479px\" \/><\/figure>\n\n\n\n<figure class=\"wp-block-image size-full is-resized\"><img loading=\"lazy\" decoding=\"async\" src=\"http:\/\/ronaldruseler.nl\/wp-tekst\/wp-content\/uploads\/2023\/11\/Area-Revues-Lt-Br-1a.jpg\" alt=\"\" class=\"wp-image-5244\" width=\"481\" height=\"741\" srcset=\"http:\/\/ronaldruseler.nl\/wp-tekst\/wp-content\/uploads\/2023\/11\/Area-Revues-Lt-Br-1a.jpg 511w, http:\/\/ronaldruseler.nl\/wp-tekst\/wp-content\/uploads\/2023\/11\/Area-Revues-Lt-Br-1a-195x300.jpg 195w\" sizes=\"auto, (max-width: 481px) 100vw, 481px\" \/><\/figure>\n\n\n\n<figure class=\"wp-block-image size-full is-resized\"><img loading=\"lazy\" decoding=\"async\" src=\"http:\/\/ronaldruseler.nl\/wp-tekst\/wp-content\/uploads\/2023\/11\/Area-Revues-Lt-Br-2.jpg\" alt=\"\" class=\"wp-image-5245\" width=\"480\" height=\"641\" srcset=\"http:\/\/ronaldruseler.nl\/wp-tekst\/wp-content\/uploads\/2023\/11\/Area-Revues-Lt-Br-2.jpg 589w, http:\/\/ronaldruseler.nl\/wp-tekst\/wp-content\/uploads\/2023\/11\/Area-Revues-Lt-Br-2-225x300.jpg 225w\" sizes=\"auto, (max-width: 480px) 100vw, 480px\" \/><\/figure>\n\n\n\n<figure class=\"wp-block-image size-full is-resized\"><img loading=\"lazy\" decoding=\"async\" src=\"http:\/\/ronaldruseler.nl\/wp-tekst\/wp-content\/uploads\/2023\/11\/Area-Revues-Lt-Br-3.jpg\" alt=\"\" class=\"wp-image-5246\" width=\"480\" height=\"702\" srcset=\"http:\/\/ronaldruseler.nl\/wp-tekst\/wp-content\/uploads\/2023\/11\/Area-Revues-Lt-Br-3.jpg 538w, http:\/\/ronaldruseler.nl\/wp-tekst\/wp-content\/uploads\/2023\/11\/Area-Revues-Lt-Br-3-205x300.jpg 205w\" sizes=\"auto, (max-width: 480px) 100vw, 480px\" \/><\/figure>\n\n\n\n<figure class=\"wp-block-image size-large is-resized\"><img loading=\"lazy\" decoding=\"async\" src=\"http:\/\/ronaldruseler.nl\/wp-tekst\/wp-content\/uploads\/2023\/11\/Area-Revues-Lt-Br-4-747x1024.jpg\" alt=\"\" class=\"wp-image-5247\" width=\"477\" height=\"654\" srcset=\"http:\/\/ronaldruseler.nl\/wp-tekst\/wp-content\/uploads\/2023\/11\/Area-Revues-Lt-Br-4-747x1024.jpg 747w, http:\/\/ronaldruseler.nl\/wp-tekst\/wp-content\/uploads\/2023\/11\/Area-Revues-Lt-Br-4-219x300.jpg 219w, http:\/\/ronaldruseler.nl\/wp-tekst\/wp-content\/uploads\/2023\/11\/Area-Revues-Lt-Br-4-768x1052.jpg 768w, http:\/\/ronaldruseler.nl\/wp-tekst\/wp-content\/uploads\/2023\/11\/Area-Revues-Lt-Br-4-624x855.jpg 624w, http:\/\/ronaldruseler.nl\/wp-tekst\/wp-content\/uploads\/2023\/11\/Area-Revues-Lt-Br-4.jpg 862w\" sizes=\"auto, (max-width: 477px) 100vw, 477px\" \/><\/figure>\n","protected":false},"excerpt":{"rendered":"<p>ENTRETIEN AVEC RONALD RUSELER Lex Ter Braak AMATEUR D&#8217;ART CONTEMPORAIN, ANCIEN DIRECTEUR DU MUSEE VLEESHAL A MIDDELBURG, LEX TER BRAAK EST DIRECTEUR DU FBKVB (FONDS VOOR BEELDENDE KUNST, VORMGEVING EN BOUWKUNST LE FONDS POUR LES ARTS PLASTIQUES, LE DESIGN ET L&#8217;ARCHITECTURE) QUI COORDONNE LES POLITIQUES DE SUBVENTIONS ALIX PAYS-BAS Pouvez-vous expliquer le r\u00f4le du Fonds pour les Arts Plastiques, le&#8230; <a href=\"http:\/\/ronaldruseler.nl\/wp-tekst\/lex-ter-braak-le-modele-hollandais\/\">Read more &raquo;<\/a><\/p>\n","protected":false},"author":1,"featured_media":0,"parent":0,"menu_order":0,"comment_status":"closed","ping_status":"closed","template":"","meta":{"footnotes":""},"class_list":["post-5236","page","type-page","status-publish","hentry"],"_links":{"self":[{"href":"http:\/\/ronaldruseler.nl\/wp-tekst\/wp-json\/wp\/v2\/pages\/5236","targetHints":{"allow":["GET"]}}],"collection":[{"href":"http:\/\/ronaldruseler.nl\/wp-tekst\/wp-json\/wp\/v2\/pages"}],"about":[{"href":"http:\/\/ronaldruseler.nl\/wp-tekst\/wp-json\/wp\/v2\/types\/page"}],"author":[{"embeddable":true,"href":"http:\/\/ronaldruseler.nl\/wp-tekst\/wp-json\/wp\/v2\/users\/1"}],"replies":[{"embeddable":true,"href":"http:\/\/ronaldruseler.nl\/wp-tekst\/wp-json\/wp\/v2\/comments?post=5236"}],"version-history":[{"count":5,"href":"http:\/\/ronaldruseler.nl\/wp-tekst\/wp-json\/wp\/v2\/pages\/5236\/revisions"}],"predecessor-version":[{"id":5252,"href":"http:\/\/ronaldruseler.nl\/wp-tekst\/wp-json\/wp\/v2\/pages\/5236\/revisions\/5252"}],"wp:attachment":[{"href":"http:\/\/ronaldruseler.nl\/wp-tekst\/wp-json\/wp\/v2\/media?parent=5236"}],"curies":[{"name":"wp","href":"https:\/\/api.w.org\/{rel}","templated":true}]}}