{"id":60,"date":"2016-02-03T10:29:13","date_gmt":"2016-02-03T10:29:13","guid":{"rendered":"http:\/\/ronaldruseler.nl\/wp-tekst\/?page_id=60"},"modified":"2016-02-03T10:29:13","modified_gmt":"2016-02-03T10:29:13","slug":"la-valeur-de-lanormalite-entretien-avec-hans-looijen-directeur-dolhuys-musee-de-lesprit-haarlem-pays-bas","status":"publish","type":"page","link":"http:\/\/ronaldruseler.nl\/wp-tekst\/la-valeur-de-lanormalite-entretien-avec-hans-looijen-directeur-dolhuys-musee-de-lesprit-haarlem-pays-bas\/","title":{"rendered":"La valeur de l\u2019anormalit\u00e9 &#8211; Entretien avec Hans Looijen, Directeur Dolhuys, mus\u00e9e de l&#8217;esprit. Haarlem, Pays-Bas"},"content":{"rendered":"<p>Area Revue)s( No 16 &#8211; 2008<br \/>\nEntretien avec Hans Looijen, Directeur Dolhuys, mus\u00e9e de l&#8217;esprit. Haarlem, Pays-Bas<\/p>\n<p><strong>Het Dolhuys fut construit hors des murs de la ville de Haarlem en 1320, pour accueillir les forcen\u00e9s et les l\u00e9preux. Depuis janvier 2005, il abrite le Mus\u00e9e National de la Psychiatrie, qui ouvre au public sa vaste biblioth\u00e8que et sa collection de photographies scientifiques et d\u2019art. Il propose un Atelier de cr\u00e9ation pour les patients et pour le public des expositions temporaires, des visites guid\u00e9es et de conf\u00e9rences. Entretien avec son directeur.<\/strong><\/p>\n<div id=\"attachment_62\" style=\"width: 760px\" class=\"wp-caption alignnone\"><img loading=\"lazy\" decoding=\"async\" aria-describedby=\"caption-attachment-62\" class=\"wp-image-62 size-full\" src=\"http:\/\/ronaldruseler.nl\/wp-tekst\/wp-content\/uploads\/2016\/02\/Hans-looijen-123-klein.jpg\" alt=\"Hans-looijen-123-klein\" width=\"750\" height=\"340\" srcset=\"http:\/\/ronaldruseler.nl\/wp-tekst\/wp-content\/uploads\/2016\/02\/Hans-looijen-123-klein.jpg 750w, http:\/\/ronaldruseler.nl\/wp-tekst\/wp-content\/uploads\/2016\/02\/Hans-looijen-123-klein-300x136.jpg 300w, http:\/\/ronaldruseler.nl\/wp-tekst\/wp-content\/uploads\/2016\/02\/Hans-looijen-123-klein-624x283.jpg 624w\" sizes=\"auto, (max-width: 750px) 100vw, 750px\" \/><p id=\"caption-attachment-62\" class=\"wp-caption-text\">Hans Looijen, Directeur Dolhuys, mus\u00e9e de l&#8217;esprit. Haarlem Pays-Bas<\/p><\/div>\n<p>Quel est le r\u00f4le du Mus\u00e9e National de la Psychiatrie ?<\/p>\n<p>Il est pour nous tr\u00e8s important de poser la question de la fronti\u00e8re\u00a0 que l\u2019on peut \u00e9tablir entre \u00ab normalit\u00e9 \u00bb et \u00ab anormalit\u00e9 \u00bb. L\u2019image que l\u2019on a de ce qu\u2019est un comportement anormal et les solutions qui sont trouv\u00e9es pour y rem\u00e9dier ont beaucoup chang\u00e9 au cours de l\u2019histoire. Par exemple, en 1900 le fait de ne pas \u00eatre croyant repr\u00e9sentait un d\u00e9sordre social et on pouvait \u00eatre soign\u00e9 pour cela. Ce qui est inacceptable et cr\u00e9e des probl\u00e8mes dans une culture ne conduit pas n\u00e9cessairement \u00e0 un trouble perturbant l\u2019ordre social qu\u2019il faut soigner dans un autre environnement. La raison d\u2019\u00eatre de ce mus\u00e9e est de combler ce foss\u00e9 entre ceux qui sont atteints d\u2019une maladie psychiatrique et la soci\u00e9t\u00e9.<\/p>\n<p>Les expositions qui sont organis\u00e9es au Dolhuys rencontrent un large public.<\/p>\n<p>L\u2019art est un langage universel qui donne au public \u00e0 r\u00e9fl\u00e9chir sur la fronti\u00e8re entre \u201cnormal\u201d et \u201canormal\u201d. En combinant science et art nous sommes une sorte de plateforme qui donne l\u2019occasion de se questionner sur ce que cela veut dire que d\u2019\u00eatre un \u00eatre humain, sur la condition humaine.<br \/>\nR\u00e9cemment nous avons eu dans la ville le festival Madness &amp; Arts, lanc\u00e9 par des artistes canadiens qui proposent d\u2019analyser les liens entre folie et cr\u00e9ativit\u00e9, parce que cela concerne tout le spectre de la cr\u00e9ation artistique.Le festival, comme nos expositions, montre que de &#8216;r\u00e9flechir hors des sentiers battus&#8217;, n&#8217;appartient pas automatiquement \u00e0 la domaine de la folie. Les artistes \u00e9voluent de la m\u00eame mani\u00e8re \u00e0 la fronti\u00e8re de la normalit\u00e9.<\/p>\n<p><img loading=\"lazy\" decoding=\"async\" class=\"alignnone size-full wp-image-65\" src=\"http:\/\/ronaldruseler.nl\/wp-tekst\/wp-content\/uploads\/2016\/02\/Vincent.jpg\" alt=\"Vincent\" width=\"600\" height=\"364\" srcset=\"http:\/\/ronaldruseler.nl\/wp-tekst\/wp-content\/uploads\/2016\/02\/Vincent.jpg 600w, http:\/\/ronaldruseler.nl\/wp-tekst\/wp-content\/uploads\/2016\/02\/Vincent-300x182.jpg 300w\" sizes=\"auto, (max-width: 600px) 100vw, 600px\" \/><\/p>\n<p>Pourquoi ce titre Fou ou g\u00e9nial ? pour l\u2019exposition sur Vincent Van Gogh ?<\/p>\n<p>Aujourd\u2019hui tout le monde s\u2019accorde \u00e0 reconna\u00eetre Vincent Van Gogh comme un pionnier de l\u2019art moderne, mais \u00e0 Arles son comportement a conduit ses voisins \u00e0 \u00e9crire une p\u00e9tition pour qu\u2019il soit \u00e9loign\u00e9 de la ville le plus rapidement possible.<br \/>\nDepuis la publication en 2009 de l\u2019\u00e9dition critique des lettres de Van Gogh r\u00e9unies par une \u00e9quipe d\u2019historiens de l\u2019art, nous travaillons ici sur les lettres dans lesquelles Van Gogh portait son propre regard sur son \u00e9tat de sant\u00e9. Cela va de la mani\u00e8re dont il a \u00e9t\u00e9 soign\u00e9 d\u2019une maladie v\u00e9n\u00e9rienne \u00e0 La Haye \u00e0 son internement \u00e0 la clinique psychiatrique de Saint-R\u00e9my. Notre \u00e9quipe cherche \u00e0 r\u00e9pondre \u00e0 trois questions : Que dit Van Gogh lui-m\u00eame de son \u00e9tat mental ? Que disent les m\u00e9decins et les psychiatres de ses \u00e9tats mentaux et quelles \u00e9tiquettes lui collent-ils ? Comment le public voit-il Van Gogh en fonction des conclusions de ses biographes et de ses soignants?<\/p>\n<p>Et alors ?<\/p>\n<p>Van Gogh consid\u00e9rait qu\u2019il n\u2019\u00e9tait pas fou. La philosophe Marlies ter Borg a \u00e9tudi\u00e9 ce que Van Gogh pouvait savoir son \u00e9tat \u00e9tant donn\u00e9 la situation de la psychiatrie en France vers 1900. Elle a d\u00e9couvert qu\u2019il croyait dans la notion de \u201cd\u00e9g\u00e9n\u00e9rescence\u201d de B\u00e9n\u00e9dict Augustin Morel. Ce psychiatre soutenait que l&#8217;origine des maladies mentales est h\u00e9r\u00e9ditaire, avec une aggravation de la \u201ctare\u201d de g\u00e9n\u00e9ration en g\u00e9n\u00e9ration, conduisant \u00e0 l\u2019hyst\u00e9rie, l\u2019\u00e9pilepsie,l\u2019idiotie, la tuberculose, le cholera\u2026 Van Gogh projettait cette th\u00e9orie sur sa famille dans laquelle les cas de d\u00e9pression et de folie \u00e9taient fr\u00e9quents. Et il \u00e9tait convaincu que aussi bien lui que son fr\u00e8re Theo les portaient en eux. Sur son lit de mort, apr\u00e8s sa tentative de suicide, il dit \u00e0 Theo: \u201cCe que j\u2019ai fait c\u2019\u00e9tait ce qu\u2019il y avait de mieux pour nous tous.\u201d C\u2019\u00e9tait son ultime sacrifice afin de n\u2019\u00eatre un fardeau pour personne.<\/p>\n<p>Peut-on dire que c&#8217;est cela qui a d\u00e9termin\u00e9 la mani\u00e8re dont le public per\u00e7oit Van Gogh ?<\/p>\n<p>Les premi\u00e8res publications au d\u00e9but du XXe si\u00e8cle ont \u00e9t\u00e9 d\u00e9terminantes pour l\u2019image qu\u2019on a cr\u00e9\u00e9e de lui en tant qu\u2019artiste. Dans Lust for Life, le livre d\u2019Irving Stone publi\u00e9 en 1934, Van Gogh appara\u00eet comme un artiste maniaque et path\u00e9tique qui se bat avec la peinture et se trouve continuellement dans une crise existentielle.<br \/>\nLe film des ann\u00e9es cinquante dans lequel Kirk Douglas incarne Van Gogh reprend cette image romantique de l\u2019artiste maudit qui souffre et est rejet\u00e9 par le monde entier, mais qui est capable malgr\u00e9 tout de produire chef d\u2019\u0153uvre apr\u00e8s chef d\u2019\u0153uvre parce qu\u2019il est g\u00e9nial.<br \/>\nMais cette image du paintre maudit du XIXe si\u00e8cle s&#8217;est poursuivi encore au del\u00e0 des ann\u00e9es cinquante.<\/p>\n<p>C&#8217;est \u00e9trange, parce que c&#8217;etait un homme cultiv\u00e9, qui parlait et \u00e9crivait quatres langues couramment, et qui passait pour un intellectueel aupr\u00e8s de son entourage!<\/p>\n<p>Peu de temps avant sa mort, van Gogh \u00e9crit qu\u2019il est convaincu qu\u2019il a fait un travail qui lui a permis de garder son \u201ccalme\u201d, mais il ne mentionne pour ainsi dire pas de son \u00e9tat psychique.<\/p>\n<p>Dans sa relation aux autres, van Gogh est constamment conscient de sa situation et dans ses lettres il en parle de mani\u00e8re tr\u00e8s rationnelle. Son grand h\u00e9ros c\u2019\u00e9tait le peintre Adolphe Monticelli, mais en m\u00eame temps le sort de Monticelli, mort fou dans un asile aussi en raison de l\u2019alcool, \u00e9tait sa grande hantise. Van Gogh ne veut pas terminer sa vie de cette mani\u00e8re, c\u2019est l\u2019une des raisons pour laquelle il reste en permanence en contact avec ses amis artistes, maintient une correspondance avec Emile Bernard, Anthon Van Rappard, Paul Gauguin. Il ne veut pas qu\u2019on le consid\u00e8re comme quelqu\u2019un de perdu.<br \/>\nIl est ironique de constater que la mani\u00e8re dont sa vie a \u00e9t\u00e9 per\u00e7ue a influenc\u00e9\u00a0 sa propre vie. Lorsque son travail est expos\u00e9 pour la premi\u00e8re fois \u00e0 Londres en 1906, un journaliste \u00e9crit qu\u2019il n\u2019est nul besoin d\u2019aller voir l\u2019exposition car c\u2019est l\u2019\u0153uvre d\u2019un fou qui n\u2019est int\u00e9ressante que pour les m\u00e9decins qui souhaitent \u00e9tudier un esprit malade.<\/p>\n<div id=\"attachment_61\" style=\"width: 247px\" class=\"wp-caption alignright\"><img loading=\"lazy\" decoding=\"async\" aria-describedby=\"caption-attachment-61\" class=\"wp-image-61\" src=\"http:\/\/ronaldruseler.nl\/wp-tekst\/wp-content\/uploads\/2016\/02\/33_VincentVanGogh_foto.jpg\" alt=\"33_VincentVanGogh_foto\" width=\"237\" height=\"318\" \/><p id=\"caption-attachment-61\" class=\"wp-caption-text\">Vincent van Gogh &#8211; 18 ans<\/p><\/div>\n<p style=\"text-align: left;\">D\u2019ailleurs, pour le grand public Van Gogh demeure l\u2019exemple m\u00eame de l\u2019artiste qui a perdu l\u2019esprit ?<\/p>\n<p>L\u2019\u00e9tude de ses lettres permet de corriger cette image erron\u00e9e. Van Gogh \u00e9tait un artiste rationnel, qui travaillait beaucoup et a perdu le contr\u00f4le de sa vie \u00e0 un certain moment. C\u2019\u00e9tait un artiste tr\u00e8s exigeant qui s\u2019est d\u00e9truit la sant\u00e9 en allant jusqu\u2019au bout, en menant une vie intense de travail solitaire, loin des Salons mondains. Il a v\u00e9cu \u00e0 la marge, en \u2018outsider\u2019, comme le font certaines rock stars. En \u00e9tait-il conscient, je ne saurais le dire.<br \/>\nL\u2019exposition montre que l\u2019on ne peut pas consid\u00e9rer son \u00e9tat comme une sorte de maladie professionnelle qui r\u00e9sulterait d\u2019une combinaison de trop de peinture, de trop peu de nourriture par manque d\u2019argent, de trop de vie de boh\u00eame \u00e0 base d\u2019alcool et de cigarettes jusqu\u2019\u00e0 ce qu\u2019il soit pris de vertige.<br \/>\nM\u00eame si parfois vous ne ma\u00eetriser plus votre vie, cela ne veut pas dire que vous \u00eates totalement fou et \u00e9cart\u00e9 de la soci\u00e9t\u00e9. C\u2019est une id\u00e9e que l\u2019on ne peut plus prendre au s\u00e9rieux.<\/p>\n<p>Le critique d\u2019art n\u00e9erlandais Diederick Kraaipoel a \u00e9crit que van Gogh avait \u00e9t\u00e9 \u201cidiot\u201d de se suicider parce que s\u2019il avait eu davantage de patience, il aurait connu la r\u00e9ussite et recueilli les fruits de son travail.<\/p>\n<p>L\u2019exposition cherche \u00e0 jeter des ponts, \u00e0 montrer qu\u2019il n\u2019est pas anormal de perdre parfois l\u2019\u00e9quilibre dans la vie<br \/>\nUne \u00e9tude mondiale montre qu\u2019une personne sur quatre a \u00e0 faire avec la psychiatrie, que ce soit l\u2019\u00e9puisement, la schizophr\u00e9nie, la d\u00e9pression, l\u2019autisme, l\u2019addiction, la psychose\u2026 Tout cela est tr\u00e8s proche m\u00eame si en m\u00eame temps nous croyons que la psychiatrie est tr\u00e8s loin de nous et que nous n\u2019en avons rien \u00e0 faire.<\/p>\n<p style=\"text-align: center;\"><img loading=\"lazy\" decoding=\"async\" class=\"alignnone  wp-image-63\" src=\"http:\/\/ronaldruseler.nl\/wp-tekst\/wp-content\/uploads\/2016\/02\/Posterbeeld-HR.jpg\" alt=\"Posterbeeld-HR\" width=\"234\" height=\"304\" \/>\u00a0 <img loading=\"lazy\" decoding=\"async\" class=\"alignnone  wp-image-64\" src=\"http:\/\/ronaldruseler.nl\/wp-tekst\/wp-content\/uploads\/2016\/02\/Proces-verbaal-I_Het-Dolhuys_pers.jpg\" alt=\"Proces-verbaal-I_Het-Dolhuys_pers\" width=\"221\" height=\"325\" srcset=\"http:\/\/ronaldruseler.nl\/wp-tekst\/wp-content\/uploads\/2016\/02\/Proces-verbaal-I_Het-Dolhuys_pers.jpg 477w, http:\/\/ronaldruseler.nl\/wp-tekst\/wp-content\/uploads\/2016\/02\/Proces-verbaal-I_Het-Dolhuys_pers-204x300.jpg 204w\" sizes=\"auto, (max-width: 221px) 100vw, 221px\" \/><\/p>\n","protected":false},"excerpt":{"rendered":"<p>Area Revue)s( No 16 &#8211; 2008 Entretien avec Hans Looijen, Directeur Dolhuys, mus\u00e9e de l&#8217;esprit. Haarlem, Pays-Bas Het Dolhuys fut construit hors des murs de la ville de Haarlem en 1320, pour accueillir les forcen\u00e9s et les l\u00e9preux. Depuis janvier 2005, il abrite le Mus\u00e9e National de la Psychiatrie, qui ouvre au public sa vaste biblioth\u00e8que et sa collection de&#8230; <a href=\"http:\/\/ronaldruseler.nl\/wp-tekst\/la-valeur-de-lanormalite-entretien-avec-hans-looijen-directeur-dolhuys-musee-de-lesprit-haarlem-pays-bas\/\">Read more &raquo;<\/a><\/p>\n","protected":false},"author":1,"featured_media":0,"parent":0,"menu_order":0,"comment_status":"closed","ping_status":"closed","template":"","meta":{"footnotes":""},"class_list":["post-60","page","type-page","status-publish","hentry"],"_links":{"self":[{"href":"http:\/\/ronaldruseler.nl\/wp-tekst\/wp-json\/wp\/v2\/pages\/60","targetHints":{"allow":["GET"]}}],"collection":[{"href":"http:\/\/ronaldruseler.nl\/wp-tekst\/wp-json\/wp\/v2\/pages"}],"about":[{"href":"http:\/\/ronaldruseler.nl\/wp-tekst\/wp-json\/wp\/v2\/types\/page"}],"author":[{"embeddable":true,"href":"http:\/\/ronaldruseler.nl\/wp-tekst\/wp-json\/wp\/v2\/users\/1"}],"replies":[{"embeddable":true,"href":"http:\/\/ronaldruseler.nl\/wp-tekst\/wp-json\/wp\/v2\/comments?post=60"}],"version-history":[{"count":1,"href":"http:\/\/ronaldruseler.nl\/wp-tekst\/wp-json\/wp\/v2\/pages\/60\/revisions"}],"predecessor-version":[{"id":66,"href":"http:\/\/ronaldruseler.nl\/wp-tekst\/wp-json\/wp\/v2\/pages\/60\/revisions\/66"}],"wp:attachment":[{"href":"http:\/\/ronaldruseler.nl\/wp-tekst\/wp-json\/wp\/v2\/media?parent=60"}],"curies":[{"name":"wp","href":"https:\/\/api.w.org\/{rel}","templated":true}]}}