{"id":6281,"date":"2025-01-01T15:05:29","date_gmt":"2025-01-01T15:05:29","guid":{"rendered":"http:\/\/ronaldruseler.nl\/wp-tekst\/?page_id=6281"},"modified":"2026-03-13T06:04:39","modified_gmt":"2026-03-13T06:04:39","slug":"euclides-da-cunha-mario-vargas-llosa","status":"publish","type":"page","link":"http:\/\/ronaldruseler.nl\/wp-tekst\/euclides-da-cunha-mario-vargas-llosa\/","title":{"rendered":"Euclides Da Cunha &#038; Mario Vargas Llosa"},"content":{"rendered":"\n<figure class=\"wp-block-image size-full is-resized\"><img loading=\"lazy\" decoding=\"async\" width=\"567\" height=\"221\" src=\"http:\/\/ronaldruseler.nl\/wp-tekst\/wp-content\/uploads\/2025\/01\/canudos-2x.jpg\" alt=\"\" class=\"wp-image-6288\" style=\"width:482px;height:188px\" srcset=\"http:\/\/ronaldruseler.nl\/wp-tekst\/wp-content\/uploads\/2025\/01\/canudos-2x.jpg 567w, http:\/\/ronaldruseler.nl\/wp-tekst\/wp-content\/uploads\/2025\/01\/canudos-2x-300x117.jpg 300w\" sizes=\"auto, (max-width: 567px) 100vw, 567px\" \/><\/figure>\n\n\n\n<p><\/p>\n\n\n\n<p>Twee boeken brachten ons in 2007 naar Canudos, in Bahia, een niet meer bestaand plaatsje in de Sert\u0101o van de Braziliaans binnenlanden. Margreet las in de reisgids dat je het historische plaatsje met de bus kon bereiken en dat het op maar 500 km van Recife lag. Onze reis daar naartoe nam 3 dagen in beslag.  We huurden een kamer in een afgelegen possada boven op een heuvel met uitzicht op het stuwmeer van Canudos. Hier leidde Ant\u00f4nio Conselheiro van 1896 tot en met 1898 de opstand tegen de eerste republikeinse regering. Zijn volgelingen bestonden voornamelijk uit arme drommels. De opstand ontaarde in een nietsontziende guerrillaoorlog en vier grote veldslagen, waarbij alle opstandelingen door de regeringstroepen werden gedood.<br><br>in de possada vroeg men ons verbaasd wat wij in hemelsnaam in deze uithoek dachten te zoeken, want alleen een handjevol geschiedenisstudenten bezochten het verloren dorpje af en toe. De pastoor Padre Civio bood aan om ons in zijn Fiatje Panda mee te nemen naar de gedenkplaats. Daar keek een  monument van de Conselheiro uit over het voormalige slagveld. Het Velho Canudos ligt nu verzonken in het stuwmeer.<br>Wij lazen allereerst de geromantiseerde versie van Mario Vargas Llosa, die over de bijna vergeten tragedie een adembenemende roman schreef. Daarna verdiepten wij ons in het magistrale boek De Binnenlanden waarin Euclides Da Cunha uitgebreid de opstand tegen de regeringsroepen in beschrijft. <br><br>De valse profeet Ant\u00f4nio Conselheiro werd door da Cunha als volgt gekarakteriseerd: <br>\u2018Als individu gezien gaat hij onder in de massa van alledaagse zenuwzieken. Men zou hem kunnen onderbrengen in een of andere categorie van progressieve psychose. Maar in samenhang met zijn milieu is hij huiveringwekkend. Hij is een diathese en een synthese. De afzonderlijke fasen van zijn leven zijn misschien niet de opeenvolgende stadia van een ernstige ziekte, maar ze vormen zonder enige twijfel een beknopte samenvatting van de voornaamste aspecten van een ernstig maatschappelijk euvel.<br>Zodoende is deze ongelukkige, die eigenlijk medische zorg behoefde, door een hogere macht gedreven in botsing gekomen met de beschaving en is hij in de geschiedenis beland in plaats van het gesticht.\u2019<\/p>\n\n\n\n<p><\/p>\n\n\n\n<figure class=\"wp-block-image size-full is-resized\"><img loading=\"lazy\" decoding=\"async\" width=\"259\" height=\"194\" src=\"http:\/\/ronaldruseler.nl\/wp-tekst\/wp-content\/uploads\/2025\/01\/images.jpeg\" alt=\"\" class=\"wp-image-6292\" style=\"width:480px;height:360px\"\/><\/figure>\n\n\n\n<p><\/p>\n\n\n\n<p><strong>Euclides da Cunha<\/strong><br>Os sert\u00f5es &#8211; De Binnenlanden (1902)<\/p>\n\n\n\n<p>Euclides da Cunha is de auteur van \u00e9\u00e9n boek, Os sert\u00f5es (De binnenlanden, 1902), dat het grootste boek uit de Braziliaanse literatuur is genoemd. Centraal staat de religieuze strijd bij Canudos, het noordoosten van Brazili\u00eb, tussen de \u2018fanatici\u2019, aanhangers van de messias Ant\u00f4nio Conselheiro, en regeringstroepen, die een aantal expedities nodig hadden om de rebellen tot de laatste man uit te roeien. Wat volgt is een hartstochtelijke aanklacht tegen \u2018de grootste misdaad uit de Braziliaanse geschiedenis\u2019 waarbij geschiedenis, antropologie, politiek, geografie, klimatologie, psychologie, natuurwetenschappen, sociologie, etnologie en strategie worden verenigd.<br>Het is een verhaal, epos, roman, essay, po\u00ebzie, als een monumentaal testament over flora, fauna, het leven in de Braziliaanse binnenlanden en over hartstocht en wetenschap. De binnenlanden is een schokkende definitie van Brazili\u00eb. Mario Vargas Llosa baseerde zijn Oorlog van het einde van de wereld op het werk van Da Cunha. De Binnenlanden werd vertaald door August Willemsen.<br>\u00b7\u2018Een compleet beeld van het Braziliaanse volk en van het land, zoals niet eerder met zoveel inzicht en psychologisch begrip is gegeven. In de wereldliteratuur misschien alleen vergelijkbaar met The Seven Pillars of Wisdom.\u2019 \u2013 Stefan Zweig<\/p>\n\n\n\n<p>\u00b7\u2018Er bestaat geen twijfel: De binnenlanden van Euclides da Cunha is een werk dat niet alleen uniek is in de Braziliaanse literatuur, maar evenzeer in de wereldliteratuur.\u2019 \u2013 Samuel Putnam<\/p>\n\n\n\n<p><\/p>\n\n\n\n<p><strong>Mario Vargas Llosa<\/strong><br>De oorlog van het einde van de wereld (1981) &#8211; La guerra del fin del mundo<\/p>\n\n\n\n<p>De oorlog van het einde van de wereld beschrijft een turbulente periode in de geschiedenis van Brazili\u00eb.<br>Als in 1888 de slavernij wordt afgeschaft in Brazili\u00eb, verlaten de slaven in groten getale de plantages. Dit leidt tot een enorme economische achteruitgang. Het jaar daarna wordt de laatste keizer van Brazili\u00eb afgezet en wordt de republiek uitgeroepen. Te midden van deze grote veranderingen staat in het noordoosten van het land een charismatische zedenpreker op, die met zijn christelijke boodschap een grote schare volgelingen weet te vergaren. Zijn naam is Ant\u00f4nio Vicente Mendes Maciel, maar hij staat vooral bekend onder zijn bijnaam Ant\u00f4nio Conselheiro (de Raadgever).<\/p>\n\n\n\n<p>Ant\u00f4nio Conselheiro stichtte de stad Canudos, waar zijn volgelingen onder strenge gedragsregels leefden. Hij weigerde echter om het gezag van de republiek te erkennen. De regering stuurde daarop tot viermaal toe een militaire expeditie uit naar Canudos. Driemaal wisten de inwoners van Canudos de aanval af te slaan, maar tijdens de vierde expeditie viel de stad. De oorlog eiste het leven van tienduizenden mensen. Ook Ant\u00f4nio Conselheiro zelf overleed. Zijn stad werd met de grond gelijk gemaakt. De machten van de \u2018beschaving\u2019 hadden gewonnen door op onbeschaafde wijze huis te houden.<\/p>\n\n\n\n<p>De Oorlog van Canudos was bijna in de vergetelheid geraakt, totdat de Nobelprijswinnaar Mario Vargas Llosa er aandacht aan besteedde in deze roman, waarvan de kernvraag is: wat is de essentie van fanatisme en geloof?<\/p>\n\n\n\n<p><\/p>\n\n\n\n<figure class=\"wp-block-image size-full is-resized\"><img loading=\"lazy\" decoding=\"async\" width=\"600\" height=\"399\" src=\"http:\/\/ronaldruseler.nl\/wp-tekst\/wp-content\/uploads\/2025\/01\/istoa110318001.jpg\" alt=\"\" class=\"wp-image-6289\" style=\"width:474px;height:315px\" srcset=\"http:\/\/ronaldruseler.nl\/wp-tekst\/wp-content\/uploads\/2025\/01\/istoa110318001.jpg 600w, http:\/\/ronaldruseler.nl\/wp-tekst\/wp-content\/uploads\/2025\/01\/istoa110318001-300x200.jpg 300w\" sizes=\"auto, (max-width: 600px) 100vw, 600px\" \/><\/figure>\n\n\n\n<p><\/p>\n\n\n\n<figure class=\"wp-block-image size-full is-resized\"><img loading=\"lazy\" decoding=\"async\" width=\"258\" height=\"190\" src=\"http:\/\/ronaldruseler.nl\/wp-tekst\/wp-content\/uploads\/2025\/01\/images-1.jpeg\" alt=\"\" class=\"wp-image-6308\" style=\"width:476px;height:351px\"\/><\/figure>\n\n\n\n<p><\/p>\n\n\n\n<figure class=\"wp-block-image size-full is-resized\"><img loading=\"lazy\" decoding=\"async\" width=\"650\" height=\"462\" src=\"http:\/\/ronaldruseler.nl\/wp-tekst\/wp-content\/uploads\/2025\/01\/Canudos.jpg.webp\" alt=\"\" class=\"wp-image-6291\" style=\"width:479px;height:340px\" srcset=\"http:\/\/ronaldruseler.nl\/wp-tekst\/wp-content\/uploads\/2025\/01\/Canudos.jpg.webp 650w, http:\/\/ronaldruseler.nl\/wp-tekst\/wp-content\/uploads\/2025\/01\/Canudos.jpg-300x213.webp 300w, http:\/\/ronaldruseler.nl\/wp-tekst\/wp-content\/uploads\/2025\/01\/Canudos.jpg-624x444.webp 624w\" sizes=\"auto, (max-width: 650px) 100vw, 650px\" \/><\/figure>\n\n\n\n<p><\/p>\n\n\n\n<figure class=\"wp-block-image size-large is-resized\"><img loading=\"lazy\" decoding=\"async\" width=\"1024\" height=\"759\" src=\"http:\/\/ronaldruseler.nl\/wp-tekst\/wp-content\/uploads\/2025\/01\/IP_Canudos_FootH_03-1024x759.jpg\" alt=\"\" class=\"wp-image-6290\" style=\"width:476px;height:352px\" srcset=\"http:\/\/ronaldruseler.nl\/wp-tekst\/wp-content\/uploads\/2025\/01\/IP_Canudos_FootH_03-1024x759.jpg 1024w, http:\/\/ronaldruseler.nl\/wp-tekst\/wp-content\/uploads\/2025\/01\/IP_Canudos_FootH_03-300x222.jpg 300w, http:\/\/ronaldruseler.nl\/wp-tekst\/wp-content\/uploads\/2025\/01\/IP_Canudos_FootH_03-768x569.jpg 768w, http:\/\/ronaldruseler.nl\/wp-tekst\/wp-content\/uploads\/2025\/01\/IP_Canudos_FootH_03-624x463.jpg 624w, http:\/\/ronaldruseler.nl\/wp-tekst\/wp-content\/uploads\/2025\/01\/IP_Canudos_FootH_03.jpg 1500w\" sizes=\"auto, (max-width: 1024px) 100vw, 1024px\" \/><\/figure>\n","protected":false},"excerpt":{"rendered":"<p>Twee boeken brachten ons in 2007 naar Canudos, in Bahia, een niet meer bestaand plaatsje in de Sert\u0101o van de Braziliaans binnenlanden. Margreet las in de reisgids dat je het historische plaatsje met de bus kon bereiken en dat het op maar 500 km van Recife lag. Onze reis daar naartoe nam 3 dagen in beslag. We huurden een kamer&#8230; <a href=\"http:\/\/ronaldruseler.nl\/wp-tekst\/euclides-da-cunha-mario-vargas-llosa\/\">Read more &raquo;<\/a><\/p>\n","protected":false},"author":1,"featured_media":0,"parent":0,"menu_order":0,"comment_status":"closed","ping_status":"closed","template":"","meta":{"footnotes":""},"class_list":["post-6281","page","type-page","status-publish","hentry"],"_links":{"self":[{"href":"http:\/\/ronaldruseler.nl\/wp-tekst\/wp-json\/wp\/v2\/pages\/6281","targetHints":{"allow":["GET"]}}],"collection":[{"href":"http:\/\/ronaldruseler.nl\/wp-tekst\/wp-json\/wp\/v2\/pages"}],"about":[{"href":"http:\/\/ronaldruseler.nl\/wp-tekst\/wp-json\/wp\/v2\/types\/page"}],"author":[{"embeddable":true,"href":"http:\/\/ronaldruseler.nl\/wp-tekst\/wp-json\/wp\/v2\/users\/1"}],"replies":[{"embeddable":true,"href":"http:\/\/ronaldruseler.nl\/wp-tekst\/wp-json\/wp\/v2\/comments?post=6281"}],"version-history":[{"count":9,"href":"http:\/\/ronaldruseler.nl\/wp-tekst\/wp-json\/wp\/v2\/pages\/6281\/revisions"}],"predecessor-version":[{"id":8447,"href":"http:\/\/ronaldruseler.nl\/wp-tekst\/wp-json\/wp\/v2\/pages\/6281\/revisions\/8447"}],"wp:attachment":[{"href":"http:\/\/ronaldruseler.nl\/wp-tekst\/wp-json\/wp\/v2\/media?parent=6281"}],"curies":[{"name":"wp","href":"https:\/\/api.w.org\/{rel}","templated":true}]}}