{"id":8142,"date":"2025-10-08T09:47:35","date_gmt":"2025-10-08T09:47:35","guid":{"rendered":"https:\/\/ronaldruseler.nl\/wp-tekst\/?page_id=8142"},"modified":"2025-10-09T14:23:30","modified_gmt":"2025-10-09T14:23:30","slug":"stufen-hermann-hesse","status":"publish","type":"page","link":"http:\/\/ronaldruseler.nl\/wp-tekst\/stufen-hermann-hesse\/","title":{"rendered":"Stufen &#8211; Hermann Hesse"},"content":{"rendered":"\n<p>Wie jede Bl\u00fcte welkt und jede Jugend<br>\u2028Dem Alter weicht, bl\u00fcht jede Lebensstufe,\u2028<br>Bl\u00fcht jede Weisheit auch und jede Tugend<br>\u2028Zu ihrer Zeit und darf nicht ewig dauern.\u2028<br>Es mu\u00df das Herz bei jedem Lebensrufe\u2028<br>Bereit zum Abschied sein und Neubeginne,<br>\u2028Um sich in Tapferkeit und ohne Trauern<br>\u2028In andre, neue Bindungen zu geben.\u2028<br>Und jedem Anfang wohnt ein Zauber inne,\u2028<br>Der uns besch\u00fctzt und der uns hilft, zu leben.<\/p>\n\n\n\n<p>Wir sollen heiter Raum um Raum durchschreiten,\u2028<br>An keinem wie an einer Heimat h\u00e4ngen,<br>\u2028Der Weltgeist will nicht fesseln uns und engen,\u2028<br>Er will uns Stuf\u00b4 um Stufe heben, weiten.\u2028<br>Kaum sind wir heimisch einem Lebenskreise\u2028<br>Und traulich eingewohnt, so droht Erschlaffen;\u2028<br>Nur wer bereit zu Aufbruch ist und Reise,\u2028<br>Mag l\u00e4hmender Gew\u00f6hnung sich entraffen.<\/p>\n\n\n\n<p>Es wird vielleicht auch noch die Todesstunde\u2028<br>Uns neuen R\u00e4umen jung entgegen senden,\u2028<br>Des Lebens Ruf an uns wird niemals enden,\u2028<br>Wohlan denn, Herz, nimm Abschied und gesunde!<\/p>\n\n\n\n<p><sub>\u00a9 Suhrkamp Verlag, Frankfurt am Main, 1953, 1961<br>Aus: Die Gedichte. Frankfurt am Main: Suhrkamp Verlag, 2001<br>Audioproduktion: Hermann Hesse &#8211; \u00dcber das Gl\u00fcck. Briefe, Gedichte und Prosa. Gelesen von Hermann Hesse und Gert Westphal. Zusammengestellt von Volker Michels. Der H\u00f6rverlag, M\u00fcnchen 1995\/2008<\/sub><\/p>\n\n\n\n<p><\/p>\n\n\n\n<figure class=\"wp-block-image size-full is-resized\"><img loading=\"lazy\" decoding=\"async\" width=\"709\" height=\"705\" src=\"https:\/\/ronaldruseler.nl\/wp-tekst\/wp-content\/uploads\/2025\/10\/Hermann-Hesse-1.jpg\" alt=\"\" class=\"wp-image-8143\" style=\"width:481px;height:auto\" srcset=\"http:\/\/ronaldruseler.nl\/wp-tekst\/wp-content\/uploads\/2025\/10\/Hermann-Hesse-1.jpg 709w, http:\/\/ronaldruseler.nl\/wp-tekst\/wp-content\/uploads\/2025\/10\/Hermann-Hesse-1-300x298.jpg 300w, http:\/\/ronaldruseler.nl\/wp-tekst\/wp-content\/uploads\/2025\/10\/Hermann-Hesse-1-150x150.jpg 150w, http:\/\/ronaldruseler.nl\/wp-tekst\/wp-content\/uploads\/2025\/10\/Hermann-Hesse-1-624x620.jpg 624w, http:\/\/ronaldruseler.nl\/wp-tekst\/wp-content\/uploads\/2025\/10\/Hermann-Hesse-1-176x176.jpg 176w, http:\/\/ronaldruseler.nl\/wp-tekst\/wp-content\/uploads\/2025\/10\/Hermann-Hesse-1-60x60.jpg 60w\" sizes=\"auto, (max-width: 709px) 100vw, 709px\" \/><\/figure>\n\n\n\n<p><\/p>\n\n\n\n<p><strong>Das Gedicht<\/strong><br>Stufen ist der Titel eines der bekanntesten philosophischen Gedichte von Hermann Hesse. Er schrieb das Gedicht am 4. Mai 1941[1] nach langer Krankheit; es trug urspr\u00fcnglich den Titel \u201eTranszendieren!\u201c.[2] In Stufen beschreibt Hesse das Leben als fortw\u00e4hrenden Prozess, bei dem auf jeden \u201edurchschrittenen\u201c Lebensabschnitt (Raum, Stufe) ein neuer Lebensabschnitt folgt.<\/p>\n\n\n\n<p>I<strong>nhalt<\/strong><br>Jede Lebensstufe, Tugend und Weisheit ist zeitlich begrenzt und bl\u00fcht zu ihrer jeweiligen Zeit. Der Mensch soll sich also bei jedem Ruf des Lebens mit Tapfer- und Heiterkeit sowie ohne Trauer von seinem alten Lebensstadium verabschieden und einen Neubeginn wagen. Er soll sich au\u00dferdem an keiner der Lebensstufen festhalten, da der \u201eWeltgeist\u201c f\u00fcr ihn keine Einengung, sondern eine Ausweitung von Stufe zu Stufe vorsieht. Hat man auf einer Stufe Heimat gefunden, so droht man in eine Erschlaffung und L\u00e4hmung zu geraten. Dieser Stufenprozess ist nicht zwangsl\u00e4ufig schon mit dem Tod abgeschlossen, weil das Leben fortw\u00e4hrend ruft. Somit soll der Mensch den Tod als Genesung betrachten, denn letztlich ist auch er nur der Abschied von einer Lebensstufe.<\/p>\n\n\n\n<p><\/p>\n\n\n\n<figure class=\"wp-block-image size-full is-resized\"><img loading=\"lazy\" decoding=\"async\" width=\"640\" height=\"403\" src=\"https:\/\/ronaldruseler.nl\/wp-tekst\/wp-content\/uploads\/2025\/10\/Twee-schilderijen-atelier-72-640x480-1.jpg\" alt=\"\" class=\"wp-image-8154\" style=\"width:501px;height:auto\" srcset=\"http:\/\/ronaldruseler.nl\/wp-tekst\/wp-content\/uploads\/2025\/10\/Twee-schilderijen-atelier-72-640x480-1.jpg 640w, http:\/\/ronaldruseler.nl\/wp-tekst\/wp-content\/uploads\/2025\/10\/Twee-schilderijen-atelier-72-640x480-1-300x189.jpg 300w, http:\/\/ronaldruseler.nl\/wp-tekst\/wp-content\/uploads\/2025\/10\/Twee-schilderijen-atelier-72-640x480-1-624x393.jpg 624w\" sizes=\"auto, (max-width: 640px) 100vw, 640px\" \/><figcaption class=\"wp-element-caption\"><sub>2025 Twee schilderijen op atelier, <\/sub><br><sub>Heilige Boom van Siddhartha te Lumbini (met HG) <\/sub><br><sub>&amp; Wildernis | Onvoltooide Tuin<\/sub>.<\/figcaption><\/figure>\n","protected":false},"excerpt":{"rendered":"<p>Wie jede Bl\u00fcte welkt und jede Jugend\u2028Dem Alter weicht, bl\u00fcht jede Lebensstufe,\u2028Bl\u00fcht jede Weisheit auch und jede Tugend\u2028Zu ihrer Zeit und darf nicht ewig dauern.\u2028Es mu\u00df das Herz bei jedem Lebensrufe\u2028Bereit zum Abschied sein und Neubeginne,\u2028Um sich in Tapferkeit und ohne Trauern\u2028In andre, neue Bindungen zu geben.\u2028Und jedem Anfang wohnt ein Zauber inne,\u2028Der uns besch\u00fctzt und der uns hilft, zu&#8230; <a href=\"http:\/\/ronaldruseler.nl\/wp-tekst\/stufen-hermann-hesse\/\">Read more &raquo;<\/a><\/p>\n","protected":false},"author":1,"featured_media":0,"parent":0,"menu_order":0,"comment_status":"closed","ping_status":"closed","template":"","meta":{"footnotes":""},"class_list":["post-8142","page","type-page","status-publish","hentry"],"_links":{"self":[{"href":"http:\/\/ronaldruseler.nl\/wp-tekst\/wp-json\/wp\/v2\/pages\/8142","targetHints":{"allow":["GET"]}}],"collection":[{"href":"http:\/\/ronaldruseler.nl\/wp-tekst\/wp-json\/wp\/v2\/pages"}],"about":[{"href":"http:\/\/ronaldruseler.nl\/wp-tekst\/wp-json\/wp\/v2\/types\/page"}],"author":[{"embeddable":true,"href":"http:\/\/ronaldruseler.nl\/wp-tekst\/wp-json\/wp\/v2\/users\/1"}],"replies":[{"embeddable":true,"href":"http:\/\/ronaldruseler.nl\/wp-tekst\/wp-json\/wp\/v2\/comments?post=8142"}],"version-history":[{"count":4,"href":"http:\/\/ronaldruseler.nl\/wp-tekst\/wp-json\/wp\/v2\/pages\/8142\/revisions"}],"predecessor-version":[{"id":8156,"href":"http:\/\/ronaldruseler.nl\/wp-tekst\/wp-json\/wp\/v2\/pages\/8142\/revisions\/8156"}],"wp:attachment":[{"href":"http:\/\/ronaldruseler.nl\/wp-tekst\/wp-json\/wp\/v2\/media?parent=8142"}],"curies":[{"name":"wp","href":"https:\/\/api.w.org\/{rel}","templated":true}]}}