{"id":8540,"date":"2026-03-16T15:39:37","date_gmt":"2026-03-16T15:39:37","guid":{"rendered":"https:\/\/ronaldruseler.nl\/wp-tekst\/?page_id=8540"},"modified":"2026-04-09T11:04:55","modified_gmt":"2026-04-09T11:04:55","slug":"vincent-van-gogh-paul-gauguin","status":"publish","type":"page","link":"http:\/\/ronaldruseler.nl\/wp-tekst\/vincent-van-gogh-paul-gauguin\/","title":{"rendered":"Vincent van Gogh &amp; Paul Gauguin"},"content":{"rendered":"\n<p>Op de middelbare school werd mijn interesse voor het leven en werk van Vincent van Gogh gewekt en de tijdens de overgang school en kunstacademie las ik voor het eerst zijn brievenboeken. Ten minste&#8230; alleen zijn Nederlandse brieven, want mijn Frans was toentertijd niet bepaald optimaal. De boeken over van Gogh leende ik bij de Stadsbibliotheek. Sindsdien volgden met tussenpozen <em>van Gogh-periodes<\/em>. Die periodes leidden niet zelden tot van Goghreisjes en zoektochten naar de plaatsen waar hij ooit verbleven had &#8211; (Nooit reizen zonder doel). De vraag daarbij was hoe leven en werk in elkaar overgingen bij een schilder die deels een legende geworden was, maar tevens de schilder die met \u00e9\u00e9n woeste beweging een nieuw tijdperk voor de schilderkunst inluidde. De wereld van Vincent zag er uit als aaneengeregen puzzelstukjes, maar zijn kunst stond voor mij altijd op nummer \u00e9\u00e9n.<\/p>\n\n\n\n<p><\/p>\n\n\n\n<figure class=\"wp-block-image size-full is-resized\"><img loading=\"lazy\" decoding=\"async\" width=\"709\" height=\"392\" src=\"https:\/\/ronaldruseler.nl\/wp-tekst\/wp-content\/uploads\/2026\/04\/Montmartrekopie.jpg\" alt=\"\" class=\"wp-image-8823\" style=\"width:570px;height:auto\" srcset=\"http:\/\/ronaldruseler.nl\/wp-tekst\/wp-content\/uploads\/2026\/04\/Montmartrekopie.jpg 709w, http:\/\/ronaldruseler.nl\/wp-tekst\/wp-content\/uploads\/2026\/04\/Montmartrekopie-300x166.jpg 300w, http:\/\/ronaldruseler.nl\/wp-tekst\/wp-content\/uploads\/2026\/04\/Montmartrekopie-624x345.jpg 624w\" sizes=\"auto, (max-width: 709px) 100vw, 709px\" \/><figcaption class=\"wp-element-caption\"><sub>Eerste aankoop voor Fl 1,50 &#8211; Linda Nochlin &#8211; Cassette De brieven van Vincent van Gogh.<\/sub><\/figcaption><\/figure>\n\n\n\n<p><\/p>\n\n\n\n<p>In 1985 schaften wij <em>Van Gogh en zijn weg &#8211; het complete werk<\/em> van Jan Hulsker aan. Een kloek boek, waarin alle kunst vermeld staat die Vincent gemaakt heeft. Bij sommige illustraties staat een x-je. Die tekening of dat schilderij hadden wij dan ergens in het echt gezien. (Vanaf onze studietijd hebben wij dit ook altijd gedaan in onze <em>Janson<\/em> &#8211; History of <em>Art<\/em>. Dat staat vol met x-jes &#8230; gezien!)<\/p>\n\n\n\n<p>Broer Theo woonde op Montmartre in rue Lepic. (ook bezocht) In die tijd werd Parijs grondig herbouwd door Georges-Eug\u00e8ne Haussmann. Die stedenbouwkundige revolutie is door Vincent deels vastgelegd, nadat hij bij Theo ingetrokken was. Zoals de schetsen en schilderijen van de beroemde <em>Moulins<\/em>, waar jongeren en de boh\u00e8me elkaar op zaterdagavond en zondag troffen in het uitgaansleven. Hier in Parijs borrelde het echte talent van Vincent op. Zijn onbeholpen donkere, <em>Hollandse<\/em> stijl nam vrijwel meteen een volwassen vorm aan. Theo die in Parijs een succesvol kunsthandelaar was introduceerde Vincent in zijn vriendenclub van experimenterende kunstenaars. Dat waren de schilders Paul Gauguin, Paul C\u00e9zanne, Henri de Toulouse-Lautrec, Henri Rousseau, Camille Pissarro, Georges Seurat en niet te vergeten \u00c9mile Bernard. Hier kwam het talent van Vincent aan het oppervlak. Hij liet de sombere kleuren varen en richtte zich op het experimenteren met de nieuwste stijlen. Dat was meteen raak.<\/p>\n\n\n\n<p><\/p>\n\n\n\n<figure class=\"wp-block-image size-full is-resized\"><img loading=\"lazy\" decoding=\"async\" width=\"709\" height=\"247\" src=\"https:\/\/ronaldruseler.nl\/wp-tekst\/wp-content\/uploads\/2026\/04\/Van-Gogh-en-zijn-weg-\u2013-Het-complete-werk.jpg\" alt=\"\" class=\"wp-image-8827\" style=\"width:597px;height:auto\" srcset=\"http:\/\/ronaldruseler.nl\/wp-tekst\/wp-content\/uploads\/2026\/04\/Van-Gogh-en-zijn-weg-\u2013-Het-complete-werk.jpg 709w, http:\/\/ronaldruseler.nl\/wp-tekst\/wp-content\/uploads\/2026\/04\/Van-Gogh-en-zijn-weg-\u2013-Het-complete-werk-300x105.jpg 300w, http:\/\/ronaldruseler.nl\/wp-tekst\/wp-content\/uploads\/2026\/04\/Van-Gogh-en-zijn-weg-\u2013-Het-complete-werk-624x217.jpg 624w\" sizes=\"auto, (max-width: 709px) 100vw, 709px\" \/><\/figure>\n\n\n\n<p><br><strong>In Parijs<\/strong><br><em>Lotgenoten &#8211; het leven van Vincent en Theo van Gogh<\/em> van Jan Hulsker gaf een dramatisch (wetenschappelijk) inzicht in het leven van de twee broers. Beiden kwamen uit een goed sociaal nest. Hun vader was dominee en dat hield een degelijke burgerlijke positie met hoog aanzien in. In de 19-eeuw speelden dominees een centrale rol met grote invloed op religieus- en maatschappelijk niveau. Bovendien waren familieleden, zoals oom Vincent, succesvolle kunsthandelaren. Mooie uitgangspunten voor een succesvolle maatschappelijk carri\u00e8re. Zowel Theo als Vincent zouden stage lopen bij oom Cent. Theo verhuisde naar Parijs en werd hoofd bij de kunsthandel Goupil &amp; Cie (later Boussod, Valadon &amp; Cie) aan de Boulevard Montmartre.<\/p>\n\n\n\n<p>In 1990 werd ter gelegenheid van de herdenking van de 100ste sterfdag van Vincent van Gogh een cassette van 908 brieven uitgegeven. Alles in het Nederlands vertaald. Over een periode van achttien jaar schreef Vincent aan Theo en zijn vrienden. Theo heeft de correspondentie, samen met de schilderijen, altijd zorgvuldig bewaard en zijn weduwe Jo Bonger heeft de brieven later uitgegeven.<\/p>\n\n\n\n<p>Mijn belangstelling kukelde na die explosie van informatie en veel leesplezier een beetje in. Las over zijn vriend Anthon van Rappard en andere (deel-) aspecten uit het leven van Gogh. Daarbij bleef ik mij concentreren op de ontwikkelingen van de familie en vrienden die zich op priv\u00e9-gebied afspeelden. Het waren familieaangelegenheden op microniveau. Familiesores. Revoluties beginnen klein zonder dat de hoofdrolspelers hun invloed op het grote speelveld gewaar zijn. Kunst is altijd persoonlijk. (zie De Thibaults van Roger Martin Du Gard)<\/p>\n\n\n\n<p><strong>Jo van Gogh-Bonger<\/strong><br>Totdat in 2019 Hans Luijten zijn <em>Voor alles Vincent &#8211; Het leven van Jo van Gogh-Bonger<\/em> het licht liet zien. Jo Bonger was de schoonzuster van Vincent en de vrouw van broer Theo. Zij heeft Vincent slechts een paar keer als gast in Parijs ontmoet. Hij kwam haar sterker en krachtiger voor dan haar echtgenoot, die verfijnder en kwetsbaarder was. Zij beviel in Parijs van Vincent Willem. Paul Gauguin kwam op kraamvisite. Na de dood van Vincent raakte Theo in een diepe depressie en werd op verzoek van zijn vrouw opgenomen in het Geneeskundig Gesticht voor Krankzinnigen in Utrecht. Jo keerde definitief terug naar Nederland en betrok een villa in Bussum. Zij had de beschikking over de honderden schilderijen, tekeningen en brieven. De collectie stond opgeslagen op zolder. Harry G.M. Prick beschreef in <em>Een vreemdeling op de wegen : het leven van Lodewijk van Deyssel vanaf 1890<\/em> hoe de jochies Vincentje en Joopie op die zolder, tussen de erfenis, gespeeld hebben. Alberdingk Thijm vond de schilderijen van Vincent prachtig en was bewonderaar, maar op de vraag of de brieven van Vincent enig kunstzinnig of literair belang hadden hield hij zich op de vlakte. Jo dacht aan publicatie. <br>Was Jo Bonger er niet geweest, dan was er nauwelijks Vincent van Gogh geweest. Zijn oeuvre zou verspreid geraakt zijn en van haar belang ontdaan. Zij bleek het ide\u00eble en zakelijk inzicht te hebben gehad om de schilder onder internationale aandacht te brengen en later zelfs te vermarkten. Een enigma was geboren. Door haar inspanningen werd Van Gogh 10 jaar na zijn dood, naast Gauguin en C\u00e9zanne, een kunsthistorisch begrip. De rest is geschiedenis. Prachtboek van Hans Luijten.<\/p>\n\n\n\n<p>Vele jaren later exposeerde ik in galerie Kruis-Weg68 van Joke Stoute en Michel van Overbeeke. Meer dan 100 jaar geleden opende J.H. de Bois (1878 \u2013 1946) aan de Haarlemse Kruisweg 68 zijn eigen kunsthandel voor moderne kunst. Er waren in die tijd nog nauwelijks musea voor moderne kunst. Het initiatief van Kunsthandel J.H. de Bois was daarom voor het grote publiek een eerste kennismaking met werken van o.a. Vincent van Gogh, James Ensor en Wassily Kandinsky.<br>Van 2015 &#8211; 2024 was het pand weer in gebruik als galerie. Eigenaar en beeldend kunstenaar Michel van Overbeeke heeft zijn jeugd in dit pand doorgebracht. Zijn ouders hadden in 1948 de bovenwoning gehuurd. Na zijn dood is de galerie opgeheven.<\/p>\n\n\n\n<p><\/p>\n\n\n\n<figure class=\"wp-block-image size-full is-resized\"><img loading=\"lazy\" decoding=\"async\" width=\"709\" height=\"482\" src=\"https:\/\/ronaldruseler.nl\/wp-tekst\/wp-content\/uploads\/2026\/04\/2x-cat.jpg\" alt=\"\" class=\"wp-image-8832\" style=\"width:570px;height:auto\" srcset=\"http:\/\/ronaldruseler.nl\/wp-tekst\/wp-content\/uploads\/2026\/04\/2x-cat.jpg 709w, http:\/\/ronaldruseler.nl\/wp-tekst\/wp-content\/uploads\/2026\/04\/2x-cat-300x204.jpg 300w, http:\/\/ronaldruseler.nl\/wp-tekst\/wp-content\/uploads\/2026\/04\/2x-cat-624x424.jpg 624w\" sizes=\"auto, (max-width: 709px) 100vw, 709px\" \/><\/figure>\n\n\n\n<p><\/p>\n\n\n\n<p><strong>Vincent en Paul<\/strong><br>Op vrijdag 21 april 1989 bezochten Margreet en ik de grote overzichtstentoonstelling van Paul Gauguin in het Grand-Palais te Parijs. We stonden eerst 2 uur in de regen voor wij de tentoonstelling konden betreden. Ondanks de enorme drukte (wij stonden die ochtend nog vroeg in de rij) was het heel goed mogelijk alles zorgvuldig te bekijken. Wij moesten wel enig geduld betrachten, maar de ontmoeting met het werk van Gauguin was een hoogtepunt. Of zo&#8217;n block-buster nu nog mogelijk is valt te betwijfelen.<\/p>\n\n\n\n<p>Mijn belangstelling voor Paul Gauguin werd weer aangewakkerd door het verschijnen van de biografie <em>Wild Thing-A Life of Paul Gauguin<\/em> (2024) van Sue Prideaux, maar eerst las ik <em>Het paradijs om de hoek<\/em> (2003) van Mario Vargas Llosa, want dat lag al een tijdje op de stapel. Het laatste boek is niet echt een roman te noemen. Vargas Llosa beschrijft in alternerende hoofdstukken de levens van Paul en zijn activistische grootmoeder Flora Trist\u00e1n (1803-1844). Het boek is eerder een vertelling, geen roman. <br>Paul Gauguin stamde af van een puissant rijke familie uit Peru. Zijn grootmoeder Flora Tristan was telg uit de familie van Don Pio Trist\u00e1n-y-Morisco, een afstammeling van de Spaanse Borgia\u2019s. De moeder van Flora was een Franse vrouw van eenvoudige komaf en haar vader een steenrijke Spaanse diplomaat van Peruaanse afkomst die Mariano Tristan Moscoso heette. Haar vader stierf toen Flora vijf jaar oud was. <br>Terug in Frankrijk trouwde Flora Tristan jong met Andr\u00e9 Fran\u00e7ois Chazal, een Franse graveur. Na haar vertrek bij deze gewelddadige alcoholist, kon deze zich niet neerleggen bij het feit dat Flora hem met haar 3 kinderen verlaten had. Hij heeft haar tot zijn dood, achterna gezeten vanwege haar onwettige en niet erkende scheiding. Flora Tristan is in Frankrijk beroemd geworden als een van de eerste feministes en radicaal socialisten. Op den duur kon zij leven van haar geschriften en werd zij beschermd door de toenmalige culturele elite, waaronder de schrijfster George Sand. De dochter van Flora Aline Chazal (1825-1867) trouwde met Clovis Gauguin (1814-1851). De vader van Paul, Clovis stierf op 37 jarige leeftijd op Vuurland. Heel verhaal.<\/p>\n\n\n\n<p>Paul leidde als jongeling een turbulent leven en werd opgenomen in de familie van Gustave Arosa, de beschermheer van zijn moeder. Leermeester Arosa was beurshandelaar en kunstverzamelaar van de avant-garde. Gauguin groeide aldus op in een wereld van effecten en kunst. Eerst avonturierde hij als zeeman en later werd hij op voorspraak van Arosa succesvol beurshandelaar. Paul begon zelf ook kunst te verzamelen en aangestoken door huisvriend en collega-makelaar Claude-\u00c9mile Schuffenecker (1851-1934) eveneens te schilderen. Schuffenecker (Schuff) bleef zich, als bewonderaar, zijn leven lang inzetten voor het werk van zowel Vincent van Gogh als Paul Gauguin.<\/p>\n\n\n\n<figure class=\"wp-block-image size-full is-resized\"><img loading=\"lazy\" decoding=\"async\" width=\"709\" height=\"380\" src=\"https:\/\/ronaldruseler.nl\/wp-tekst\/wp-content\/uploads\/2026\/04\/bonger.jpg\" alt=\"\" class=\"wp-image-8834\" style=\"width:566px;height:auto\" srcset=\"http:\/\/ronaldruseler.nl\/wp-tekst\/wp-content\/uploads\/2026\/04\/bonger.jpg 709w, http:\/\/ronaldruseler.nl\/wp-tekst\/wp-content\/uploads\/2026\/04\/bonger-300x161.jpg 300w, http:\/\/ronaldruseler.nl\/wp-tekst\/wp-content\/uploads\/2026\/04\/bonger-624x334.jpg 624w\" sizes=\"auto, (max-width: 709px) 100vw, 709px\" \/><\/figure>\n\n\n\n<p><br>Paul Gauguin was net als Vincent van Gogh een natuurtalent. Na zijn faillissement als makelaar stortte hij zich, be\u00efnvloed door Camille Pissarro, op zijn kunstenaarschap. Zijn Deense vrouw, Mette-Sophie Gad (1850-1920) en hun vijf kinderen verbleven in Copenhagen. De kunstverzameling werd uit geldgebrek stukje bij beetje verkocht.<br><br>Met een groep gelijkgezinden streek Gauguin neer in het Bretonse kunstenaarsdorpje Pont-Avant. Daar werd hij de succesvolle motor en inspirator van een groep gelijkgestemde experimentele schilders, waaronder Paul S\u00e9rusier en Jacob Meijer de Haan. (De laatste figureerde meerdere malen in de schilderijen van Paul.) <br>Hoewel niet groter dan 1 meter 60 had hij een geducht karakter. Men beschreef hem als volgt: <br>&#8216;Wat zijn gedrag betreft was hij beheerst en zelfverzekerd, stil, bijna nors, hoewel hij zich kon ontspannen en heel charmant kon zijn als hij dat wilde \u2026 De meeste mensen waren bang voor hem, zelfs de meest roekelozen namen geen risico&#8217;s &#8230; <em>Hij is een sluwe vos<\/em>, was hun oordeel. Hij was bovendien sportief en kon goed schermen. Hoe dan ook, voorzichtigheid troef, want Gauguin was iemand die eerder gepaaid dan geprikkeld moest worden.&#8217; <br>Met deze dominante karaktereigenschap van messias en gekwelde geest die zich voor de kunst opofferde speelde Paul een doorslaggevende rol in de schilderkolonie.<\/p>\n\n\n\n<p>Vincent van Gogh liet zich inspireren door het succes van Gauguin in Pont-Avant, Bretagne. Hem stond een insgelijke schilderkolonie voor ogen in het zuiden van Frankrijk. Hij nodigde Paul uit in zijn <em>Gele Huisje<\/em> te Arles, dat hij in 1888 huurde. Theo stond garant voor hun verblijf. Eind oktober kwam Gauguin bij Vincent wonen. Ze werkten weliswaar samen, maar discussieerden tot ergernis van Paul ook voortdurend. Hun meningen bleken zo ver uiteen te liggen, dat ze aan de lopende band ruzieden. Aan de schilderkolonie van Vincent kwam abrupt een einde, want na het <em>incident met het oor<\/em> keerde Paul spoorslags terug naar Bretagne. <br><br><strong>Tahiti en Hiva Oa<\/strong><br>Na zijn laatste verblijf in Frankrijk reisde Paul in 1901 via Papeete &#8211; Tahiti &#8211; door naar Hiva Oa op de Markiezen Eilanden. Daar werd Paul Gauguin Kok\u00e9 genoemd, omdat <em>Gauguin<\/em> door de inheemse bewoners te ingewikkeld was om uit te spreken. Het werd dus voortaan Kok\u00e9. Op Hiva Oa liet hij in Atuona opnieuw een huisje bouwen net als eerder op Papeete (nadat dit huisje verkocht was heeft de nieuwe eigenaar alle <em>rommel<\/em> waaronder tekeningen, schildermateriaal, etc. in de tuin verbrand.) Door zijn succes in Frankrijk was er wel geld om van te leven, alleen kon Paul er niet altijd over beschikken. Gauguin heeft zijn hele leven met groot gemak meer geld uitgegeven dan er binnenkwam. <br>Gauguin heeft zich in Frans Polynesi\u00eb actief ingezet voor de rechten van de inheemse bevolking. Hij kreeg het al snel aan de stok met de autoriteiten en streed tegen de corruptie, onverschilligheid en willekeur van het Franse bestuur. Ik moest al snel denken aan onze Multatuli, omdat Paul eveneens scherp en kritisch van de tongriem gesneden was in geschrift en daad. Door zijn plotselinge dood ontliep hij een gevangenisstraf wegens belediging van &#8230; en samenspanning tegen het koloniale gezag. Hij stierf in 1903.<\/p>\n\n\n\n<p><strong>Epiloog<\/strong><br>Het boek van Ross King <em>De omwenteling van Parijs &#8211; Over de geboorte van het impressionisme<\/em> (2006) geeft verrassende inzichten in hoe de artistieke vernieuwingen in de 19e eeuw zich ontwikkelden. Hij schetst de modernisering via het academisme tegenover de vernieuwing via de marge in de kunst. Hoe, waar en wanneer kon je spreken over<em> \u00catre de son temps &#8211; eigentijds<\/em>e kunst. (zie ook Realism &#8211; Linda Nochlin, 1973) <br>De academist Jean-Louis-Ernest Meissonier (1815 \u2013 1891) stond bekend als realistisch vernieuwer die op bijna wetenschappelijke manier tot zijn composities kwam, terwijl \u00c9douard Manet (1832 \u2013 1883) de werkelijkheid benaderde door directe waarneming. Manet werkte intu\u00eftiever en polemiseerde met de groten in de kunst. Voor hem was de dagelijkse werkelijkheid leidend en geleidelijk aan nam hij afstand van het atelierstuk, hoewel Manet ten opzichte van zijn medestanders &#8211; de plein-air schilders &#8211; altijd een tussenfiguur is gebleven. Uiteindelijk droeg het Impressionisme bij aan de radicale vernieuwingsbewegingen. <br>De ideologie van het 20e-eeuwse Modernisme heeft een tijdlang het beeld gedomineerd van radicale en revolutionaire Avant-Garde. Tegenwoordig wordt daar anders over gedacht. Schrijvers als Auke van der Woud beschrijven de 19e-eeuw als het ware revolutionaire tijdperk van radicale vernieuwing. Het academisme van nu geldt opnieuw als basisnorm voor offici\u00eble erkenning en succes. De radicale posities a l\u00e1 Gauguin en van Gogh zouden in deze tijd waarschijnlijk weer niet herkend worden.<\/p>\n\n\n\n<p><strong>Avant et Apr\u00e8s &#8211; Paul Gauguin, 1903<\/strong>  | Het authentieke tekst van Paul Gauguin kun je <a href=\"https:\/\/www.gutenberg.org\/cache\/epub\/62340\/pg62340-images.html\" data-type=\"link\" data-id=\"https:\/\/www.gutenberg.org\/cache\/epub\/62340\/pg62340-images.html\">hier<\/a> lezen.<br>Ceci n\u2019est pas un livre. Un livre, m\u00eame un mauvais livre, c\u2019est une grave affaire. Telle phrase du quatri\u00e8me chapitre excellente serait mauvaise au deuxi\u00e8me, et tout le monde n\u2019est pas du m\u00e9tier.<br>Un roman. O\u00f9 cela commence-t-il: o\u00f9 cela finit-il. Le spirituel Camille Mauclair en donne la forme d\u00e9finitive: c\u2019est entendu jusqu\u2019\u00e0 ce qu\u2019un nouveau Mauclair vienne \u00e0 son heure nous annoncer une forme nouvelle.<br>Prise sur le vif, la r\u00e9alit\u00e9 n\u2019est-elle pas suffisante pour qu\u2019on se passe de l\u2019\u00e9crire? Et puis on change.<br>&#8212;&#8212;&#8212;-<br>Dit is geen boek. Een boek, zelfs een slecht boek, is een serieuze zaak. Een zin die in het vierde hoofdstuk uitstekend is, kan in het tweede hoofdstuk slecht zijn, en niet iedereen is een professionele schrijver.<br>Een roman. Waar begint die? Waar eindigt die? De geestige Camille Mauclair geeft hem zijn definitieve vorm: dat staat vast totdat er te zijner tijd een nieuwe Mauclair verschijnt om een \u200b\u200bnieuwe vorm aan te kondigen. Is de werkelijkheid, vastgelegd in het moment, niet genoeg dat we die niet hoeven op te schrijven? En dan veranderen we.<br><\/p>\n\n\n\n<figure class=\"wp-block-image size-full is-resized\"><img loading=\"lazy\" decoding=\"async\" width=\"709\" height=\"979\" src=\"https:\/\/ronaldruseler.nl\/wp-tekst\/wp-content\/uploads\/2026\/04\/The-manuscript-of-GCyAvant-et-apr\u00bfsGCO-by-Paul-Gauguin-09-front-cover-\u00ac-The-Courtauld-scaled-2.jpg\" alt=\"\" class=\"wp-image-8843\" style=\"width:463px;height:auto\" srcset=\"http:\/\/ronaldruseler.nl\/wp-tekst\/wp-content\/uploads\/2026\/04\/The-manuscript-of-GCyAvant-et-apr\u00bfsGCO-by-Paul-Gauguin-09-front-cover-\u00ac-The-Courtauld-scaled-2.jpg 709w, http:\/\/ronaldruseler.nl\/wp-tekst\/wp-content\/uploads\/2026\/04\/The-manuscript-of-GCyAvant-et-apr\u00bfsGCO-by-Paul-Gauguin-09-front-cover-\u00ac-The-Courtauld-scaled-2-217x300.jpg 217w, http:\/\/ronaldruseler.nl\/wp-tekst\/wp-content\/uploads\/2026\/04\/The-manuscript-of-GCyAvant-et-apr\u00bfsGCO-by-Paul-Gauguin-09-front-cover-\u00ac-The-Courtauld-scaled-2-624x862.jpg 624w\" sizes=\"auto, (max-width: 709px) 100vw, 709px\" \/><\/figure>\n\n\n\n<p><\/p>\n\n\n\n<p>Il est temps de cesser tout ce bavardage, le lecteur s\u2019impatiente: et je termine non sans \u00e9crire \u00e0 la fin une petite pr\u00e9face. J\u2019estime (autrement que Bruneti\u00e8re), qu\u2019aujourd\u2019hui on \u00e9crit beaucoup trop. Entendons-nous sur ce sujet. Beaucoup, beaucoup, savent \u00e9crire, c\u2019est incontestable, mais tr\u00e8s peu, excessivement peu, se doutent de ce que c\u2019est que l\u2019art litt\u00e9raire qui est un art tr\u00e8s difficile.<br>La m\u00eame chose se passe pour les arts plastiques, et cependant tout le monde en fait.<br>Il est cependant du devoir de chacun de s\u2019essayer, de s\u2019exercer.<br>A c\u00f4t\u00e9 de l\u2019art, l\u2019art tr\u00e8s pur, il y a cependant, \u00e9tant donn\u00e9 la richesse de l\u2019intelligence humaine, et de toutes ses facult\u00e9s, beaucoup de choses \u00e0 dire et il faut les dire.<br>Voil\u00e0 toute ma pr\u00e9face; je n\u2019ai pas voulu faire un livre qui ait la plus petite apparence d\u2019\u0153uvre d\u2019art (je ne saurais): mais en homme tr\u00e8s inform\u00e9 de beaucoup de choses qu\u2019il a vues, lues{241} et entendues dans tous les mondes, monde civilis\u00e9 et monde barbare, j\u2019ai voulu en pleine nudit\u00e9, sans crainte et sans honte, \u00e9crire\u2026 tout cela.<br>C\u2019est mon droit. Et la critique ne saura emp\u00eacher que cela soit, m\u00eame si c\u2019est inf\u00e2me.<br>&#8212;&#8212;&#8212;-<br>Het is tijd om een \u200b\u200beinde te maken aan al dit gepraat; de lezer wordt ongeduldig. En ik zal afsluiten, maar niet zonder een kort voorwoord. Ik geloof (in tegenstelling tot Bruneti\u00e8re) dat er tegenwoordig veel te veel geschreven wordt. Laten we daar duidelijk over zijn. Heel veel mensen kunnen schrijven, dat valt niet te ontkennen, maar heel weinig, extreem weinig mensen, hebben enig idee wat literaire kunst is, en dat is een zeer moeilijke kunst. Hetzelfde geldt voor de beeldende kunsten, en toch beoefent iedereen ze. Het is echter ieders plicht om het te proberen, om te oefenen. Naast kunst, pure kunst, is er, gezien de rijkdom van de menselijke intelligentie en al haar vermogens, veel te zeggen, en dat moet gezegd worden.<br>Dat is mijn hele voorwoord. Ik was niet van plan een boek te schrijven dat ook maar enigszins op een kunstwerk leek (ik zou niet weten hoe dat moest): maar als iemand die goed ge\u00efnformeerd is over veel dingen die hij heeft gezien, gelezen en gehoord in alle werelden, beschaafd en barbaars, wilde ik, in alle openheid, zonder angst of schaamte, dit alles opschrijven.<br>Het is mijn recht. En kritiek zal dat niet kunnen tegenhouden, zelfs niet als die verwerpelijk is.<\/p>\n\n\n\n<hr class=\"wp-block-separator has-alpha-channel-opacity\"\/>\n","protected":false},"excerpt":{"rendered":"<p>Op de middelbare school werd mijn interesse voor het leven en werk van Vincent van Gogh gewekt en de tijdens de overgang school en kunstacademie las ik voor het eerst zijn brievenboeken. Ten minste&#8230; alleen zijn Nederlandse brieven, want mijn Frans was toentertijd niet bepaald optimaal. De boeken over van Gogh leende ik bij de Stadsbibliotheek. Sindsdien volgden met tussenpozen&#8230; <a href=\"http:\/\/ronaldruseler.nl\/wp-tekst\/vincent-van-gogh-paul-gauguin\/\">Read more &raquo;<\/a><\/p>\n","protected":false},"author":1,"featured_media":0,"parent":0,"menu_order":0,"comment_status":"closed","ping_status":"closed","template":"","meta":{"footnotes":""},"class_list":["post-8540","page","type-page","status-publish","hentry"],"_links":{"self":[{"href":"http:\/\/ronaldruseler.nl\/wp-tekst\/wp-json\/wp\/v2\/pages\/8540","targetHints":{"allow":["GET"]}}],"collection":[{"href":"http:\/\/ronaldruseler.nl\/wp-tekst\/wp-json\/wp\/v2\/pages"}],"about":[{"href":"http:\/\/ronaldruseler.nl\/wp-tekst\/wp-json\/wp\/v2\/types\/page"}],"author":[{"embeddable":true,"href":"http:\/\/ronaldruseler.nl\/wp-tekst\/wp-json\/wp\/v2\/users\/1"}],"replies":[{"embeddable":true,"href":"http:\/\/ronaldruseler.nl\/wp-tekst\/wp-json\/wp\/v2\/comments?post=8540"}],"version-history":[{"count":150,"href":"http:\/\/ronaldruseler.nl\/wp-tekst\/wp-json\/wp\/v2\/pages\/8540\/revisions"}],"predecessor-version":[{"id":8853,"href":"http:\/\/ronaldruseler.nl\/wp-tekst\/wp-json\/wp\/v2\/pages\/8540\/revisions\/8853"}],"wp:attachment":[{"href":"http:\/\/ronaldruseler.nl\/wp-tekst\/wp-json\/wp\/v2\/media?parent=8540"}],"curies":[{"name":"wp","href":"https:\/\/api.w.org\/{rel}","templated":true}]}}