{"id":1196,"date":"2017-04-29T12:50:26","date_gmt":"2017-04-29T12:50:26","guid":{"rendered":"http:\/\/ronaldruseler.nl\/wp-tekst\/?page_id=1196"},"modified":"2025-01-03T08:05:05","modified_gmt":"2025-01-03T08:05:05","slug":"robert-musil-der-mann-ohne-eigenschaften","status":"publish","type":"page","link":"https:\/\/ronaldruseler.nl\/wp-tekst\/robert-musil-der-mann-ohne-eigenschaften\/","title":{"rendered":"Robert Musil: Der Mann ohne Eigenschaften."},"content":{"rendered":"\n<figure class=\"wp-block-image is-resized\"><img loading=\"lazy\" decoding=\"async\" src=\"http:\/\/ronaldruseler.nl\/wp-tekst\/wp-content\/uploads\/2017\/04\/holstein-pieter.jpg\" alt=\"\" class=\"wp-image-1201\" width=\"477\" height=\"378\" srcset=\"https:\/\/ronaldruseler.nl\/wp-tekst\/wp-content\/uploads\/2017\/04\/holstein-pieter.jpg 1601w, https:\/\/ronaldruseler.nl\/wp-tekst\/wp-content\/uploads\/2017\/04\/holstein-pieter-300x238.jpg 300w, https:\/\/ronaldruseler.nl\/wp-tekst\/wp-content\/uploads\/2017\/04\/holstein-pieter-768x608.jpg 768w, https:\/\/ronaldruseler.nl\/wp-tekst\/wp-content\/uploads\/2017\/04\/holstein-pieter-1024x811.jpg 1024w, https:\/\/ronaldruseler.nl\/wp-tekst\/wp-content\/uploads\/2017\/04\/holstein-pieter-624x494.jpg 624w\" sizes=\"auto, (max-width: 477px) 100vw, 477px\" \/><figcaption class=\"wp-element-caption\"><sub><em>Pieter Holstein, \u00dcber dem Atlantik befand sich ein barometrisches minimum; es wanderte einem maximum zu (Musil), 50 x 65 cm, ingekleurde ets No 296 &#8211; Archipel Kunstcollectie<\/em><\/sub><\/figcaption><\/figure>\n\n\n\n<p><\/p>\n\n\n\n<p>Erstes Buch &#8211; Kapitel 2 Quellenangabe<br><strong>Erster Teil<\/strong><br><strong>Eine Art Einleitung<\/strong><\/p>\n\n\n\n<p><strong>1<\/strong><br><strong>Woraus bemerkenswerter Weise nichts hervorgeht<\/strong><\/p>\n\n\n\n<p>\u00dcber dem Atlantik befand sich ein barometrisches Minimum; es wanderte ostw\u00e4rts, einem \u00fcber Ru\u00dfland lagernden Maximum zu, und verriet noch nicht die Neigung, diesem n\u00f6rdlich auszuweichen. Die Isothermen und Isotheren taten ihre Schuldigkeit. Die Lufttemperatur stand in einem ordnungsgem\u00e4\u00dfen Verh\u00e4ltnis zur mittleren Jahrestemperatur, zur Temperatur des k\u00e4ltesten wie des w\u00e4rmsten Monats und zur aperiodischen monatlichen Temperaturschwankung. Der Auf- und Untergang der Sonne, des Mondes, der Lichtwechsel des Mondes, der Venus, des Saturnringes und viele andere bedeutsame Erscheinungen entsprachen ihrer Voraussage in den astronomischen Jahrb\u00fcchern. Der Wasserdampf in der Luft hatte seine h\u00f6chste Spannkraft, und die Feuchtigkeit der Luft war gering. Mit einem Wort, das das Tats\u00e4chliche recht gut bezeichnet, wenn es auch etwas altmodisch ist: Es war ein sch\u00f6ner Augusttag des Jahres 1913.<\/p>\n","protected":false},"excerpt":{"rendered":"<p>Erstes Buch &#8211; Kapitel 2 QuellenangabeErster TeilEine Art Einleitung 1Woraus bemerkenswerter Weise nichts hervorgeht \u00dcber dem Atlantik befand sich ein barometrisches Minimum; es wanderte ostw\u00e4rts, einem \u00fcber Ru\u00dfland lagernden Maximum zu, und verriet noch nicht die Neigung, diesem n\u00f6rdlich auszuweichen. Die Isothermen und Isotheren taten ihre Schuldigkeit. Die Lufttemperatur stand in einem ordnungsgem\u00e4\u00dfen Verh\u00e4ltnis zur mittleren Jahrestemperatur, zur Temperatur des&#8230; <a href=\"https:\/\/ronaldruseler.nl\/wp-tekst\/robert-musil-der-mann-ohne-eigenschaften\/\">Read more &raquo;<\/a><\/p>\n","protected":false},"author":1,"featured_media":0,"parent":0,"menu_order":0,"comment_status":"closed","ping_status":"closed","template":"","meta":{"footnotes":""},"class_list":["post-1196","page","type-page","status-publish","hentry"],"_links":{"self":[{"href":"https:\/\/ronaldruseler.nl\/wp-tekst\/wp-json\/wp\/v2\/pages\/1196","targetHints":{"allow":["GET"]}}],"collection":[{"href":"https:\/\/ronaldruseler.nl\/wp-tekst\/wp-json\/wp\/v2\/pages"}],"about":[{"href":"https:\/\/ronaldruseler.nl\/wp-tekst\/wp-json\/wp\/v2\/types\/page"}],"author":[{"embeddable":true,"href":"https:\/\/ronaldruseler.nl\/wp-tekst\/wp-json\/wp\/v2\/users\/1"}],"replies":[{"embeddable":true,"href":"https:\/\/ronaldruseler.nl\/wp-tekst\/wp-json\/wp\/v2\/comments?post=1196"}],"version-history":[{"count":4,"href":"https:\/\/ronaldruseler.nl\/wp-tekst\/wp-json\/wp\/v2\/pages\/1196\/revisions"}],"predecessor-version":[{"id":6349,"href":"https:\/\/ronaldruseler.nl\/wp-tekst\/wp-json\/wp\/v2\/pages\/1196\/revisions\/6349"}],"wp:attachment":[{"href":"https:\/\/ronaldruseler.nl\/wp-tekst\/wp-json\/wp\/v2\/media?parent=1196"}],"curies":[{"name":"wp","href":"https:\/\/api.w.org\/{rel}","templated":true}]}}