{"id":2540,"date":"2020-03-18T09:31:30","date_gmt":"2020-03-18T09:31:30","guid":{"rendered":"http:\/\/ronaldruseler.nl\/wp-tekst\/?page_id=2540"},"modified":"2025-08-09T08:50:08","modified_gmt":"2025-08-09T08:50:08","slug":"en-ook-felix-nussbaum","status":"publish","type":"page","link":"https:\/\/ronaldruseler.nl\/wp-tekst\/en-ook-felix-nussbaum\/","title":{"rendered":"En ook Felix Nussbaum"},"content":{"rendered":"\n<figure class=\"wp-block-image size-large is-resized\"><img loading=\"lazy\" decoding=\"async\" width=\"567\" height=\"508\" src=\"http:\/\/ronaldruseler.nl\/wp-tekst\/wp-content\/uploads\/2020\/03\/doosje.jpg\" alt=\"\" class=\"wp-image-2544\" style=\"width:554px;height:auto\" srcset=\"https:\/\/ronaldruseler.nl\/wp-tekst\/wp-content\/uploads\/2020\/03\/doosje.jpg 567w, https:\/\/ronaldruseler.nl\/wp-tekst\/wp-content\/uploads\/2020\/03\/doosje-300x269.jpg 300w\" sizes=\"auto, (max-width: 567px) 100vw, 567px\" \/><\/figure>\n\n\n\n<p style=\"font-size:10px\"><em>Carl Friedman &#8211; Gedichten, de Korenmaat 2020<\/em><\/p>\n\n\n\n<p><sub>Deze tekst schreef ik voor Nop Maas<\/sub><br><br><strong>In mei 1982 zag ik, in het Frans Halsmuseum te Haarlem, voor het eerst het werk van de Duitse schilder Felix Nussbaum, die in 1944 door de nazi\u2019s was vermoord in Auschwitz. De voorstellingen waren nogal macaber. Figuren in concentratiekampen, sombere zelfportretten en landschappen vol kale bomen. In dat jaar bereidde ik mijn eigen solo-expositie voor in hetzelfde museum.<\/strong><br>De schilderijen fascineerden mij meteen, omdat zij een periode in de geschiedenis markeerden die mij in die tijd erg bezighield. Het werk van Nussbaum had een soort verlatenheid vol visioenen en fatalistische, bijna apocalyptische verwijzingen. Bij Max Beckmann of Giorgio de Chirico, Carlo Carr\u00e0 en Mario Sironi speelden desolate voorstellingen eveneens een rol, alleen minder heftig.<\/p>\n\n\n\n<p><strong>Goethe spion of ontdekker<\/strong><br> In mijn academietijd had ik een intensieve studie gemaakt van alles wat met de Tweede Wereldoorlog te maken had. Ik interesseerde mij, naast kunst die naar de depots verbannen was, ook voor bunkerarchitectuur en werd daarbij ge\u00efnspireerd door de Duitse schrijver Johann Wolfgang Von Goethe die in zijn reisverslag naar Itali\u00eb (hij reisde van 1786 tot mei 1788 door het land) beschreef hoe hij in het plaatsje Malcesine aan het Garda Meer de ru\u00efne van een verwaarloosd stadsfort tekende. Door de bewoners werd hij achterdochtig benaderd en van spionage beschuldigd, omdat hij de oude verdedigingsmuur zat te tekenen. Voor Goethe was de landschappelijkheid en het oude fort aantrekkelijk, maar de bewoners zagen dat anders. Op de trappen van het stadhuis hield hij na een maaltijd met de burgemeester, een gloedvol betoog over het Klassieke Rome waar deze ru\u00efne een afspiegeling van was. Goethe bleek een kanteling in de perceptie van de bewoners van Malcesine te hebben bewerkstelligd, want verval kon opeens ook mooi zijn. \u2018Waren de bunkerru\u00efnes in de duinen niet van dezelfde orde?\u2019, vroeg ik mij af. <\/p>\n\n\n\n<figure class=\"wp-block-image size-large is-resized\"><img loading=\"lazy\" decoding=\"async\" width=\"567\" height=\"197\" src=\"http:\/\/ronaldruseler.nl\/wp-tekst\/wp-content\/uploads\/2020\/04\/Goethe_Malcesine-72.jpg\" alt=\"\" class=\"wp-image-2664\" style=\"width:538px;height:auto\" srcset=\"https:\/\/ronaldruseler.nl\/wp-tekst\/wp-content\/uploads\/2020\/04\/Goethe_Malcesine-72.jpg 567w, https:\/\/ronaldruseler.nl\/wp-tekst\/wp-content\/uploads\/2020\/04\/Goethe_Malcesine-72-300x104.jpg 300w\" sizes=\"auto, (max-width: 567px) 100vw, 567px\" \/><\/figure>\n\n\n\n<p style=\"font-size:10px\"><em>Johann Wolfgang Von Goethe \u2013 Malcesine<\/em><\/p>\n\n\n\n<p><strong>Bunkerarchitectuur<\/strong><br> In mijn vroege jeugd kampeerde ik met mijn ouders ieder jaar in een bunkerdorpje achter het eerste duin in de Kennemerduinen nabij Haarlem. Het was er primitief. Water haalde je bij een zwengelpomp en de ijzeren stapelbedden in de voormalige soldatenverblijven waren nog origineel, maar helder opgeschoond met verse zilververf. Voor een kind was het avontuurlijk spelen in die bebunkerde duinkom of op het strand waar je via een donkere tunnel kon komen. Deze jeugdherinneringen zetten mij in de vroege jaren zeventig aan tot nadenken over de historische gevolgen van de oorlogstijd, die toen het publieke discours breed en intensief domineerden. De historicus Loe de Jong publiceerde vanaf 1969 met grote regelmaat delen van <em>Het Koninkrijk der Nederlanden in de Tweede Wereldoorlog<\/em>, h\u00e8t standaardwerk over de bezettingsperiode, die ik alle geboeid gelezen heb. Ik reisde naar Normandi\u00eb om de slagvelden van D-Day te bezoeken, te fotograferen en te tekenen. Voor het bijvak Kunsthistorisch Schetsen sloot ik in 1975 mijn examen op de academie af met een studie over deze <em>Architecture of Aggression<\/em> uit de oorlog.  (1)<\/p>\n\n\n\n<figure class=\"wp-block-image size-large is-resized\"><img loading=\"lazy\" decoding=\"async\" width=\"567\" height=\"466\" src=\"http:\/\/ronaldruseler.nl\/wp-tekst\/wp-content\/uploads\/2020\/04\/Observatorium-1.jpg\" alt=\"\" class=\"wp-image-2663\" style=\"width:528px;height:auto\" srcset=\"https:\/\/ronaldruseler.nl\/wp-tekst\/wp-content\/uploads\/2020\/04\/Observatorium-1.jpg 567w, https:\/\/ronaldruseler.nl\/wp-tekst\/wp-content\/uploads\/2020\/04\/Observatorium-1-300x247.jpg 300w\" sizes=\"auto, (max-width: 567px) 100vw, 567px\" \/><\/figure>\n\n\n\n<p style=\"font-size:10px\"><em>Observatorium &#8211; 1976<br>aankoop Gemeente Haarlem<\/em><\/p>\n\n\n\n<p><strong>De mythische afstand<\/strong><br> In 1983 exposeerde ik mijn schilderijen in het Frans Halsmuseum. De keuze bestond uit grote, bijna abstracte doeken en een monumentaal veld van kleine schilderijtjes. Alle werken verwezen naar de mythische afstand &#8211; de afstand in tijd naar een beladen verleden, dat voor mij een mythisch begrip was geworden. Het niemandsland als raadsel, want historische gebeurtenissen kunnen weliswaar ver weg zijn, op sommige momenten komen zij tastbaar dichtbij. <br> Het waren sombere en dreigende doeken geworden, waar lange verfstreken in \u00e9\u00e9n vlak landschappen suggereerden. De kleine schilderijen met telkens terugkomende elementen, bepaalden eenzelfde sfeer en spanning. Alle schilderijen gingen over hetzelfde onderwerp, vertelden \u00e9\u00e9n verhaal en waren vanuit dezelfde mentaliteit geschilderd. Mijn schilderhelden waren Bacon, Van Velde, De Kooning en Rothko. In die mix van verfgebruik en intentie kregen mijn opvattingen vorm.<br> Ik kreeg er bij collega\u2019s niet alle handen voor op elkaar, omdat het niet <em>serieel<\/em> of <em>formeel<\/em> genoeg was. Ik vond (en dat vind ik nog steeds) dat mijn werk iets te zeggen hoorde te hebben en vanuit een maatschappelijk betrokken levenshouding gemaakt moest zijn. Ik zag kunst niet als <em>l\u2019art pour l\u2019art<\/em>, maar als intermediair tussen de maker en de buitenwereld. Voor mij is kunst altijd leven geweest. De twee tentoonstellingen sloten als het ware op elkaar aan, maar vervluchtigden gaandeweg.<\/p>\n\n\n\n<figure class=\"wp-block-image size-large is-resized\"><img loading=\"lazy\" decoding=\"async\" width=\"567\" height=\"249\" src=\"http:\/\/ronaldruseler.nl\/wp-tekst\/wp-content\/uploads\/2020\/04\/Vleeshal-1983.jpg\" alt=\"\" class=\"wp-image-2665\" style=\"width:547px;height:auto\" srcset=\"https:\/\/ronaldruseler.nl\/wp-tekst\/wp-content\/uploads\/2020\/04\/Vleeshal-1983.jpg 567w, https:\/\/ronaldruseler.nl\/wp-tekst\/wp-content\/uploads\/2020\/04\/Vleeshal-1983-300x132.jpg 300w\" sizes=\"auto, (max-width: 567px) 100vw, 567px\" \/><\/figure>\n\n\n\n<p style=\"font-size:10px\"><em>Ronald Ruseler, Frans Halsmuseum Haarlem 1983<\/em><\/p>\n\n\n\n<p><strong>Het nooit eindigend Arcadi\u00eb<\/strong><br> Mijn reizen werden een voedingsbron voor mijn denken en ik bezocht veel tentoonstellingen, musea, steden en gebieden die ieder hun eigen lokroep hadden. Dat betekende veel voor mij. Zo werd er rond 1987 en 1988 in de Staatliche Kunsthalle Baden-Baden een poging ondernomen om met een reeks exposities opnieuw belangstelling te wekken voor de kunst van Carlo Carr\u00e0 &amp; Mario Sironi. Hun kunst heeft iets melancholisch en gloeit mediterraan. Van Carr\u00e0 bewonderde ik vooral zijn tekeningen en de landschappen van verloren oorden. Kale landschappen met \u00e9\u00e9n huis of een kale boom. Sironi, niet van smetten vrij, werkte afstandelijker en niet-moralistisch. Net als Giorgio de Chirico waren deze kunstenaars <em>in gesprek met Giotto . <\/em>(2)<br> Mijn reizen door Latijns-Amerika verbond voor mij hun schilderkunst met die van zuidelijk Amerikaanse kunst. Daar maakte ik kennis met de authentieke opvattingen van Diego Rivera en andere <em>muralistas<\/em> over sociale rechtvaardigheid, zoals Jos\u00e9 Orozco en Rufino Tamayo. Frida Kahlo of Tarsila do Amaral vonden hun inspiratie in de traditionele volkskunst en in samenhang met de literatuur van de grote schrijvers als Gabriel Garc\u00eda M\u00e1rquez, Mario Vargas Llosa of Jo\u00e3o Guimar\u00e3es Rosa was hun kunst voor mij een nooit eindigend Arcadi\u00eb. <\/p>\n\n\n\n<figure class=\"wp-block-image size-large is-resized\"><img loading=\"lazy\" decoding=\"async\" width=\"567\" height=\"414\" src=\"http:\/\/ronaldruseler.nl\/wp-tekst\/wp-content\/uploads\/2020\/04\/RoMa-Mex-1.jpg\" alt=\"\" class=\"wp-image-2752\" style=\"width:538px;height:auto\" srcset=\"https:\/\/ronaldruseler.nl\/wp-tekst\/wp-content\/uploads\/2020\/04\/RoMa-Mex-1.jpg 567w, https:\/\/ronaldruseler.nl\/wp-tekst\/wp-content\/uploads\/2020\/04\/RoMa-Mex-1-300x219.jpg 300w\" sizes=\"auto, (max-width: 567px) 100vw, 567px\" \/><\/figure>\n\n\n\n<p style=\"font-size:10px\"><em>Het Blauwe Huis, geboortehuis Frida Kahlo &#8211; Hier woonde zij later ook met Diego Rivera<\/em><\/p>\n\n\n\n<p><strong>Op de vlucht<\/strong><br> Het werk van Felix Nussbaum kreeg een plaats in mijn imaginaire kunstverzameling. Hij kwam bij mij weer in beeld door de biografie van Mark Schaevers, <em>Orgelman: Felix Nussbaum, een schildersleven.<\/em> In dat boek las ik dat de expositie van 1982 in Haarlem het eerste overzicht was na de oorlog. Door de onderduik van Nussbaum in Frankrijk en Belgi\u00eb waren zijn schilderijen zoekgeraakt. Later werden ze met erg veel moeite godzijdank bij stukje en beetje weer opgeduikeld. Een wonder. Mijn ontmoeting met zijn schilderijen in het Frans Halsmuseum is dat achteraf gezien ook geweest. <br> Schaevers beschrijft in zijn boek hoe Nussbaum als getalenteerd kunstenaar in Berlijn zijn carri\u00e8re met succes aanving. Hij won in 1932 een Pruisische Staatsprijs, waardoor hij in Rome mocht werken. Een beetje tot zijn verdriet, want niet in Rome sloegen de kunstvonken over maar in Parijs moest je wezen. In de Deutsche Akademie Rom Villa Massimo werd hij de buurman van Hitler\u2019s latere favoriet, de beeldhouwer Arno Breker, die de prijs eveneens gewonnen had. Zij hadden collegiaal contact met elkaar tot het moment waarop Hitler in 1933 de macht greep. Nussbaum werd als <em>entartet<\/em> verbannen uit de Duitse kunst en vluchtte als Joodse exilkunstenaar naar Frankrijk. Tijdens de mobilisatie werd Nussbaum vanuit Belgi\u00eb naar Zuid-Frankrijk gedeporteerd en opgesloten in een vluchtelingenkamp te Saint Cyprien. Nadat het hem lukte vrij te komen en naar Belgi\u00eb terug vluchtte, heeft hij over die detentie aangrijpende schilderijen gemaakt. Bij de eerste deportaties dook hij in 1942 onder. <\/p>\n\n\n\n<figure class=\"wp-block-image size-large is-resized\"><img loading=\"lazy\" decoding=\"async\" width=\"567\" height=\"378\" src=\"http:\/\/ronaldruseler.nl\/wp-tekst\/wp-content\/uploads\/2020\/04\/FN-Jude-1.jpg\" alt=\"\" class=\"wp-image-2667\" style=\"width:519px;height:auto\" srcset=\"https:\/\/ronaldruseler.nl\/wp-tekst\/wp-content\/uploads\/2020\/04\/FN-Jude-1.jpg 567w, https:\/\/ronaldruseler.nl\/wp-tekst\/wp-content\/uploads\/2020\/04\/FN-Jude-1-300x200.jpg 300w\" sizes=\"auto, (max-width: 567px) 100vw, 567px\" \/><\/figure>\n\n\n\n<p style=\"font-size:10px\"><em>Selbstbildnis mit Judenpa\u00df von Felix Nu\u00dfbaum &#8211; 1943<\/em><\/p>\n\n\n\n<p><strong>Perspectief zonder verdwijnpunt<\/strong>   <br> Vlak na de <em>Wende<\/em> had ik in 1991 voor een tentoonstelling mijn <em>Maand- Reiskoffer<\/em> (1990) voor de kleibak van Arno Breker in de Galerie am Pariser Platz te Berlijn geplaatst en nu las ik over Nussbaum in Haarlem, Belgi\u00eb en Berlijn. Het duizelde mij. Plotseling kwamen allerlei verhaallijnen als perspectiefbeelden zonder verdwijnpunt bij elkaar.  <\/p>\n\n\n\n<figure class=\"wp-block-image size-large is-resized\"><img loading=\"lazy\" decoding=\"async\" width=\"600\" height=\"632\" src=\"http:\/\/ronaldruseler.nl\/wp-tekst\/wp-content\/uploads\/2020\/04\/Maandkoffer-1.jpg\" alt=\"\" class=\"wp-image-2668\" style=\"width:546px;height:auto\" srcset=\"https:\/\/ronaldruseler.nl\/wp-tekst\/wp-content\/uploads\/2020\/04\/Maandkoffer-1.jpg 600w, https:\/\/ronaldruseler.nl\/wp-tekst\/wp-content\/uploads\/2020\/04\/Maandkoffer-1-285x300.jpg 285w\" sizes=\"auto, (max-width: 600px) 100vw, 600px\" \/><\/figure>\n\n\n\n<p style=\"font-size:10px\"><em>&#8216;Maand&#8217;, 1990<br>28 schilderijen in koffer ( Akademie der K\u00fcnste, Berlijn 1991)<\/em><\/p>\n\n\n\n<p> Felix Nussbaum kreeg een plaats in mijn werk na een bezoek aan Het Felix-Nussbaum-Haus in de Duitse stad Osnabr\u00fcck waar hij is geboren. Vier bomen uit zijn schilderijen zijn een eigen leven gaan leiden in mijn recente schilderijen en als geknotte gestalten spelen zij een rol naast de gesamplede bomen van Beckmann, Carr\u00e0 en Sironi die ik eerder kon gebruiken. De cyclus <em>Heenreis ohne Heimkehr<\/em> is ondertussen min of meer afgesloten, maar de bomen leefden op toen ik gevraagd werd een bijdrage te leveren aan een speciale uitgave met gedichten van Carl Friedman. <br> Ik maakte voor iedere titelpagina van de vier bundeltjes met gedichten een tekening met een Nussbaumboom, die ik <em>Gewonde Boom Gewond<\/em> noemde. Friedman dichtte over haar vader die getraumatiseerd terugkeerde uit een concentratiekamp, over vernietigingskampen en ook elegische gedichten over haar echtgenoot en haar zoon. De gedichten en bomen kwamen samen als een poging de mythische afstand te overbruggen en boden enige troost als echo\u2019s van een levend verleden. De kunst van Felix Nussbaum heeft daarmee definitief een plaats in mijn pantheon van beelden gekregen.<\/p>\n\n\n\n<p>Haarlem, maart 2020<\/p>\n\n\n\n<figure class=\"wp-block-image size-large is-resized\"><img loading=\"lazy\" decoding=\"async\" width=\"567\" height=\"566\" src=\"http:\/\/ronaldruseler.nl\/wp-tekst\/wp-content\/uploads\/2020\/03\/5-paginas-72.jpg\" alt=\"\" class=\"wp-image-2546\" style=\"width:524px;height:auto\" srcset=\"https:\/\/ronaldruseler.nl\/wp-tekst\/wp-content\/uploads\/2020\/03\/5-paginas-72.jpg 567w, https:\/\/ronaldruseler.nl\/wp-tekst\/wp-content\/uploads\/2020\/03\/5-paginas-72-300x300.jpg 300w, https:\/\/ronaldruseler.nl\/wp-tekst\/wp-content\/uploads\/2020\/03\/5-paginas-72-150x150.jpg 150w, https:\/\/ronaldruseler.nl\/wp-tekst\/wp-content\/uploads\/2020\/03\/5-paginas-72-176x176.jpg 176w, https:\/\/ronaldruseler.nl\/wp-tekst\/wp-content\/uploads\/2020\/03\/5-paginas-72-60x60.jpg 60w\" sizes=\"auto, (max-width: 567px) 100vw, 567px\" \/><\/figure>\n\n\n\n<p style=\"font-size:10px\"><em>Gewonde Bomen Gewond &#8211; 2020<\/em> \/ 3<\/p>\n\n\n\n<p>publicatie in TH.eVERYthing #4 Cees Krijnen 2020<\/p>\n\n\n\n<p class=\"has-small-font-size\">Noten;<br>1<br>O.a. Architecture of Aggression: Military architecture of two world wars door Keith Mallory and Arvid Ottar uit 1973. <br>In 1975 bezocht ik Mus\u00e9e des Arts D\u00e9coratifs in Parijs de expositie BUNKER ARCH\u00c9OLOGIE van Paul Virilio | ronaldruseler.nl\/wp-tekst\/architectures-derisoires\/<br>2<br>&nbsp;Parlata su Giotto &#8211; Carlo Carr\u00e0 (1916) <br>3<br>met dank aan Nop Maas &#8211; de Korenmaat<br><br>Geraadpleegde bronnen;<br>&#8211; Ronald Ruseler, Mabel Hoogendonk\u2013 catalogus, Frans Halsmuseum, Haarlem &#8211; 1983 <br>&#8211; Reisdagboeken Margreet Bouman en Ronald Ruseler<br>&#8211; Ronald Ruseler, In Berlijn &#8211; ronaldruseler.nl\/wp-tekst\/in-berlijn\/ &#8211; maart 2016<br>&#8211; Carr\u00e0, Staatliche Kunsthalle Baden-Baden &#8211; 1987 <br>&#8211; Carlo Carr\u00e0, Zeichnungen von 1908 bis 1920 Galerie Brusberg Berlin \u2013 1987<br>&#8211; De Chirico, Centre Georges Pompidou Paris \u2013 1983<br>&#8211; Mario Sironi, Staatliche Kunsthalle Baden-Baden &#8211; 1988<br>&#8211; Mark Schaevers, Orgelman: Felix Nussbaum, een schildersleven, De Bezige Bij &#8211; 2014<br>&#8211; Carl Friedman &#8211; Gedichten, de Korenmaat &#8211; 2020, www.hofvanjan.nl<\/p>\n","protected":false},"excerpt":{"rendered":"<p>Carl Friedman &#8211; Gedichten, de Korenmaat 2020 Deze tekst schreef ik voor Nop Maas In mei 1982 zag ik, in het Frans Halsmuseum te Haarlem, voor het eerst het werk van de Duitse schilder Felix Nussbaum, die in 1944 door de nazi\u2019s was vermoord in Auschwitz. De voorstellingen waren nogal macaber. Figuren in concentratiekampen, sombere zelfportretten en landschappen vol kale&#8230; <a href=\"https:\/\/ronaldruseler.nl\/wp-tekst\/en-ook-felix-nussbaum\/\">Read more &raquo;<\/a><\/p>\n","protected":false},"author":1,"featured_media":0,"parent":0,"menu_order":0,"comment_status":"closed","ping_status":"closed","template":"","meta":{"footnotes":""},"class_list":["post-2540","page","type-page","status-publish","hentry"],"_links":{"self":[{"href":"https:\/\/ronaldruseler.nl\/wp-tekst\/wp-json\/wp\/v2\/pages\/2540","targetHints":{"allow":["GET"]}}],"collection":[{"href":"https:\/\/ronaldruseler.nl\/wp-tekst\/wp-json\/wp\/v2\/pages"}],"about":[{"href":"https:\/\/ronaldruseler.nl\/wp-tekst\/wp-json\/wp\/v2\/types\/page"}],"author":[{"embeddable":true,"href":"https:\/\/ronaldruseler.nl\/wp-tekst\/wp-json\/wp\/v2\/users\/1"}],"replies":[{"embeddable":true,"href":"https:\/\/ronaldruseler.nl\/wp-tekst\/wp-json\/wp\/v2\/comments?post=2540"}],"version-history":[{"count":23,"href":"https:\/\/ronaldruseler.nl\/wp-tekst\/wp-json\/wp\/v2\/pages\/2540\/revisions"}],"predecessor-version":[{"id":7440,"href":"https:\/\/ronaldruseler.nl\/wp-tekst\/wp-json\/wp\/v2\/pages\/2540\/revisions\/7440"}],"wp:attachment":[{"href":"https:\/\/ronaldruseler.nl\/wp-tekst\/wp-json\/wp\/v2\/media?parent=2540"}],"curies":[{"name":"wp","href":"https:\/\/api.w.org\/{rel}","templated":true}]}}